{"id":421695,"date":"2025-08-07T14:12:05","date_gmt":"2025-08-07T12:12:05","guid":{"rendered":"https:\/\/chezsmoke.ch\/produit\/bd-vape-rayden-100-v2\/"},"modified":"2026-04-04T22:15:34","modified_gmt":"2026-04-04T20:15:34","slug":"bd-vape-rayden-100-v2","status":"publish","type":"product","link":"https:\/\/chezsmoke.ch\/de\/produit\/bd-vape-rayden-100-v2\/","title":{"rendered":"BD Vape Rayden 100 V2"},"content":{"rendered":"<h3 data-start=\"200\" data-end=\"237\"><strong data-start=\"204\" data-end=\"235\">MOD Rayden 100 V2 &#8211; BD Vape<\/strong><\/h3>\n<p data-start=\"238\" data-end=\"359\">\ud83d\udd25  <strong data-start=\"241\" data-end=\"276\">Kompakt. Leistungsstark. Ergonomisch.  <\/strong>  Drei Worte, die dieses Leistungskonzentrat von BD Vape perfekt zusammenfassen.<\/p>\n<p data-start=\"361\" data-end=\"644\">Der Rayden 100 V2 ist aus einer <strong data-start=\"375\" data-end=\"394\">robusten Legierung<\/strong> gefertigt und <strong data-start=\"406\" data-end=\"431\">vorbildlich verarbeitet<\/strong>. Er vereint Design und Haltbarkeit. Er liegt perfekt in der Hand, vermittelt schon beim ersten Griff ein Gef\u00fchl von Solidit\u00e4t und ist ein Muss f\u00fcr anspruchsvolle Dampfer. \ud83d\udcaa<\/p>\n<h3 data-start=\"651\" data-end=\"703\"><a href=\"https:\/\/chezsmoke.ch\/wp-content\/uploads\/2025\/08\/Rayden-Compact-300x87.jpg\"><img loading=\"lazy\" decoding=\"async\" class=\"alignnone size-medium wp-image-421752\" src=\"https:\/\/chezsmoke.ch\/wp-content\/uploads\/2025\/08\/Rayden-Compact-300x87.jpg\" alt=\"Rayden Compact\" width=\"300\" height=\"87\" srcset=\"https:\/\/chezsmoke.ch\/wp-content\/uploads\/2025\/08\/Rayden-Compact-300x87.jpg 300w, https:\/\/chezsmoke.ch\/wp-content\/uploads\/2025\/08\/Rayden-Compact-1024x296.jpg 1024w, https:\/\/chezsmoke.ch\/wp-content\/uploads\/2025\/08\/Rayden-Compact-768x222.jpg 768w, https:\/\/chezsmoke.ch\/wp-content\/uploads\/2025\/08\/Rayden-Compact-60x17.jpg 60w, https:\/\/chezsmoke.ch\/wp-content\/uploads\/2025\/08\/Rayden-Compact-1536x445.jpg 1536w, https:\/\/chezsmoke.ch\/wp-content\/uploads\/2025\/08\/Rayden-Compact-600x174.jpg 600w, https:\/\/chezsmoke.ch\/wp-content\/uploads\/2025\/08\/Rayden-Compact-150x43.jpg 150w, https:\/\/chezsmoke.ch\/wp-content\/uploads\/2025\/08\/Rayden-Compact-96x28.jpg 96w, https:\/\/chezsmoke.ch\/wp-content\/uploads\/2025\/08\/Rayden-Compact-42x12.jpg 42w, https:\/\/chezsmoke.ch\/wp-content\/uploads\/2025\/08\/Rayden-Compact.jpg 1900w\" sizes=\"auto, (max-width: 300px) 100vw, 300px\" \/><\/a><\/h3>\n<h3 data-start=\"651\" data-end=\"703\">\u2699\ufe0f <strong data-start=\"658\" data-end=\"703\">Verbesserte Technologie, verbesserte Erfahrung<\/strong><\/h3>\n<p data-start=\"705\" data-end=\"1003\">Das Herzst\u00fcck dieses Mods ist der <strong data-start=\"728\" data-end=\"760\">neue XT ULTRA 1.3 Chipsatz<\/strong>, der 20 % schneller als die vorherige Version ist \u26a1! Ein sp\u00fcrbarer Geschwindigkeitszuwachs, der sich schon beim ersten Puff bemerkbar macht. Dieser anpassbare Chipsatz zeigt seine Informationen auf einem <strong data-start=\"927\" data-end=\"952\">farbigen OLED-Bildschirm<\/strong> an und sorgt so f\u00fcr eine ebenso \u00e4sthetische wie intuitive Benutzeroberfl\u00e4che.  <\/p>\n<h3 data-start=\"1010\" data-end=\"1057\">\ud83d\udd0b <strong data-start=\"1017\" data-end=\"1057\">Autonomie und Sicherheit auf den Punkt gebracht<\/strong><\/h3>\n<p data-start=\"1059\" data-end=\"1288\">Der Rayden V2 kann mit einem <strong data-start=\"1091\" data-end=\"1114\">18650 oder 21700<\/strong> (21700 enthalten) <strong data-start=\"1091\" data-end=\"1114\">Akku<\/strong> betrieben werden, der eine Leistung von bis zu <strong data-start=\"1163\" data-end=\"1171\">100 Watt<\/strong> liefert. Mit dem neuen <strong data-start=\"1184\" data-end=\"1207\">Ein\/Aus-Schalter<\/strong> k\u00f6nnen Sie den Mod mit einem Klick ein- und ausschalten &#8211; einfach, effizient, sicher. \u2705 <\/p>\n<p data-start=\"1290\" data-end=\"1480\">Die <strong data-start=\"1308\" data-end=\"1334\">neue Akkuklappe<\/strong> wurde v\u00f6llig neu gestaltet, um <strong data-start=\"1367\" data-end=\"1425\">das Risiko von \u00dcberhitzung und Kurzschl\u00fcssen zu eliminieren<\/strong>.<\/p>\n<h3 data-start=\"1487\" data-end=\"1544\"><a href=\"https:\/\/chezsmoke.ch\/wp-content\/uploads\/2025\/08\/Rayden-Batterie-300x297.jpg\"><img loading=\"lazy\" decoding=\"async\" class=\"alignnone size-medium wp-image-421739\" src=\"https:\/\/chezsmoke.ch\/wp-content\/uploads\/2025\/08\/Rayden-Batterie-300x297.jpg\" alt=\"Rayden Schlagzeug\" width=\"300\" height=\"297\" srcset=\"https:\/\/chezsmoke.ch\/wp-content\/uploads\/2025\/08\/Rayden-Batterie-300x297.jpg 300w, https:\/\/chezsmoke.ch\/wp-content\/uploads\/2025\/08\/Rayden-Batterie-1024x1013.jpg 1024w, https:\/\/chezsmoke.ch\/wp-content\/uploads\/2025\/08\/Rayden-Batterie-150x148.jpg 150w, https:\/\/chezsmoke.ch\/wp-content\/uploads\/2025\/08\/Rayden-Batterie-768x759.jpg 768w, https:\/\/chezsmoke.ch\/wp-content\/uploads\/2025\/08\/Rayden-Batterie-60x60.jpg 60w, https:\/\/chezsmoke.ch\/wp-content\/uploads\/2025\/08\/Rayden-Batterie-600x593.jpg 600w, https:\/\/chezsmoke.ch\/wp-content\/uploads\/2025\/08\/Rayden-Batterie-96x96.jpg 96w, https:\/\/chezsmoke.ch\/wp-content\/uploads\/2025\/08\/Rayden-Batterie-42x42.jpg 42w, https:\/\/chezsmoke.ch\/wp-content\/uploads\/2025\/08\/Rayden-Batterie.jpg 1170w\" sizes=\"auto, (max-width: 300px) 100vw, 300px\" \/><\/a><\/h3>\n<h3 data-start=\"1487\" data-end=\"1544\">\ud83d\udee1\ufe0f <strong data-start=\"1495\" data-end=\"1544\">Hochwertige Verarbeitung, auf Dauer angelegt<\/strong><\/h3>\n<p data-start=\"1546\" data-end=\"1787\">BD Vape setzt auf eine <strong data-start=\"1566\" data-end=\"1593\">kratzfeste Beschichtung<\/strong>, um den Glanz des Rayden V2 im Laufe der Zeit zu erhalten. Die <strong data-start=\"1649\" data-end=\"1681\">Kn\u00f6pfe wurden \u00fcberarbeitet<\/strong>, um eine <strong data-start=\"1691\" data-end=\"1727\">bessere Ber\u00fchrungsempfindlichkeit<\/strong> zu erreichen, wodurch jede Interaktion fl\u00fcssiger und nat\u00fcrlicher wird. \ud83c\udfaf <\/p>\n<h3 data-start=\"1794\" data-end=\"1833\">\u2728 <strong data-start=\"1800\" data-end=\"1831\">MOD Rayden 100 V2 &#8211; BD Vape<\/strong><\/h3>\n<p data-start=\"1834\" data-end=\"1906\"><strong data-start=\"1834\" data-end=\"1906\">Eine neue Version. Eine neue Anforderung. Eine neue Referenz.  <\/strong><\/p>\n<p data-start=\"1834\" data-end=\"1906\"><a href=\"https:\/\/chezsmoke.ch\/wp-content\/uploads\/2025\/08\/Rayden-Resume-300x215.jpg\"><img loading=\"lazy\" decoding=\"async\" class=\"alignnone size-medium wp-image-421747\" src=\"https:\/\/chezsmoke.ch\/wp-content\/uploads\/2025\/08\/Rayden-Resume-300x215.jpg\" alt=\"Rayden Zusammenfassung\" width=\"300\" height=\"215\" srcset=\"https:\/\/chezsmoke.ch\/wp-content\/uploads\/2025\/08\/Rayden-Resume-300x215.jpg 300w, https:\/\/chezsmoke.ch\/wp-content\/uploads\/2025\/08\/Rayden-Resume-1024x733.jpg 1024w, https:\/\/chezsmoke.ch\/wp-content\/uploads\/2025\/08\/Rayden-Resume-768x549.jpg 768w, https:\/\/chezsmoke.ch\/wp-content\/uploads\/2025\/08\/Rayden-Resume-60x43.jpg 60w, https:\/\/chezsmoke.ch\/wp-content\/uploads\/2025\/08\/Rayden-Resume-600x429.jpg 600w, https:\/\/chezsmoke.ch\/wp-content\/uploads\/2025\/08\/Rayden-Resume-150x107.jpg 150w, https:\/\/chezsmoke.ch\/wp-content\/uploads\/2025\/08\/Rayden-Resume-96x69.jpg 96w, https:\/\/chezsmoke.ch\/wp-content\/uploads\/2025\/08\/Rayden-Resume-42x30.jpg 42w, https:\/\/chezsmoke.ch\/wp-content\/uploads\/2025\/08\/Rayden-Resume.jpg 1170w\" sizes=\"auto, (max-width: 300px) 100vw, 300px\" \/><\/a><\/p>\n","protected":false},"excerpt":{"rendered":"<p data-start=\"1794\" data-end=\"1833\">\u2728 MOD Rayden 100 V2 &#8211; BD Vape<\/p>\n<p data-start=\"1834\" data-end=\"1906\">Eine neue Version. Eine neue Anforderung. Eine neue Referenz.  <\/p>\n","protected":false},"featured_media":421728,"comment_status":"closed","ping_status":"closed","template":"","meta":{"_acf_changed":false},"product_brand":[],"product_cat":[705,692],"product_tag":[],"class_list":{"0":"post-421695","1":"product","2":"type-product","3":"status-publish","4":"has-post-thumbnail","6":"product_cat-box-de","7":"product_cat-elektronische-zigaretten","8":"pa_couleur-black-de","9":"pa_couleur-rainbow-de","10":"pa_couleur-silver-de","12":"first","13":"instock","14":"taxable","15":"shipping-taxable","16":"purchasable","17":"product-type-variable"},"bundled_by":[],"bundle_stock_status":"instock","bundle_stock_quantity":null,"bundle_virtual":false,"bundle_layout":"","bundle_add_to_cart_form_location":"","bundle_editable_in_cart":false,"bundle_sold_individually_context":"","bundle_item_grouping":"","bundle_min_size":"","bundle_max_size":"","bundle_price":[],"bundled_items":[],"bundle_sell_ids":[],"acf":[],"_links":{"self":[{"href":"https:\/\/chezsmoke.ch\/de\/wp-json\/wp\/v2\/product\/421695","targetHints":{"allow":["GET"]}}],"collection":[{"href":"https:\/\/chezsmoke.ch\/de\/wp-json\/wp\/v2\/product"}],"about":[{"href":"https:\/\/chezsmoke.ch\/de\/wp-json\/wp\/v2\/types\/product"}],"replies":[{"embeddable":true,"href":"https:\/\/chezsmoke.ch\/de\/wp-json\/wp\/v2\/comments?post=421695"}],"wp:featuredmedia":[{"embeddable":true,"href":"https:\/\/chezsmoke.ch\/de\/wp-json\/wp\/v2\/media\/421728"}],"wp:attachment":[{"href":"https:\/\/chezsmoke.ch\/de\/wp-json\/wp\/v2\/media?parent=421695"}],"wp:term":[{"taxonomy":"product_brand","embeddable":true,"href":"https:\/\/chezsmoke.ch\/de\/wp-json\/wp\/v2\/product_brand?post=421695"},{"taxonomy":"product_cat","embeddable":true,"href":"https:\/\/chezsmoke.ch\/de\/wp-json\/wp\/v2\/product_cat?post=421695"},{"taxonomy":"product_tag","embeddable":true,"href":"https:\/\/chezsmoke.ch\/de\/wp-json\/wp\/v2\/product_tag?post=421695"}],"curies":[{"name":"wp","href":"https:\/\/api.w.org\/{rel}","templated":true}]}}