{"id":423131,"date":"2025-08-13T11:36:09","date_gmt":"2025-08-13T09:36:09","guid":{"rendered":"https:\/\/chezsmoke.ch\/produit\/aspire-magnum-e-shisha-kit\/"},"modified":"2025-08-14T09:49:44","modified_gmt":"2025-08-14T07:49:44","slug":"aspire-magnum-e-shisha-kit","status":"publish","type":"product","link":"https:\/\/chezsmoke.ch\/de\/produit\/aspire-magnum-e-shisha-kit\/","title":{"rendered":"Aspire Magnum E-Shisha"},"content":{"rendered":"<h4 data-start=\"210\" data-end=\"258\">\ud83d\ude0d Eine e-chicha Erfahrung made in Aspire<\/h4>\n<p data-start=\"259\" data-end=\"649\">M\u00f6chten Sie den vollen Dampf und die kr\u00e4ftigen Aromen genie\u00dfen, ohne sich um alles k\u00fcmmern zu m\u00fcssen? Dann ist das <strong data-start=\"359\" data-end=\"380\">Magnum Aspire Kit<\/strong> genau das Richtige f\u00fcr Sie!<br data-start=\"401\" data-end=\"404\">Diese <strong data-start=\"410\" data-end=\"435\">ultra-einfache E-Chicha<\/strong> wurde entwickelt, um Sie mit einem <strong data-start=\"474\" data-end=\"506\">schmackhaften und reichhaltigen Dampf<\/strong> zu verw\u00f6hnen, ohne komplizierte Einstellungen.<br data-start=\"532\" data-end=\"535\">\u2705 <strong data-start=\"537\" data-end=\"557\">Vollautomatik<\/strong>, \u2705 Kartuschen mit eingebauten Widerst\u00e4nden, \u2705 stilvolles Design&#8230; Kurz gesagt, alles f\u00fcr ein maximales Vergn\u00fcgen \ud83c\udf89. <\/p>\n<h3 data-start=\"656\" data-end=\"698\"><a href=\"https:\/\/chezsmoke.ch\/wp-content\/uploads\/2025\/08\/Aspire-Magnum-1-300x160.jpg\"><img loading=\"lazy\" decoding=\"async\" class=\"alignnone size-medium wp-image-423276\" src=\"https:\/\/chezsmoke.ch\/wp-content\/uploads\/2025\/08\/Aspire-Magnum-1-300x160.jpg\" alt=\"\" width=\"300\" height=\"160\" srcset=\"https:\/\/chezsmoke.ch\/wp-content\/uploads\/2025\/08\/Aspire-Magnum-1-300x160.jpg 300w, https:\/\/chezsmoke.ch\/wp-content\/uploads\/2025\/08\/Aspire-Magnum-1-60x32.jpg 60w, https:\/\/chezsmoke.ch\/wp-content\/uploads\/2025\/08\/Aspire-Magnum-1-600x320.jpg 600w, https:\/\/chezsmoke.ch\/wp-content\/uploads\/2025\/08\/Aspire-Magnum-1-150x80.jpg 150w, https:\/\/chezsmoke.ch\/wp-content\/uploads\/2025\/08\/Aspire-Magnum-1-96x51.jpg 96w, https:\/\/chezsmoke.ch\/wp-content\/uploads\/2025\/08\/Aspire-Magnum-1-42x22.jpg 42w, https:\/\/chezsmoke.ch\/wp-content\/uploads\/2025\/08\/Aspire-Magnum-1.jpg 750w\" sizes=\"auto, (max-width: 300px) 100vw, 300px\" \/><\/a><\/h3>\n<h3 data-start=\"656\" data-end=\"698\">\ud83d\udd27 <strong data-start=\"663\" data-end=\"698\">Praktisches &amp; durchdachtes Design<\/strong><\/h3>\n<p data-start=\"700\" data-end=\"1150\">Der <strong data-start=\"703\" data-end=\"722\">Magnum von Aspire<\/strong> steht f\u00fcr <strong data-start=\"733\" data-end=\"756\">Stil und Komfort<\/strong>:<br data-start=\"758\" data-end=\"761\">\ud83d\udccf Abmessungen: <strong data-start=\"777\" data-end=\"801\">148,5 x 34 x 34,6 mm<\/strong> &#8211; liegt perfekt in der Hand!<br data-start=\"832\" data-end=\"835\">\ud83d\udce6 <strong data-start=\"838\" data-end=\"869\">Ergonomische R\u00f6hrenform<\/strong> f\u00fcr einen nat\u00fcrlichen Griff \ud83e\udd32<br data-start=\"905\" data-end=\"908\">\ud83d\udc40 Kleines <strong data-start=\"918\" data-end=\"941\">Kontrollfenster<\/strong> zur einfachen \u00dcberwachung des Liquidstandes.<br data-start=\"991\" data-end=\"994\">\ud83c\udfa8 Und was ist mit dem Aussehen? <strong data-start=\"1016\" data-end=\"1037\">Originelle Farben<\/strong>, die sich von der Masse abheben und f\u00fcr jede Menge Spa\u00df sorgen \ud83d\ude0e (aber immer noch keine &#8222;Tom Selleck&#8220;-Version, schade! \ud83d\ude09). <\/p>\n<p data-start=\"1152\" data-end=\"1324\">\ud83d\udca1 Bonus: <strong data-start=\"1167\" data-end=\"1183\">stilvolle LEDs<\/strong>, die auch als Batterieanzeige dienen. Keine Lust zu leuchten? Mit dem <strong data-start=\"1254\" data-end=\"1279\">Netzschalter<\/strong> unter der Batterie k\u00f6nnen sie ausgeschaltet werden \ud83d\udd0c.  <\/p>\n<h3 data-start=\"1331\" data-end=\"1383\"><a href=\"https:\/\/chezsmoke.ch\/wp-content\/uploads\/2025\/08\/Aspire-Magnum-LED-Batterie-300x160.jpg\"><img loading=\"lazy\" decoding=\"async\" class=\"alignnone size-medium wp-image-423285\" src=\"https:\/\/chezsmoke.ch\/wp-content\/uploads\/2025\/08\/Aspire-Magnum-LED-Batterie-300x160.jpg\" alt=\"\" width=\"300\" height=\"160\" srcset=\"https:\/\/chezsmoke.ch\/wp-content\/uploads\/2025\/08\/Aspire-Magnum-LED-Batterie-300x160.jpg 300w, https:\/\/chezsmoke.ch\/wp-content\/uploads\/2025\/08\/Aspire-Magnum-LED-Batterie-60x32.jpg 60w, https:\/\/chezsmoke.ch\/wp-content\/uploads\/2025\/08\/Aspire-Magnum-LED-Batterie-600x320.jpg 600w, https:\/\/chezsmoke.ch\/wp-content\/uploads\/2025\/08\/Aspire-Magnum-LED-Batterie-150x80.jpg 150w, https:\/\/chezsmoke.ch\/wp-content\/uploads\/2025\/08\/Aspire-Magnum-LED-Batterie-96x51.jpg 96w, https:\/\/chezsmoke.ch\/wp-content\/uploads\/2025\/08\/Aspire-Magnum-LED-Batterie-42x22.jpg 42w, https:\/\/chezsmoke.ch\/wp-content\/uploads\/2025\/08\/Aspire-Magnum-LED-Batterie.jpg 750w\" sizes=\"auto, (max-width: 300px) 100vw, 300px\" \/><\/a><\/h3>\n<h3 data-start=\"1331\" data-end=\"1383\">\ud83e\udd2f <strong data-start=\"1338\" data-end=\"1383\">Einfach zu bedienen, auch mit geschlossenen Augen!<\/strong><\/h3>\n<p data-start=\"1385\" data-end=\"1654\">Schluss mit komplizierten Einstellungen und Handb\u00fcchern in 12 Sprachen \ud83d\ude35\u200d\ud83d\udcab<br data-start=\"1448\" data-end=\"1451\">Der Magnum ist <strong data-start=\"1471\" data-end=\"1486\">Plug &amp; Vape<\/strong>:<br data-start=\"1488\" data-end=\"1491\">\ud83e\udde0 Kein Knopf \ud83d\udd18<br data-start=\"1510\" data-end=\"1513\">\ud83d\udeab Keine Einstellungen<br data-start=\"1529\" data-end=\"1532\">\ud83d\udca8 Automatische Aktivierung durch einfaches Ziehen<strong data-start=\"1577\" data-end=\"1590\">(auto-draw<\/strong>)<br data-start=\"1591\" data-end=\"1594\">=&gt; Sie saugen an, es funktioniert. Das ist alles. Magisch, nicht wahr? \u2728<\/p>\n<h3 data-start=\"1661\" data-end=\"1716\">\ud83d\udd0b <strong data-start=\"1668\" data-end=\"1716\">Ein gro\u00dfer Akku f\u00fcr lange Sitzungen<\/strong><\/h3>\n<p data-start=\"1718\" data-end=\"2021\">Wer eine elektronische Shisha hat, braucht eine <strong data-start=\"1751\" data-end=\"1776\">meisterhafte<\/strong> <strong data-start=\"1816\" data-end=\"1849\">Akkulaufzeit<\/strong>!<br data-start=\"1778\" data-end=\"1781\">\ud83d\udcaa Aspire hat den Magnum mit einem <strong data-start=\"1816\" data-end=\"1849\">integrierten 3800 mAh Akku<\/strong> ausgestattet, f\u00fcr <strong data-start=\"1856\" data-end=\"1887\">stundenlanges Nonstop-Dampfen<\/strong>.<br data-start=\"1888\" data-end=\"1891\">Und wenn es Zeit zum Aufladen ist:<br data-start=\"1930\" data-end=\"1933\">\u26a1\ufe0f <strong data-start=\"1941\" data-end=\"1950\">USB-C-Anschluss<\/strong><br data-start=\"1950\" data-end=\"1953\">\u26a1\ufe0f <strong data-start=\"1956\" data-end=\"1976\">Schnellladung 2A<\/strong><br data-start=\"1976\" data-end=\"1979\">=&gt; Im Nu wieder startklar \ud83d\udd04.<\/p>\n<h3 data-start=\"2028\" data-end=\"2084\"><a href=\"https:\/\/chezsmoke.ch\/wp-content\/uploads\/2025\/08\/Aspire-Magnum-Btterie-300x160.jpg\"><img loading=\"lazy\" decoding=\"async\" class=\"alignnone size-medium wp-image-423282\" src=\"https:\/\/chezsmoke.ch\/wp-content\/uploads\/2025\/08\/Aspire-Magnum-Btterie-300x160.jpg\" alt=\"\" width=\"300\" height=\"160\" srcset=\"https:\/\/chezsmoke.ch\/wp-content\/uploads\/2025\/08\/Aspire-Magnum-Btterie-300x160.jpg 300w, https:\/\/chezsmoke.ch\/wp-content\/uploads\/2025\/08\/Aspire-Magnum-Btterie-60x32.jpg 60w, https:\/\/chezsmoke.ch\/wp-content\/uploads\/2025\/08\/Aspire-Magnum-Btterie-600x320.jpg 600w, https:\/\/chezsmoke.ch\/wp-content\/uploads\/2025\/08\/Aspire-Magnum-Btterie-150x80.jpg 150w, https:\/\/chezsmoke.ch\/wp-content\/uploads\/2025\/08\/Aspire-Magnum-Btterie-96x51.jpg 96w, https:\/\/chezsmoke.ch\/wp-content\/uploads\/2025\/08\/Aspire-Magnum-Btterie-42x22.jpg 42w, https:\/\/chezsmoke.ch\/wp-content\/uploads\/2025\/08\/Aspire-Magnum-Btterie.jpg 750w\" sizes=\"auto, (max-width: 300px) 100vw, 300px\" \/><\/a><\/h3>\n<h3 data-start=\"2028\" data-end=\"2084\">\ud83d\udca8 <strong data-start=\"2035\" data-end=\"2084\">Magnum-Kartuschen: XXL-Dampf und Top-Aromen<\/strong><\/h3>\n<p data-start=\"2086\" data-end=\"2248\">Mit einem <strong data-start=\"2094\" data-end=\"2115\">6 ml Tank<\/strong> sind Sie eine ganze Weile sicher \ud83d\ude0c<br data-start=\"2159\" data-end=\"2162\">\ud83d\udc40 Immer vorhandenes Fenster zur F\u00fcllstandskontrolle, damit Sie nicht unvorbereitet sind!<\/p>\n<p data-start=\"2250\" data-end=\"2293\">Zwei Versionen von Patronen sind verf\u00fcgbar:<\/p>\n<ul data-start=\"2294\" data-end=\"2553\">\n<li data-start=\"2294\" data-end=\"2428\">\n<p data-start=\"2296\" data-end=\"2428\"><strong data-start=\"2296\" data-end=\"2328\">0,25 Ohm (separat erh\u00e4ltlich)<\/strong>:<br data-start=\"2330\" data-end=\"2333\">\ud83d\udd38 <strong data-start=\"2345\" data-end=\"2352\">DTL-Ziehung<\/strong><br data-start=\"2352\" data-end=\"2355\">\ud83d\udd38 PG\/VG-Verh\u00e4ltnis: <strong data-start=\"2375\" data-end=\"2392\">50\/50 bis 20\/80<\/strong><br data-start=\"2392\" data-end=\"2395\">\ud83d\udd38 Nikotin bis zu <strong data-start=\"2417\" data-end=\"2428\">6 mg\/ml<\/strong><\/p>\n<\/li>\n<li data-start=\"2429\" data-end=\"2553\">\n<p data-start=\"2431\" data-end=\"2553\"><strong data-start=\"2431\" data-end=\"2453\">0.40 Ohm (inbegriffen)<\/strong>:<br data-start=\"2455\" data-end=\"2458\">\ud83d\udd39 Auflage <strong data-start=\"2470\" data-end=\"2477\">RDL<\/strong><br data-start=\"2477\" data-end=\"2480\">\ud83d\udd39 PG\/VG-Verh\u00e4ltnis: <strong data-start=\"2500\" data-end=\"2517\">50\/50 bis 40\/60<\/strong><br data-start=\"2517\" data-end=\"2520\">\ud83d\udd39 Nikotin bis zu <strong data-start=\"2542\" data-end=\"2553\">9 mg\/ml<\/strong><\/p>\n<\/li>\n<\/ul>\n<p data-start=\"2555\" data-end=\"2649\">\ud83c\udf00 <strong data-start=\"2558\" data-end=\"2578\">Einstellbare Airflow<\/strong>, um sie nach Ihren Vorlieben anzupassen<br data-start=\"2613\" data-end=\"2616\">\ud83d\udc44 Zwei <strong data-start=\"2624\" data-end=\"2637\">Drip Tips<\/strong> werden mitgeliefert:<\/p>\n<ul data-start=\"2650\" data-end=\"2733\">\n<li data-start=\"2650\" data-end=\"2691\">\n<p data-start=\"2652\" data-end=\"2691\">Ein <strong data-start=\"2655\" data-end=\"2663\">langer<\/strong> f\u00fcr eine Shisha-Sensation<\/p>\n<\/li>\n<li data-start=\"2692\" data-end=\"2733\">\n<p data-start=\"2694\" data-end=\"2733\">Ein <strong data-start=\"2697\" data-end=\"2706\">Kurz<\/strong> f\u00fcr ein direkteres Dampfen<\/p>\n<\/li>\n<\/ul>\n<p data-start=\"2735\" data-end=\"2850\">\u26a0\ufe0f <strong data-start=\"2738\" data-end=\"2749\">Bitte beachten<\/strong> Sie: Die Ersatzpatronen enthalten <strong data-start=\"2794\" data-end=\"2801\">keine<\/strong> Drip Tips \u2192 Bitte bewahren Sie die Drip Tips aus dem Kit auf \ud83d\udca1.<\/p>\n<h3 data-start=\"2967\" data-end=\"3018\">\ud83e\uddea <strong data-start=\"2974\" data-end=\"3018\">Wie verwende ich die Magnum-Patronen?<\/strong><\/h3>\n<h4 data-start=\"3020\" data-end=\"3057\">\ud83d\udd04 F <strong data-start=\"3028\" data-end=\"3055\">\u00fcllen (Side Fill)<\/strong><\/h4>\n<ol data-start=\"3058\" data-end=\"3280\">\n<li data-start=\"3058\" data-end=\"3082\">\n<p data-start=\"3061\" data-end=\"3082\">Schrauben Sie das Top Cap ab<\/p>\n<\/li>\n<li data-start=\"3083\" data-end=\"3108\">\n<p data-start=\"3086\" data-end=\"3108\">Nehmen Sie die Patrone heraus.<\/p>\n<\/li>\n<li data-start=\"3109\" data-end=\"3157\">\n<p data-start=\"3112\" data-end=\"3157\">\u00d6ffnen Sie die Silikonlasche an der Seite<\/p>\n<\/li>\n<li data-start=\"3158\" data-end=\"3201\">\n<p data-start=\"3161\" data-end=\"3201\">F\u00fcllen Sie mit Ihrem bevorzugten Juice \ud83e\uddc3.<\/p>\n<\/li>\n<li data-start=\"3202\" data-end=\"3228\">\n<p data-start=\"3205\" data-end=\"3228\">Schlie\u00dfen Sie die Lasche<\/p>\n<\/li>\n<li data-start=\"3229\" data-end=\"3255\">\n<p data-start=\"3232\" data-end=\"3255\">Setzen Sie die Patrone wieder ein<\/p>\n<\/li>\n<li data-start=\"3256\" data-end=\"3280\">\n<p data-start=\"3259\" data-end=\"3280\">Schrauben Sie das Top Cap wieder an<\/p>\n<\/li>\n<\/ol>\n<h4 data-start=\"3282\" data-end=\"3321\"><a href=\"https:\/\/chezsmoke.ch\/wp-content\/uploads\/2025\/08\/Aspire-Magnum-Refill-300x160.jpg\"><img loading=\"lazy\" decoding=\"async\" class=\"alignnone size-medium wp-image-423288\" src=\"https:\/\/chezsmoke.ch\/wp-content\/uploads\/2025\/08\/Aspire-Magnum-Refill-300x160.jpg\" alt=\"\" width=\"300\" height=\"160\" srcset=\"https:\/\/chezsmoke.ch\/wp-content\/uploads\/2025\/08\/Aspire-Magnum-Refill-300x160.jpg 300w, https:\/\/chezsmoke.ch\/wp-content\/uploads\/2025\/08\/Aspire-Magnum-Refill-60x32.jpg 60w, https:\/\/chezsmoke.ch\/wp-content\/uploads\/2025\/08\/Aspire-Magnum-Refill-600x320.jpg 600w, https:\/\/chezsmoke.ch\/wp-content\/uploads\/2025\/08\/Aspire-Magnum-Refill-150x80.jpg 150w, https:\/\/chezsmoke.ch\/wp-content\/uploads\/2025\/08\/Aspire-Magnum-Refill-96x51.jpg 96w, https:\/\/chezsmoke.ch\/wp-content\/uploads\/2025\/08\/Aspire-Magnum-Refill-42x22.jpg 42w, https:\/\/chezsmoke.ch\/wp-content\/uploads\/2025\/08\/Aspire-Magnum-Refill.jpg 750w\" sizes=\"auto, (max-width: 300px) 100vw, 300px\" \/><\/a><\/h4>\n<h4 data-start=\"3282\" data-end=\"3321\">\ud83d\udd01 <strong data-start=\"3290\" data-end=\"3319\">Auswechseln der Patrone<\/strong><\/h4>\n<ol data-start=\"3322\" data-end=\"3578\">\n<li data-start=\"3322\" data-end=\"3352\">\n<p data-start=\"3325\" data-end=\"3352\">Nehmen Sie die verbrauchte Patrone heraus.<\/p>\n<\/li>\n<li data-start=\"3353\" data-end=\"3578\">\n<p data-start=\"3356\" data-end=\"3578\">Setzen Sie eine neue Patrone ein<br data-start=\"3383\" data-end=\"3386\">\u26a0\ufe0f <strong data-start=\"3389\" data-end=\"3411\">Wichtiger Z\u00fcnd<\/strong> vorgang: Lassen Sie den neuen Widerstand <strong data-start=\"3460\" data-end=\"3474\">10 Minuten<\/strong> lang vor dem ersten Puff einziehen \ud83d\udca7<br data-start=\"3500\" data-end=\"3503\">\ud83d\udca8 Wenn der Geschmack nachl\u00e4sst oder ein verbrannter Geschmack auftritt \u2192 Patrone wechseln<\/p>\n<\/li>\n<\/ol>\n<h3 data-start=\"3585\" data-end=\"3626\">\ud83d\udce6 <strong data-start=\"3592\" data-end=\"3626\">Inhalt des Magnum Aspire Kit :<\/strong><\/h3>\n<ul data-start=\"3628\" data-end=\"3781\">\n<li data-start=\"3628\" data-end=\"3653\">\n<p data-start=\"3630\" data-end=\"3653\">1 <strong data-start=\"3641\" data-end=\"3651\">Magnum-Batterie<\/strong><\/p>\n<\/li>\n<li data-start=\"3654\" data-end=\"3681\">\n<p data-start=\"3656\" data-end=\"3681\">1 Patrone <strong data-start=\"3668\" data-end=\"3679\">0,4 Ohm<\/strong><\/p>\n<\/li>\n<li data-start=\"3682\" data-end=\"3706\">\n<p data-start=\"3684\" data-end=\"3706\">1 <strong data-start=\"3686\" data-end=\"3704\">kurzer Drip Tip<\/strong><\/p>\n<\/li>\n<li data-start=\"3707\" data-end=\"3730\">\n<p data-start=\"3709\" data-end=\"3730\">1 <strong data-start=\"3711\" data-end=\"3728\">langer Drip Tip<\/strong><\/p>\n<\/li>\n<li data-start=\"3731\" data-end=\"3752\">\n<p data-start=\"3733\" data-end=\"3752\">1 <strong data-start=\"3741\" data-end=\"3750\">USB-C-Kabel<\/strong><\/p>\n<\/li>\n<li data-start=\"3753\" data-end=\"3781\">\n<p data-start=\"3755\" data-end=\"3781\">1 <strong data-start=\"3757\" data-end=\"3781\">Bedienungsanleitung<\/strong><\/p>\n<\/li>\n<\/ul>\n","protected":false},"excerpt":{"rendered":"<h3 data-start=\"148\" data-end=\"208\">\ud83c\udf1f <strong data-start=\"155\" data-end=\"208\">Kit Magnum: der tragbare E-Chicha von Aspire!<\/strong><\/h3>\n","protected":false},"featured_media":423047,"comment_status":"closed","ping_status":"closed","template":"","meta":{"_acf_changed":false},"product_brand":[],"product_cat":[992,692],"product_tag":[],"class_list":{"0":"post-423131","1":"product","2":"type-product","3":"status-publish","4":"has-post-thumbnail","6":"product_cat-e-shisha-de-2","7":"product_cat-elektronische-zigaretten","9":"first","10":"instock","11":"taxable","12":"shipping-taxable","13":"purchasable","14":"product-type-variable"},"bundled_by":["423428"],"bundle_stock_status":"instock","bundle_stock_quantity":null,"bundle_virtual":false,"bundle_layout":"","bundle_add_to_cart_form_location":"","bundle_editable_in_cart":false,"bundle_sold_individually_context":"","bundle_item_grouping":"","bundle_min_size":"","bundle_max_size":"","bundle_price":[],"bundled_items":[],"bundle_sell_ids":[],"acf":[],"_links":{"self":[{"href":"https:\/\/chezsmoke.ch\/de\/wp-json\/wp\/v2\/product\/423131","targetHints":{"allow":["GET"]}}],"collection":[{"href":"https:\/\/chezsmoke.ch\/de\/wp-json\/wp\/v2\/product"}],"about":[{"href":"https:\/\/chezsmoke.ch\/de\/wp-json\/wp\/v2\/types\/product"}],"replies":[{"embeddable":true,"href":"https:\/\/chezsmoke.ch\/de\/wp-json\/wp\/v2\/comments?post=423131"}],"wp:featuredmedia":[{"embeddable":true,"href":"https:\/\/chezsmoke.ch\/de\/wp-json\/wp\/v2\/media\/423047"}],"wp:attachment":[{"href":"https:\/\/chezsmoke.ch\/de\/wp-json\/wp\/v2\/media?parent=423131"}],"wp:term":[{"taxonomy":"product_brand","embeddable":true,"href":"https:\/\/chezsmoke.ch\/de\/wp-json\/wp\/v2\/product_brand?post=423131"},{"taxonomy":"product_cat","embeddable":true,"href":"https:\/\/chezsmoke.ch\/de\/wp-json\/wp\/v2\/product_cat?post=423131"},{"taxonomy":"product_tag","embeddable":true,"href":"https:\/\/chezsmoke.ch\/de\/wp-json\/wp\/v2\/product_tag?post=423131"}],"curies":[{"name":"wp","href":"https:\/\/api.w.org\/{rel}","templated":true}]}}