{"id":439661,"date":"2025-10-21T17:12:30","date_gmt":"2025-10-21T15:12:30","guid":{"rendered":"https:\/\/chezsmoke.ch\/produit\/xros-pro-2\/"},"modified":"2026-01-30T06:09:18","modified_gmt":"2026-01-30T05:09:18","slug":"xros-pro-2","status":"publish","type":"product","link":"https:\/\/chezsmoke.ch\/de\/produit\/xros-pro-2\/","title":{"rendered":"Xros Pro 2"},"content":{"rendered":"<h2 data-start=\"138\" data-end=\"210\">\ud83d\ude80 <strong data-start=\"144\" data-end=\"210\">Kit Xros Pro 2 von Vaporesso: Kraft und Leichtigkeit vereint!<\/strong><\/h2>\n<p data-start=\"212\" data-end=\"481\">Entdecken Sie den <strong data-start=\"225\" data-end=\"239\">Xros Pro 2<\/strong>, den neuen Pod von Vaporesso, der auf <strong data-start=\"285\" data-end=\"300\">Leistung<\/strong>, <strong data-start=\"305\" data-end=\"317\">Leichtigkeit<\/strong> und<strong data-start=\"323\" data-end=\"335\">Eleganz<\/strong> setzt \u2728.<br data-start=\"338\" data-end=\"341\">Hergestellt aus einer <strong data-start=\"350\" data-end=\"386\">Magnesiumlegierung<\/strong> aus der <strong data-start=\"350\" data-end=\"386\">Luft- und Raumfahrt<\/strong>, wiegt er nur <strong data-start=\"403\" data-end=\"411\">65 g<\/strong> \u2696\ufe0f f\u00fcr einen <strong data-start=\"424\" data-end=\"449\">Premium-Handgriff<\/strong> und ein <strong data-start=\"456\" data-end=\"474\">raffiniertes Design<\/strong> \ud83d\udd8b\ufe0f.<\/p>\n<h3 data-start=\"488\" data-end=\"518\"><a href=\"https:\/\/chezsmoke.ch\/wp-content\/uploads\/2025\/10\/Xros-pro-present-300x180.jpg\"><img loading=\"lazy\" decoding=\"async\" class=\"alignnone size-medium wp-image-439646\" src=\"https:\/\/chezsmoke.ch\/wp-content\/uploads\/2025\/10\/Xros-pro-present-300x180.jpg\" alt=\"\" width=\"300\" height=\"180\" srcset=\"https:\/\/chezsmoke.ch\/wp-content\/uploads\/2025\/10\/Xros-pro-present-300x180.jpg 300w, https:\/\/chezsmoke.ch\/wp-content\/uploads\/2025\/10\/Xros-pro-present-60x36.jpg 60w, https:\/\/chezsmoke.ch\/wp-content\/uploads\/2025\/10\/Xros-pro-present-600x360.jpg 600w, https:\/\/chezsmoke.ch\/wp-content\/uploads\/2025\/10\/Xros-pro-present-150x90.jpg 150w, https:\/\/chezsmoke.ch\/wp-content\/uploads\/2025\/10\/Xros-pro-present-96x58.jpg 96w, https:\/\/chezsmoke.ch\/wp-content\/uploads\/2025\/10\/Xros-pro-present-42x25.jpg 42w, https:\/\/chezsmoke.ch\/wp-content\/uploads\/2025\/10\/Xros-pro-present.jpg 750w\" sizes=\"auto, (max-width: 300px) 100vw, 300px\" \/><\/a><\/h3>\n<h3 data-start=\"488\" data-end=\"518\">\ud83d\udca1 <strong data-start=\"495\" data-end=\"518\">Design und Ergonomie<\/strong><\/h3>\n<p data-start=\"519\" data-end=\"748\">Ausgestattet mit einem diskreten und anpassbaren <strong data-start=\"531\" data-end=\"554\">0,96&#8243; Farbdisplay<\/strong> \ud83c\udfa8, verbindet der Xros Pro 2 Schlichtheit <strong data-start=\"606\" data-end=\"633\">und Technologie<\/strong>.<br data-start=\"634\" data-end=\"637\">Seine Navigation ist ultraeinfach: <strong data-start=\"670\" data-end=\"688\">eine einzige Taste<\/strong>, um alles zu kontrollieren \ud83d\udd18 (Dampfen, Leistung, Themen, Optionen&#8230;).<\/p>\n<h3 data-start=\"755\" data-end=\"781\"><a href=\"https:\/\/chezsmoke.ch\/wp-content\/uploads\/2025\/10\/Xros-pro-controler-300x180.jpg\"><img loading=\"lazy\" decoding=\"async\" class=\"alignnone size-medium wp-image-439643\" src=\"https:\/\/chezsmoke.ch\/wp-content\/uploads\/2025\/10\/Xros-pro-controler-300x180.jpg\" alt=\"\" width=\"300\" height=\"180\" srcset=\"https:\/\/chezsmoke.ch\/wp-content\/uploads\/2025\/10\/Xros-pro-controler-300x180.jpg 300w, https:\/\/chezsmoke.ch\/wp-content\/uploads\/2025\/10\/Xros-pro-controler-60x36.jpg 60w, https:\/\/chezsmoke.ch\/wp-content\/uploads\/2025\/10\/Xros-pro-controler-600x360.jpg 600w, https:\/\/chezsmoke.ch\/wp-content\/uploads\/2025\/10\/Xros-pro-controler-150x90.jpg 150w, https:\/\/chezsmoke.ch\/wp-content\/uploads\/2025\/10\/Xros-pro-controler-96x58.jpg 96w, https:\/\/chezsmoke.ch\/wp-content\/uploads\/2025\/10\/Xros-pro-controler-42x25.jpg 42w, https:\/\/chezsmoke.ch\/wp-content\/uploads\/2025\/10\/Xros-pro-controler.jpg 750w\" sizes=\"auto, (max-width: 300px) 100vw, 300px\" \/><\/a><\/h3>\n<h3 data-start=\"755\" data-end=\"781\">\ud83d\udd25 <strong data-start=\"762\" data-end=\"781\">Ma\u00dfgeschneiderte Vape<\/strong><\/h3>\n<p data-start=\"782\" data-end=\"996\">Stellen Sie die <strong data-start=\"792\" data-end=\"817\">Leistung von 5 bis 30 W<\/strong> ein und passen Sie den <strong data-start=\"832\" data-end=\"856\">Luftstrom (Airflow)<\/strong> Ihren W\u00fcnschen an. \ud83c\udf2c\ufe0f.<br data-start=\"878\" data-end=\"881\">Ob Sie nun auf <strong data-start=\"907\" data-end=\"920\">engen MTL<\/strong> oder <strong data-start=\"927\" data-end=\"946\">luftigeren RDL<\/strong> stehen, dieser Pod passt sich kompromisslos Ihrem Stil an \ud83d\ude0e\ud83d\ude0e.<\/p>\n<h3 data-start=\"1003\" data-end=\"1035\">\ud83d\udd0b B <strong data-start=\"1010\" data-end=\"1035\">etriebsdauer und Aufladen<\/strong><\/h3>\n<p data-start=\"1036\" data-end=\"1204\">Mit dem <strong data-start=\"1044\" data-end=\"1077\">eingebauten 2000 mAh Akku<\/strong> k\u00f6nnen Sie das st\u00e4ndige Aufladen vergessen \ud83d\udd52.<br data-start=\"1115\" data-end=\"1118\">Und wenn es darauf ankommt, tankt der <strong data-start=\"1147\" data-end=\"1162\">USB-C 5V\/2A<\/strong> in <strong data-start=\"1180\" data-end=\"1201\">30 Minuten<\/strong> in der Zeit auf \u26a1.<\/p>\n<h3 data-start=\"1211\" data-end=\"1239\"><a href=\"https:\/\/chezsmoke.ch\/wp-content\/uploads\/2025\/10\/Xros-pro-Battery-300x180.jpg\"><img loading=\"lazy\" decoding=\"async\" class=\"alignnone size-medium wp-image-439640\" src=\"https:\/\/chezsmoke.ch\/wp-content\/uploads\/2025\/10\/Xros-pro-Battery-300x180.jpg\" alt=\"\" width=\"300\" height=\"180\" srcset=\"https:\/\/chezsmoke.ch\/wp-content\/uploads\/2025\/10\/Xros-pro-Battery-300x180.jpg 300w, https:\/\/chezsmoke.ch\/wp-content\/uploads\/2025\/10\/Xros-pro-Battery-60x36.jpg 60w, https:\/\/chezsmoke.ch\/wp-content\/uploads\/2025\/10\/Xros-pro-Battery-600x360.jpg 600w, https:\/\/chezsmoke.ch\/wp-content\/uploads\/2025\/10\/Xros-pro-Battery-150x90.jpg 150w, https:\/\/chezsmoke.ch\/wp-content\/uploads\/2025\/10\/Xros-pro-Battery-96x58.jpg 96w, https:\/\/chezsmoke.ch\/wp-content\/uploads\/2025\/10\/Xros-pro-Battery-42x25.jpg 42w, https:\/\/chezsmoke.ch\/wp-content\/uploads\/2025\/10\/Xros-pro-Battery.jpg 750w\" sizes=\"auto, (max-width: 300px) 100vw, 300px\" \/><\/a><\/h3>\n<h3 data-start=\"1211\" data-end=\"1239\">\ud83d\udcca <strong data-start=\"1218\" data-end=\"1239\">Intelligente Verfolgung<\/strong><\/h3>\n<p data-start=\"1240\" data-end=\"1383\">Mit seinem <strong data-start=\"1244\" data-end=\"1264\">Puffz\u00e4hler<\/strong> k\u00f6nnen Sie Ihren Verbrauch auf Tages-, Wochen- oder Monatsebene verfolgen \ud83d\udcc8 &#8211; perfekt f\u00fcr ein bewussteres Dampfen \ud83e\uddd8\u200d\u2642\ufe0f.<\/p>\n<h3 data-start=\"3447\" data-end=\"3495\">\ud83d\udca7 A <strong data-start=\"3454\" data-end=\"3493\">uff\u00fcllen des Tanks (Top Fill)<\/strong><\/h3>\n<p data-start=\"3496\" data-end=\"3605\">1\ufe0f\u20e3 Ziehen Sie das Drip Tip ab.<br data-start=\"3522\" data-end=\"3525\">2\ufe0f\u20e3 F\u00fcllen Sie E-Fl\u00fcssigkeit \u00fcber die rote \u00d6ffnung \ud83d\udd34.<br data-start=\"3575\" data-end=\"3578\">3\ufe0f\u20e3 Setzen Sie das Drip Tip wieder auf.<\/p>\n<h3 data-start=\"3612\" data-end=\"3653\"><a href=\"https:\/\/chezsmoke.ch\/wp-content\/uploads\/2023\/01\/Xros-Refill-300x300.jpg\"><img loading=\"lazy\" decoding=\"async\" class=\"alignnone size-medium wp-image-423816\" src=\"https:\/\/chezsmoke.ch\/wp-content\/uploads\/2023\/01\/Xros-Refill-300x300.jpg\" alt=\"\" width=\"300\" height=\"300\" srcset=\"https:\/\/chezsmoke.ch\/wp-content\/uploads\/2023\/01\/Xros-Refill-300x300.jpg 300w, https:\/\/chezsmoke.ch\/wp-content\/uploads\/2023\/01\/Xros-Refill-150x150.jpg 150w, https:\/\/chezsmoke.ch\/wp-content\/uploads\/2023\/01\/Xros-Refill-768x768.jpg 768w, https:\/\/chezsmoke.ch\/wp-content\/uploads\/2023\/01\/Xros-Refill-60x60.jpg 60w, https:\/\/chezsmoke.ch\/wp-content\/uploads\/2023\/01\/Xros-Refill-600x600.jpg 600w, https:\/\/chezsmoke.ch\/wp-content\/uploads\/2023\/01\/Xros-Refill-96x96.jpg 96w, https:\/\/chezsmoke.ch\/wp-content\/uploads\/2023\/01\/Xros-Refill-42x42.jpg 42w, https:\/\/chezsmoke.ch\/wp-content\/uploads\/2023\/01\/Xros-Refill.jpg 1000w\" sizes=\"auto, (max-width: 300px) 100vw, 300px\" \/><\/a><\/h3>\n<h3 data-start=\"3612\" data-end=\"3653\">\u267b\ufe0f <strong data-start=\"3619\" data-end=\"3651\">Auswechseln der Patrone<\/strong><\/h3>\n<p data-start=\"3654\" data-end=\"3734\">1\ufe0f\u20e3 Nehmen Sie die verbrauchte Patrone heraus.<br data-start=\"3684\" data-end=\"3687\">2\ufe0f\u20e3 Setzen Sie eine neue, frische Patrone ein \u2728.<\/p>\n<p data-start=\"3736\" data-end=\"3932\">\ud83d\udca1 <strong data-start=\"3739\" data-end=\"3751\">Tipp:<\/strong> Z\u00fcnden Sie immer den neuen Widerstand, indem Sie ihn 10 Minuten lang einweichen lassen, bevor Sie dampfen \u23f3.<br data-start=\"3846\" data-end=\"3849\">Wenn die Aromen nachlassen oder ein verbrannter Geschmack auftritt \ud83d\ude16 \u2192 wechseln Sie die Patrone aus.<\/p>\n<h3 data-start=\"1678\" data-end=\"1703\">\ud83c\udf81 <strong data-start=\"1685\" data-end=\"1703\">Inhalt des Pakets<\/strong><\/h3>\n<ul data-start=\"1704\" data-end=\"1813\">\n<li data-start=\"1704\" data-end=\"1728\">\n<p data-start=\"1706\" data-end=\"1728\">1 Pod <strong data-start=\"1712\" data-end=\"1726\">Xros Pro 2<\/strong><\/p>\n<\/li>\n<li data-start=\"1729\" data-end=\"1775\">\n<p data-start=\"1731\" data-end=\"1775\">2 <strong data-start=\"1744\" data-end=\"1773\">Corex 3.0<\/strong> Patronen <strong data-start=\"1744\" data-end=\"1773\">(0.4 &amp; 0.6 Ohm)<\/strong><\/p>\n<\/li>\n<li data-start=\"1776\" data-end=\"1797\">\n<p data-start=\"1778\" data-end=\"1797\">1 <strong data-start=\"1786\" data-end=\"1795\">USB-C-Kabel<\/strong><\/p>\n<\/li>\n<li data-start=\"1798\" data-end=\"1813\">\n<p data-start=\"1800\" data-end=\"1813\">1 Handbuch \ud83d\udcd8\ud83d\udcd8.<\/p>\n<\/li>\n<\/ul>\n","protected":false},"excerpt":{"rendered":"<p data-start=\"138\" data-end=\"210\">\ud83d\ude80 Kit Xros Pro 2 von Vaporesso: Kraft und Leichtigkeit vereint!<\/p>\n","protected":false},"featured_media":439622,"comment_status":"closed","ping_status":"closed","template":"","meta":{"_acf_changed":false},"product_brand":[],"product_cat":[692,694],"product_tag":[],"class_list":{"0":"post-439661","1":"product","2":"type-product","3":"status-publish","4":"has-post-thumbnail","6":"product_cat-elektronische-zigaretten","7":"product_cat-kit-moderates-dampfen","8":"pa_couleur-black-de","9":"pa_couleur-blue-de","10":"pa_couleur-gold-de","11":"pa_couleur-grun","12":"pa_couleur-purple-de","14":"first","15":"instock","16":"taxable","17":"shipping-taxable","18":"purchasable","19":"product-type-variable"},"bundled_by":[],"bundle_stock_status":"instock","bundle_stock_quantity":null,"bundle_virtual":false,"bundle_layout":"","bundle_add_to_cart_form_location":"","bundle_editable_in_cart":false,"bundle_sold_individually_context":"","bundle_item_grouping":"","bundle_min_size":"","bundle_max_size":"","bundle_price":[],"bundled_items":[],"bundle_sell_ids":[],"acf":[],"_links":{"self":[{"href":"https:\/\/chezsmoke.ch\/de\/wp-json\/wp\/v2\/product\/439661","targetHints":{"allow":["GET"]}}],"collection":[{"href":"https:\/\/chezsmoke.ch\/de\/wp-json\/wp\/v2\/product"}],"about":[{"href":"https:\/\/chezsmoke.ch\/de\/wp-json\/wp\/v2\/types\/product"}],"replies":[{"embeddable":true,"href":"https:\/\/chezsmoke.ch\/de\/wp-json\/wp\/v2\/comments?post=439661"}],"wp:featuredmedia":[{"embeddable":true,"href":"https:\/\/chezsmoke.ch\/de\/wp-json\/wp\/v2\/media\/439622"}],"wp:attachment":[{"href":"https:\/\/chezsmoke.ch\/de\/wp-json\/wp\/v2\/media?parent=439661"}],"wp:term":[{"taxonomy":"product_brand","embeddable":true,"href":"https:\/\/chezsmoke.ch\/de\/wp-json\/wp\/v2\/product_brand?post=439661"},{"taxonomy":"product_cat","embeddable":true,"href":"https:\/\/chezsmoke.ch\/de\/wp-json\/wp\/v2\/product_cat?post=439661"},{"taxonomy":"product_tag","embeddable":true,"href":"https:\/\/chezsmoke.ch\/de\/wp-json\/wp\/v2\/product_tag?post=439661"}],"curies":[{"name":"wp","href":"https:\/\/api.w.org\/{rel}","templated":true}]}}