{"id":454749,"date":"2025-12-18T15:16:03","date_gmt":"2025-12-18T14:16:03","guid":{"rendered":"https:\/\/chezsmoke.ch\/produit\/dotpod-max-schale\/"},"modified":"2026-03-10T00:46:52","modified_gmt":"2026-03-09T23:46:52","slug":"dotpod-max-schale","status":"publish","type":"product","link":"https:\/\/chezsmoke.ch\/de\/produit\/dotpod-max-schale\/","title":{"rendered":"Dotpod Max Schale"},"content":{"rendered":"<h2 data-start=\"49\" data-end=\"229\">\ud83d\udc8eEine d\u00fcnne Schale, ein wirksamer Schutz.<\/h2>\n<p data-start=\"49\" data-end=\"229\">Transparente Silikonh\u00fclle f\u00fcr den DotPod Max mit einer Drip-Tip-Abdeckung. Sie sch\u00fctzt Ihr Ger\u00e4t vor St\u00f6\u00dfen und Kratzern und bewahrt das Originaldesign. <\/p>\n","protected":false},"excerpt":{"rendered":"<p data-start=\"49\" data-end=\"229\">\ud83d\udc8eEine d\u00fcnne Schale, ein wirksamer Schutz.<\/p>\n","protected":false},"featured_media":454757,"comment_status":"closed","ping_status":"closed","template":"","meta":{"_acf_changed":false},"product_brand":[],"product_cat":[1093,695],"product_tag":[],"class_list":{"0":"post-454749","1":"product","2":"type-product","3":"status-publish","4":"has-post-thumbnail","6":"product_cat-mappe","7":"product_cat-zubehor","9":"first","10":"instock","11":"taxable","12":"shipping-taxable","13":"purchasable","14":"product-type-simple"},"bundled_by":[],"bundle_stock_status":"instock","bundle_stock_quantity":26,"bundle_virtual":false,"bundle_layout":"","bundle_add_to_cart_form_location":"","bundle_editable_in_cart":false,"bundle_sold_individually_context":"","bundle_item_grouping":"","bundle_min_size":"","bundle_max_size":"","bundle_price":[],"bundled_items":[],"bundle_sell_ids":[],"acf":[],"_links":{"self":[{"href":"https:\/\/chezsmoke.ch\/de\/wp-json\/wp\/v2\/product\/454749","targetHints":{"allow":["GET"]}}],"collection":[{"href":"https:\/\/chezsmoke.ch\/de\/wp-json\/wp\/v2\/product"}],"about":[{"href":"https:\/\/chezsmoke.ch\/de\/wp-json\/wp\/v2\/types\/product"}],"replies":[{"embeddable":true,"href":"https:\/\/chezsmoke.ch\/de\/wp-json\/wp\/v2\/comments?post=454749"}],"wp:featuredmedia":[{"embeddable":true,"href":"https:\/\/chezsmoke.ch\/de\/wp-json\/wp\/v2\/media\/454757"}],"wp:attachment":[{"href":"https:\/\/chezsmoke.ch\/de\/wp-json\/wp\/v2\/media?parent=454749"}],"wp:term":[{"taxonomy":"product_brand","embeddable":true,"href":"https:\/\/chezsmoke.ch\/de\/wp-json\/wp\/v2\/product_brand?post=454749"},{"taxonomy":"product_cat","embeddable":true,"href":"https:\/\/chezsmoke.ch\/de\/wp-json\/wp\/v2\/product_cat?post=454749"},{"taxonomy":"product_tag","embeddable":true,"href":"https:\/\/chezsmoke.ch\/de\/wp-json\/wp\/v2\/product_tag?post=454749"}],"curies":[{"name":"wp","href":"https:\/\/api.w.org\/{rel}","templated":true}]}}