{"id":465889,"date":"2026-02-06T15:50:59","date_gmt":"2026-02-06T14:50:59","guid":{"rendered":"https:\/\/chezsmoke.ch\/produit\/crazy-labs-ananas-erdbeer-pfirsich\/"},"modified":"2026-02-10T12:43:32","modified_gmt":"2026-02-10T11:43:32","slug":"crazy-labs-ananas-erdbeer-pfirsich","status":"publish","type":"product","link":"https:\/\/chezsmoke.ch\/de\/produit\/crazy-labs-ananas-erdbeer-pfirsich\/","title":{"rendered":"Crazy Labs &#8211; Ananas Erdbeer Pfirsich"},"content":{"rendered":"<p data-start=\"253\" data-end=\"313\"><strong data-start=\"253\" data-end=\"311\">Ananas Erdbeer Pfirsich &#8211; 140ML &#8211; Crazy Labs (50PG \/ 50VG)<\/strong><\/p>\n<p data-start=\"315\" data-end=\"779\">Tauchen Sie ein in eine fruchtige Geschmacksexplosion mit dem E-Liquid Ananas, Erdbeere und Pfirsich aus der Crazy Labs \ud83c\udf4d\ud83c\udf53\ud83c\udf51 Reihe. Diese exquisite Mischung bietet ein unvergessliches Dampferlebnis durch die perfekte Kombination aus der Exotik der Ananas, der s\u00fc\u00dfen S\u00fc\u00dfe der Erdbeere und dem saftigen Geschmack des Pfirsichs. Jede Inhalation ist eine echte Einladung zu einer Reise, ideal f\u00fcr Fruchtliebhaber, die einen frischen, ausgewogenen und schmackhaften Dampf suchen.  <\/p>\n<p data-start=\"781\" data-end=\"1303\">Mit seinem Verh\u00e4ltnis von <strong data-start=\"796\" data-end=\"811\">50PG zu 50VG<\/strong> garantiert dieses Liquid einen ausgezeichneten Kompromiss zwischen Geschmackswiedergabe und Dampfproduktion, wobei es mit den meisten elektronischen Zigaretten kompatibel bleibt. Mit einem <strong data-start=\"987\" data-end=\"1025\">Nikotingehalt von bis zu 6 mg<\/strong> l\u00e4sst es sich leicht an Ihre Bed\u00fcrfnisse anpassen, um ein individuelles Dampfen zu erm\u00f6glichen. Lassen Sie sich von dieser k\u00f6stlichen und erfrischenden Kreation verf\u00fchren, die entwickelt wurde, um Ihre Sinne zu wecken und Ihren Tag zu erhellen. Crazy Labs, das ist das Versprechen von Qualit\u00e4t und Innovation in jedem Tropfen \u2728.  <\/p>\n<p>In einer <strong>140 ml<\/strong>-Flasche finden Sie <strong>100 ml<\/strong> Fl\u00fcssigkeit mit verst\u00e4rkten Aromen. Diese Fl\u00fcssigkeit kann mit <a href=\"https:\/\/chezsmoke.ch\/product-category\/boosters-nicotine\/\">Nikotinboostern<\/a> erg\u00e4nzt werden, um die gew\u00fcnschte Dosis zu erhalten, oder mit einer <a href=\"https:\/\/chezsmoke.ch\/product-category\/bases\/\">neutralen Basis ohne Nikotin<\/a>. <strong>2 Booster f\u00fcr 3 mg\/ml und 4 Booster f\u00fcr 6 mg\/ml<\/strong>. (F\u00fcr h\u00f6here Nikotindosierungen ist ein externer Beh\u00e4lter vorzusehen). <\/p>\n","protected":false},"excerpt":{"rendered":"<p>\ud83c\udf4d\ud83c\udf53\ud83c\udf51 <strong data-start=\"135\" data-end=\"171\">Ananas Erdbeere Pfirsich &#8211; Crazy Labs<\/strong><br data-start=\"171\" data-end=\"174\">Ein explosives fruchtiges Trio, das Exotik, S\u00fc\u00dfe und Frische f\u00fcr ein ausgewogenes und genussvolles Dampfen vereint.<\/p>\n","protected":false},"featured_media":466669,"comment_status":"closed","ping_status":"closed","template":"","meta":{"_acf_changed":false},"product_brand":[],"product_cat":[681,683,685,707,1276],"product_tag":[],"class_list":{"0":"post-465889","1":"product","2":"type-product","3":"status-publish","4":"has-post-thumbnail","6":"product_cat-e-liquids-de","7":"product_cat-fruchtig","8":"product_cat-fruchtig-de","9":"product_cat-neuheiten","10":"product_cat-shortfill-0-8-mg-nikotin","12":"first","13":"instock","14":"taxable","15":"shipping-taxable","16":"purchasable","17":"product-type-simple"},"bundled_by":[],"bundle_stock_status":"instock","bundle_stock_quantity":15,"bundle_virtual":false,"bundle_layout":"","bundle_add_to_cart_form_location":"","bundle_editable_in_cart":false,"bundle_sold_individually_context":"","bundle_item_grouping":"","bundle_min_size":"","bundle_max_size":"","bundle_price":[],"bundled_items":[],"bundle_sell_ids":[],"acf":[],"_links":{"self":[{"href":"https:\/\/chezsmoke.ch\/de\/wp-json\/wp\/v2\/product\/465889","targetHints":{"allow":["GET"]}}],"collection":[{"href":"https:\/\/chezsmoke.ch\/de\/wp-json\/wp\/v2\/product"}],"about":[{"href":"https:\/\/chezsmoke.ch\/de\/wp-json\/wp\/v2\/types\/product"}],"replies":[{"embeddable":true,"href":"https:\/\/chezsmoke.ch\/de\/wp-json\/wp\/v2\/comments?post=465889"}],"wp:featuredmedia":[{"embeddable":true,"href":"https:\/\/chezsmoke.ch\/de\/wp-json\/wp\/v2\/media\/466669"}],"wp:attachment":[{"href":"https:\/\/chezsmoke.ch\/de\/wp-json\/wp\/v2\/media?parent=465889"}],"wp:term":[{"taxonomy":"product_brand","embeddable":true,"href":"https:\/\/chezsmoke.ch\/de\/wp-json\/wp\/v2\/product_brand?post=465889"},{"taxonomy":"product_cat","embeddable":true,"href":"https:\/\/chezsmoke.ch\/de\/wp-json\/wp\/v2\/product_cat?post=465889"},{"taxonomy":"product_tag","embeddable":true,"href":"https:\/\/chezsmoke.ch\/de\/wp-json\/wp\/v2\/product_tag?post=465889"}],"curies":[{"name":"wp","href":"https:\/\/api.w.org\/{rel}","templated":true}]}}