{"id":465899,"date":"2026-02-06T15:57:17","date_gmt":"2026-02-06T14:57:17","guid":{"rendered":"https:\/\/chezsmoke.ch\/produit\/crazy-labs-banane\/"},"modified":"2026-02-10T12:44:29","modified_gmt":"2026-02-10T11:44:29","slug":"crazy-labs-banane","status":"publish","type":"product","link":"https:\/\/chezsmoke.ch\/de\/produit\/crazy-labs-banane\/","title":{"rendered":"Crazy Labs &#8211; Banane"},"content":{"rendered":"<p data-start=\"205\" data-end=\"252\"><strong data-start=\"205\" data-end=\"250\">Banane  <\/strong><\/p>\n<p data-start=\"254\" data-end=\"619\">Lassen Sie sich von der unwiderstehlichen S\u00fc\u00dfe des Bananen-E-Liquids aus der Crazy Labs Reihe \ud83c\udf4c verf\u00fchren. Diese fruchtige und cremige Rezeptur gibt den Geschmack einer reifen, cremigen und nat\u00fcrlich s\u00fc\u00dfen Banane perfekt wieder. Jeder Zug vermittelt ein umh\u00fcllendes und beruhigendes Gef\u00fchl, ideal f\u00fcr ein leckeres und beruhigendes Dampfen den ganzen Tag \u00fcber.  <\/p>\n<p data-start=\"621\" data-end=\"1059\">Dank seines Gleichgewichts von <strong data-start=\"643\" data-end=\"658\">50PG \/ 50VG<\/strong> bietet dieses Liquid eine ausgezeichnete Geschmackswiedergabe mit einem angenehmen Dampf, der mit den meisten elektronischen Zigaretten kompatibel ist. Mit einem <strong data-start=\"802\" data-end=\"840\">Nikotingehalt von bis zu 6 mg<\/strong> l\u00e4sst es sich leicht an Ihre Vorlieben anpassen, um Ihnen ein ma\u00dfgeschneidertes Dampferlebnis zu bieten. Crazy Labs hat hier eine einfache, effiziente und herrlich s\u00fcchtig machende Kreation f\u00fcr Liebhaber fruchtiger und s\u00fc\u00dfer Aromen geschaffen \u2728. <\/p>\n<p>In einer <strong>140 ml<\/strong>-Flasche finden Sie <strong>100 ml<\/strong> Fl\u00fcssigkeit mit verst\u00e4rkten Aromen. Diese Fl\u00fcssigkeit kann mit <a href=\"https:\/\/chezsmoke.ch\/product-category\/boosters-nicotine\/\">Nikotinboostern<\/a> erg\u00e4nzt werden, um die gew\u00fcnschte Dosis zu erhalten, oder mit einer <a href=\"https:\/\/chezsmoke.ch\/product-category\/bases\/\">neutralen Basis ohne Nikotin<\/a>. <strong>2 Booster f\u00fcr 3 mg\/ml und 4 Booster f\u00fcr 6 mg\/ml<\/strong>. (F\u00fcr h\u00f6here Nikotindosierungen ist ein externer Beh\u00e4lter vorzusehen). <\/p>\n","protected":false},"excerpt":{"rendered":"<p>\ud83c\udf4c <strong data-start=\"1100\" data-end=\"1123\">Banane &#8211; Crazy Labs<\/strong><br data-start=\"1123\" data-end=\"1126\">Eine reife, cremige Banane f\u00fcr ein s\u00fc\u00dfes, leckeres und tr\u00f6stliches Dampfen.<\/p>\n","protected":false},"featured_media":466672,"comment_status":"closed","ping_status":"closed","template":"","meta":{"_acf_changed":false},"product_brand":[],"product_cat":[681,683,685,707,1276],"product_tag":[],"class_list":{"0":"post-465899","1":"product","2":"type-product","3":"status-publish","4":"has-post-thumbnail","6":"product_cat-e-liquids-de","7":"product_cat-fruchtig","8":"product_cat-fruchtig-de","9":"product_cat-neuheiten","10":"product_cat-shortfill-0-8-mg-nikotin","12":"first","13":"instock","14":"taxable","15":"shipping-taxable","16":"purchasable","17":"product-type-simple"},"bundled_by":[],"bundle_stock_status":"instock","bundle_stock_quantity":15,"bundle_virtual":false,"bundle_layout":"","bundle_add_to_cart_form_location":"","bundle_editable_in_cart":false,"bundle_sold_individually_context":"","bundle_item_grouping":"","bundle_min_size":"","bundle_max_size":"","bundle_price":[],"bundled_items":[],"bundle_sell_ids":[],"acf":[],"_links":{"self":[{"href":"https:\/\/chezsmoke.ch\/de\/wp-json\/wp\/v2\/product\/465899","targetHints":{"allow":["GET"]}}],"collection":[{"href":"https:\/\/chezsmoke.ch\/de\/wp-json\/wp\/v2\/product"}],"about":[{"href":"https:\/\/chezsmoke.ch\/de\/wp-json\/wp\/v2\/types\/product"}],"replies":[{"embeddable":true,"href":"https:\/\/chezsmoke.ch\/de\/wp-json\/wp\/v2\/comments?post=465899"}],"wp:featuredmedia":[{"embeddable":true,"href":"https:\/\/chezsmoke.ch\/de\/wp-json\/wp\/v2\/media\/466672"}],"wp:attachment":[{"href":"https:\/\/chezsmoke.ch\/de\/wp-json\/wp\/v2\/media?parent=465899"}],"wp:term":[{"taxonomy":"product_brand","embeddable":true,"href":"https:\/\/chezsmoke.ch\/de\/wp-json\/wp\/v2\/product_brand?post=465899"},{"taxonomy":"product_cat","embeddable":true,"href":"https:\/\/chezsmoke.ch\/de\/wp-json\/wp\/v2\/product_cat?post=465899"},{"taxonomy":"product_tag","embeddable":true,"href":"https:\/\/chezsmoke.ch\/de\/wp-json\/wp\/v2\/product_tag?post=465899"}],"curies":[{"name":"wp","href":"https:\/\/api.w.org\/{rel}","templated":true}]}}