{"id":465902,"date":"2026-02-06T16:02:35","date_gmt":"2026-02-06T15:02:35","guid":{"rendered":"https:\/\/chezsmoke.ch\/produit\/crazy-labs-zuckerwatte-rote-fruechte\/"},"modified":"2026-02-10T12:42:23","modified_gmt":"2026-02-10T11:42:23","slug":"crazy-labs-zuckerwatte-rote-fruechte","status":"publish","type":"product","link":"https:\/\/chezsmoke.ch\/de\/produit\/crazy-labs-zuckerwatte-rote-fruechte\/","title":{"rendered":"Crazy Labs &#8211; Zuckerwatte Rote Fr\u00fcchte"},"content":{"rendered":"<p data-start=\"205\" data-end=\"269\"><strong data-start=\"205\" data-end=\"267\">Barbapapa Rote Fr\u00fcchte  <\/strong><\/p>\n<p data-start=\"271\" data-end=\"753\">Versetzen Sie sich mit dem <strong data-start=\"309\" data-end=\"336\">Barbapapa Rote Fr\u00fcchte<\/strong> E-Liquid aus der Crazy Labs Reihe \ud83c\udfa1 in Ihre Kindheit zur\u00fcck. Dieses k\u00f6stliche Rezept kombiniert die luftige S\u00fc\u00dfe einer s\u00fc\u00dfen Zuckerwatte mit den fruchtigen und leicht s\u00e4uerlichen Noten von roten Fr\u00fcchten. Saftige Erdbeeren, intensive Himbeeren und schmackhafte Kirschen verflechten sich zu einem perfekten Gleichgewicht zwischen Gaumenfreuden und Frische. Jede Inhalation erinnert an die festliche Atmosph\u00e4re eines Jahrmarktes und sorgt f\u00fcr ein wohltuendes und genussvolles Dampfen.   <\/p>\n<p data-start=\"755\" data-end=\"1158\">Dank seines Verh\u00e4ltnisses von <strong data-start=\"773\" data-end=\"788\">50PG zu 50VG<\/strong> bietet dieses Liquid eine ausgezeichnete Geschmackswiedergabe und erzeugt einen angenehmen Dampf, der mit den meisten elektronischen Zigaretten kompatibel ist. Mit einem <strong data-start=\"938\" data-end=\"976\">Nikotingehalt von bis zu 6 mg<\/strong> l\u00e4sst es sich leicht an Ihre Bed\u00fcrfnisse anpassen und erm\u00f6glicht so ein individuelles Dampfen. Eine k\u00f6stliche und nostalgische Kreation von Crazy Labs, ideal f\u00fcr Liebhaber von s\u00fc\u00dfen und fruchtigen Aromen \u2728. <\/p>\n<p>In einer <strong>140 ml<\/strong>-Flasche finden Sie <strong>100 ml<\/strong> Fl\u00fcssigkeit mit verst\u00e4rkten Aromen. Diese Fl\u00fcssigkeit kann mit <a href=\"https:\/\/chezsmoke.ch\/product-category\/boosters-nicotine\/\">Nikotinboostern<\/a> erg\u00e4nzt werden, um die gew\u00fcnschte Dosis zu erhalten, oder mit einer <a href=\"https:\/\/chezsmoke.ch\/product-category\/bases\/\">neutralen Basis ohne Nikotin<\/a>. <strong>2 Booster f\u00fcr 3 mg\/ml und 4 Booster f\u00fcr 6 mg\/ml<\/strong>. (F\u00fcr h\u00f6here Nikotindosierungen ist ein externer Beh\u00e4lter vorzusehen). <\/p>\n<p data-start=\"755\" data-end=\"1158\">\n","protected":false},"excerpt":{"rendered":"<p>\ud83c\udf6d\ud83c\udf53 <strong data-start=\"1201\" data-end=\"1241\">Barbapapa Rote Fr\u00fcchte &#8211; Crazy Labs<\/strong><br data-start=\"1241\" data-end=\"1244\">Die S\u00fc\u00dfe von Zuckerwatte, verfeinert durch s\u00e4uerliche und leckere rote Fr\u00fcchte.<\/p>\n","protected":false},"featured_media":466675,"comment_status":"closed","ping_status":"closed","template":"","meta":{"_acf_changed":false},"product_brand":[],"product_cat":[681,683,685,1276],"product_tag":[],"class_list":{"0":"post-465902","1":"product","2":"type-product","3":"status-publish","4":"has-post-thumbnail","6":"product_cat-e-liquids-de","7":"product_cat-fruchtig","8":"product_cat-fruchtig-de","9":"product_cat-shortfill-0-8-mg-nikotin","11":"first","12":"instock","13":"taxable","14":"shipping-taxable","15":"purchasable","16":"product-type-simple"},"bundled_by":[],"bundle_stock_status":"instock","bundle_stock_quantity":12,"bundle_virtual":false,"bundle_layout":"","bundle_add_to_cart_form_location":"","bundle_editable_in_cart":false,"bundle_sold_individually_context":"","bundle_item_grouping":"","bundle_min_size":"","bundle_max_size":"","bundle_price":[],"bundled_items":[],"bundle_sell_ids":[],"acf":[],"_links":{"self":[{"href":"https:\/\/chezsmoke.ch\/de\/wp-json\/wp\/v2\/product\/465902","targetHints":{"allow":["GET"]}}],"collection":[{"href":"https:\/\/chezsmoke.ch\/de\/wp-json\/wp\/v2\/product"}],"about":[{"href":"https:\/\/chezsmoke.ch\/de\/wp-json\/wp\/v2\/types\/product"}],"replies":[{"embeddable":true,"href":"https:\/\/chezsmoke.ch\/de\/wp-json\/wp\/v2\/comments?post=465902"}],"wp:featuredmedia":[{"embeddable":true,"href":"https:\/\/chezsmoke.ch\/de\/wp-json\/wp\/v2\/media\/466675"}],"wp:attachment":[{"href":"https:\/\/chezsmoke.ch\/de\/wp-json\/wp\/v2\/media?parent=465902"}],"wp:term":[{"taxonomy":"product_brand","embeddable":true,"href":"https:\/\/chezsmoke.ch\/de\/wp-json\/wp\/v2\/product_brand?post=465902"},{"taxonomy":"product_cat","embeddable":true,"href":"https:\/\/chezsmoke.ch\/de\/wp-json\/wp\/v2\/product_cat?post=465902"},{"taxonomy":"product_tag","embeddable":true,"href":"https:\/\/chezsmoke.ch\/de\/wp-json\/wp\/v2\/product_tag?post=465902"}],"curies":[{"name":"wp","href":"https:\/\/api.w.org\/{rel}","templated":true}]}}