{"id":465906,"date":"2026-02-06T16:09:11","date_gmt":"2026-02-06T15:09:11","guid":{"rendered":"https:\/\/chezsmoke.ch\/produit\/kaffee-crazy-labs\/"},"modified":"2026-02-10T12:44:13","modified_gmt":"2026-02-10T11:44:13","slug":"kaffee-crazy-labs","status":"publish","type":"product","link":"https:\/\/chezsmoke.ch\/de\/produit\/kaffee-crazy-labs\/","title":{"rendered":"Crazy Labs &#8211; Kaffee"},"content":{"rendered":"<p data-start=\"213\" data-end=\"258\"><strong data-start=\"213\" data-end=\"256\">Kaffee  <\/strong><\/p>\n<p data-start=\"260\" data-end=\"626\">Wecken Sie Ihre Sinne mit dem E-Liquid <strong data-start=\"297\" data-end=\"305\">Caf\u00e9<\/strong> aus der Crazy Labs Reihe \u2615. Diese intensive und authentische Rezeptur gibt den ganzen Reichtum eines frisch ger\u00f6steten Kaffees wieder, mit kr\u00e4ftigen, leicht bitteren und subtilen s\u00fc\u00dfen Noten. Jeder Zug vermittelt ein warmes und beruhigendes Gef\u00fchl, perfekt f\u00fcr Ihre Pausen oder um den Tag mit Charakter zu beginnen.  <\/p>\n<p data-start=\"628\" data-end=\"1034\">Die Ausgewogenheit von <strong data-start=\"642\" data-end=\"657\">50PG \/ 50VG<\/strong> gew\u00e4hrleistet eine ausgezeichnete Wiedergabe der Aromen und einen angenehmen Dampf, der mit den meisten elektronischen Zigaretten kompatibel ist. Mit einem <strong data-start=\"785\" data-end=\"823\">Nikotingehalt von bis zu 6 mg<\/strong> l\u00e4sst sich dieses Liquid leicht an Ihre Vorlieben anpassen, um ein ma\u00dfgeschneidertes Dampferlebnis zu bieten. Crazy Labs bietet hier eine einfache, kr\u00e4ftige und realistische Kreation, ideal f\u00fcr Liebhaber von leckeren und authentischen Aromen \u2615\u2728. <\/p>\n<p>In einer <strong>140 ml<\/strong>-Flasche finden Sie <strong>100 ml<\/strong> Fl\u00fcssigkeit mit verst\u00e4rkten Aromen. Diese Fl\u00fcssigkeit kann mit <a href=\"https:\/\/chezsmoke.ch\/product-category\/boosters-nicotine\/\">Nikotinboostern<\/a> erg\u00e4nzt werden, um die gew\u00fcnschte Dosis zu erhalten, oder mit einer <a href=\"https:\/\/chezsmoke.ch\/product-category\/bases\/\">neutralen Basis ohne Nikotin<\/a>. <strong>2 Booster f\u00fcr 3 mg\/ml und 4 Booster f\u00fcr 6 mg\/ml<\/strong>. (F\u00fcr h\u00f6here Nikotindosierungen ist ein externer Beh\u00e4lter vorzusehen). <\/p>\n<p data-start=\"628\" data-end=\"1034\">\n","protected":false},"excerpt":{"rendered":"<p>\u2615 <strong data-start=\"1074\" data-end=\"1095\">Kaffee &#8211; Crazy Labs<\/strong><br data-start=\"1095\" data-end=\"1098\">Ein kr\u00e4ftiger, aromatischer Kaffee, der mit jedem Zug intensiv wach macht.<\/p>\n","protected":false},"featured_media":466678,"comment_status":"closed","ping_status":"closed","template":"","meta":{"_acf_changed":false},"product_brand":[],"product_cat":[681,1153,707,1276],"product_tag":[],"class_list":{"0":"post-465906","1":"product","2":"type-product","3":"status-publish","4":"has-post-thumbnail","6":"product_cat-e-liquids-de","7":"product_cat-getranke","8":"product_cat-neuheiten","9":"product_cat-shortfill-0-8-mg-nikotin","11":"first","12":"instock","13":"taxable","14":"shipping-taxable","15":"purchasable","16":"product-type-simple"},"bundled_by":[],"bundle_stock_status":"instock","bundle_stock_quantity":15,"bundle_virtual":false,"bundle_layout":"","bundle_add_to_cart_form_location":"","bundle_editable_in_cart":false,"bundle_sold_individually_context":"","bundle_item_grouping":"","bundle_min_size":"","bundle_max_size":"","bundle_price":[],"bundled_items":[],"bundle_sell_ids":[],"acf":[],"_links":{"self":[{"href":"https:\/\/chezsmoke.ch\/de\/wp-json\/wp\/v2\/product\/465906","targetHints":{"allow":["GET"]}}],"collection":[{"href":"https:\/\/chezsmoke.ch\/de\/wp-json\/wp\/v2\/product"}],"about":[{"href":"https:\/\/chezsmoke.ch\/de\/wp-json\/wp\/v2\/types\/product"}],"replies":[{"embeddable":true,"href":"https:\/\/chezsmoke.ch\/de\/wp-json\/wp\/v2\/comments?post=465906"}],"wp:featuredmedia":[{"embeddable":true,"href":"https:\/\/chezsmoke.ch\/de\/wp-json\/wp\/v2\/media\/466678"}],"wp:attachment":[{"href":"https:\/\/chezsmoke.ch\/de\/wp-json\/wp\/v2\/media?parent=465906"}],"wp:term":[{"taxonomy":"product_brand","embeddable":true,"href":"https:\/\/chezsmoke.ch\/de\/wp-json\/wp\/v2\/product_brand?post=465906"},{"taxonomy":"product_cat","embeddable":true,"href":"https:\/\/chezsmoke.ch\/de\/wp-json\/wp\/v2\/product_cat?post=465906"},{"taxonomy":"product_tag","embeddable":true,"href":"https:\/\/chezsmoke.ch\/de\/wp-json\/wp\/v2\/product_tag?post=465906"}],"curies":[{"name":"wp","href":"https:\/\/api.w.org\/{rel}","templated":true}]}}