{"id":465911,"date":"2026-02-06T16:13:25","date_gmt":"2026-02-06T15:13:25","guid":{"rendered":"https:\/\/chezsmoke.ch\/produit\/crazy-labs-frische-zitrone\/"},"modified":"2026-02-10T12:41:05","modified_gmt":"2026-02-10T11:41:05","slug":"crazy-labs-frische-zitrone","status":"publish","type":"product","link":"https:\/\/chezsmoke.ch\/de\/produit\/crazy-labs-frische-zitrone\/","title":{"rendered":"Crazy Labs &#8211; Frische Zitrone"},"content":{"rendered":"<p data-start=\"225\" data-end=\"278\"><strong data-start=\"225\" data-end=\"276\">Frische Zitrone  <\/strong><\/p>\n<p data-start=\"280\" data-end=\"717\">Tanken Sie <strong data-start=\"327\" data-end=\"343\">Frische<\/strong> mit dem E-Liquid <strong data-start=\"327\" data-end=\"343\">Frische Zitrone<\/strong> aus der Crazy Labs Reihe \ud83c\udf4b\u2744\ufe0f. Diese ultra-erfrischende Rezeptur ehrt die prickelnde S\u00e4ure einer saftigen und strahlenden Zitrone, deren Zesten sofort die Geschmacksknospen wecken. Im Abgang umh\u00fcllt eine leichte frische Note jede Inhalation und sorgt f\u00fcr einen belebenden und perfekt ausgewogenen Nervenkitzel, ideal f\u00fcr ein belebendes und erfrischendes Dampfen.  <\/p>\n<p data-start=\"719\" data-end=\"1138\">Dank seines Verh\u00e4ltnisses von <strong data-start=\"737\" data-end=\"752\">50PG zu 50VG<\/strong> gew\u00e4hrleistet dieses Liquid eine ausgezeichnete Wiedergabe der Aromen mit einem angenehmen Dampf, der mit den meisten elektronischen Zigaretten kompatibel ist. Mit einem <strong data-start=\"906\" data-end=\"944\">Nikotingehalt von bis zu 6 mg<\/strong> l\u00e4sst es sich leicht an Ihre Bed\u00fcrfnisse anpassen und erm\u00f6glicht so ein individuelles Dampfen. Eine frische, s\u00e4uerliche und durchschlagende Kreation von Crazy Labs, perfekt f\u00fcr Liebhaber von intensiven Zitronenerlebnissen \u2728. <\/p>\n<p>In einer <strong>140 ml<\/strong>-Flasche finden Sie <strong>100 ml<\/strong> Fl\u00fcssigkeit mit verst\u00e4rkten Aromen. Diese Fl\u00fcssigkeit kann mit <a href=\"https:\/\/chezsmoke.ch\/product-category\/boosters-nicotine\/\">Nikotinboostern<\/a> erg\u00e4nzt werden, um die gew\u00fcnschte Dosis zu erhalten, oder mit einer <a href=\"https:\/\/chezsmoke.ch\/product-category\/bases\/\">neutralen Basis ohne Nikotin<\/a>. <strong>2 Booster f\u00fcr 3 mg\/ml und 4 Booster f\u00fcr 6 mg\/ml<\/strong>. (F\u00fcr h\u00f6here Nikotindosierungen ist ein externer Beh\u00e4lter vorzusehen). <\/p>\n","protected":false},"excerpt":{"rendered":"<p>\ud83c\udf4b\u2744\ufe0f F <strong data-start=\"1181\" data-end=\"1210\">rische Zitrone &#8211; Crazy Labs<\/strong><br data-start=\"1210\" data-end=\"1213\">Eine lebhafte, s\u00e4uerliche Zitrone mit einer intensiven Frische f\u00fcr ein ultra-belebendes Dampfen.<\/p>\n","protected":false},"featured_media":466681,"comment_status":"closed","ping_status":"closed","template":"","meta":{"_acf_changed":false},"product_brand":[],"product_cat":[681,683,699,1276],"product_tag":[],"class_list":{"0":"post-465911","1":"product","2":"type-product","3":"status-publish","4":"has-post-thumbnail","6":"product_cat-e-liquids-de","7":"product_cat-fruchtig","8":"product_cat-fruchtig-frisch","9":"product_cat-shortfill-0-8-mg-nikotin","11":"first","12":"instock","13":"taxable","14":"shipping-taxable","15":"purchasable","16":"product-type-simple"},"bundled_by":[],"bundle_stock_status":"instock","bundle_stock_quantity":16,"bundle_virtual":false,"bundle_layout":"","bundle_add_to_cart_form_location":"","bundle_editable_in_cart":false,"bundle_sold_individually_context":"","bundle_item_grouping":"","bundle_min_size":"","bundle_max_size":"","bundle_price":[],"bundled_items":[],"bundle_sell_ids":[],"acf":[],"_links":{"self":[{"href":"https:\/\/chezsmoke.ch\/de\/wp-json\/wp\/v2\/product\/465911","targetHints":{"allow":["GET"]}}],"collection":[{"href":"https:\/\/chezsmoke.ch\/de\/wp-json\/wp\/v2\/product"}],"about":[{"href":"https:\/\/chezsmoke.ch\/de\/wp-json\/wp\/v2\/types\/product"}],"replies":[{"embeddable":true,"href":"https:\/\/chezsmoke.ch\/de\/wp-json\/wp\/v2\/comments?post=465911"}],"wp:featuredmedia":[{"embeddable":true,"href":"https:\/\/chezsmoke.ch\/de\/wp-json\/wp\/v2\/media\/466681"}],"wp:attachment":[{"href":"https:\/\/chezsmoke.ch\/de\/wp-json\/wp\/v2\/media?parent=465911"}],"wp:term":[{"taxonomy":"product_brand","embeddable":true,"href":"https:\/\/chezsmoke.ch\/de\/wp-json\/wp\/v2\/product_brand?post=465911"},{"taxonomy":"product_cat","embeddable":true,"href":"https:\/\/chezsmoke.ch\/de\/wp-json\/wp\/v2\/product_cat?post=465911"},{"taxonomy":"product_tag","embeddable":true,"href":"https:\/\/chezsmoke.ch\/de\/wp-json\/wp\/v2\/product_tag?post=465911"}],"curies":[{"name":"wp","href":"https:\/\/api.w.org\/{rel}","templated":true}]}}