{"id":465918,"date":"2026-02-06T16:16:51","date_gmt":"2026-02-06T15:16:51","guid":{"rendered":"https:\/\/chezsmoke.ch\/produit\/crazy-labs-doppelter-apfel\/"},"modified":"2026-02-10T12:40:10","modified_gmt":"2026-02-10T11:40:10","slug":"crazy-labs-doppelter-apfel","status":"publish","type":"product","link":"https:\/\/chezsmoke.ch\/de\/produit\/crazy-labs-doppelter-apfel\/","title":{"rendered":"Crazy Labs &#8211; Doppelter Apfel"},"content":{"rendered":"<p data-start=\"225\" data-end=\"278\"><strong data-start=\"225\" data-end=\"276\">Doppelter Apfel  <\/strong><\/p>\n<p data-start=\"280\" data-end=\"695\">Entdecken Sie das E-Liquid <strong data-start=\"303\" data-end=\"319\">Double Apple<\/strong> aus der Crazy Labs Reihe \ud83c\udf4e\ud83c\udf4f, ein fruchtiges und perfekt ausgewogenes Rezept. Dieses strahlende Duo vereint die s\u00fc\u00dfe und saftige S\u00fc\u00dfe des roten Apfels mit der knackigen, leicht s\u00e4uerlichen Note des gr\u00fcnen Apfels. Zusammen erg\u00e4nzen sich diese beiden Sorten perfekt und bieten einen harmonischen, frischen und intensiv fruchtigen Dampf, der an den Genuss von Obstg\u00e4rten in voller Bl\u00fcte erinnert.  <\/p>\n<p data-start=\"697\" data-end=\"1099\">Dank seines Verh\u00e4ltnisses von <strong data-start=\"715\" data-end=\"730\">50PG zu 50VG<\/strong> garantiert dieses Liquid eine ausgezeichnete Geschmackswiedergabe und eine angenehme Dampfproduktion, die mit den meisten elektronischen Zigaretten kompatibel ist. Der <strong data-start=\"881\" data-end=\"919\">Nikotingehalt<\/strong> kann <strong data-start=\"881\" data-end=\"919\">bis zu 6 mg betragen<\/strong>, so dass Sie den <strong data-start=\"881\" data-end=\"919\">Nikotingehalt<\/strong> nach Ihren W\u00fcnschen einstellen k\u00f6nnen. Crazy Labs hat hier eine fruchtige, ausgewogene und zeitlose Kreation geschaffen, die ideal f\u00fcr das t\u00e4gliche Dampfen voller Frische ist \u2728. <\/p>\n<p>In einer <strong>140 ml<\/strong>-Flasche finden Sie <strong>100 ml<\/strong> Fl\u00fcssigkeit mit verst\u00e4rkten Aromen. Diese Fl\u00fcssigkeit kann mit <a href=\"https:\/\/chezsmoke.ch\/product-category\/boosters-nicotine\/\">Nikotinboostern<\/a> erg\u00e4nzt werden, um die gew\u00fcnschte Dosis zu erhalten, oder mit einer <a href=\"https:\/\/chezsmoke.ch\/product-category\/bases\/\">neutralen Basis ohne Nikotin<\/a>. <strong>2 Booster f\u00fcr 3 mg\/ml und 4 Booster f\u00fcr 6 mg\/ml<\/strong>. (F\u00fcr h\u00f6here Nikotindosierungen ist ein externer Beh\u00e4lter vorzusehen). <\/p>\n","protected":false},"excerpt":{"rendered":"<p>\ud83c\udf4e\ud83c\udf4f <strong data-start=\"1142\" data-end=\"1171\">Doppelter Apfel &#8211; Crazy Labs<\/strong><br data-start=\"1171\" data-end=\"1174\">Die perfekte Balance zwischen s\u00fc\u00dfem roten Apfel und s\u00e4uerlichem gr\u00fcnen Apfel.<\/p>\n","protected":false},"featured_media":466684,"comment_status":"closed","ping_status":"closed","template":"","meta":{"_acf_changed":false},"product_brand":[],"product_cat":[681,683,685,1276],"product_tag":[],"class_list":{"0":"post-465918","1":"product","2":"type-product","3":"status-publish","4":"has-post-thumbnail","6":"product_cat-e-liquids-de","7":"product_cat-fruchtig","8":"product_cat-fruchtig-de","9":"product_cat-shortfill-0-8-mg-nikotin","11":"first","12":"instock","13":"taxable","14":"shipping-taxable","15":"purchasable","16":"product-type-simple"},"bundled_by":[],"bundle_stock_status":"instock","bundle_stock_quantity":13,"bundle_virtual":false,"bundle_layout":"","bundle_add_to_cart_form_location":"","bundle_editable_in_cart":false,"bundle_sold_individually_context":"","bundle_item_grouping":"","bundle_min_size":"","bundle_max_size":"","bundle_price":[],"bundled_items":[],"bundle_sell_ids":[],"acf":[],"_links":{"self":[{"href":"https:\/\/chezsmoke.ch\/de\/wp-json\/wp\/v2\/product\/465918","targetHints":{"allow":["GET"]}}],"collection":[{"href":"https:\/\/chezsmoke.ch\/de\/wp-json\/wp\/v2\/product"}],"about":[{"href":"https:\/\/chezsmoke.ch\/de\/wp-json\/wp\/v2\/types\/product"}],"replies":[{"embeddable":true,"href":"https:\/\/chezsmoke.ch\/de\/wp-json\/wp\/v2\/comments?post=465918"}],"wp:featuredmedia":[{"embeddable":true,"href":"https:\/\/chezsmoke.ch\/de\/wp-json\/wp\/v2\/media\/466684"}],"wp:attachment":[{"href":"https:\/\/chezsmoke.ch\/de\/wp-json\/wp\/v2\/media?parent=465918"}],"wp:term":[{"taxonomy":"product_brand","embeddable":true,"href":"https:\/\/chezsmoke.ch\/de\/wp-json\/wp\/v2\/product_brand?post=465918"},{"taxonomy":"product_cat","embeddable":true,"href":"https:\/\/chezsmoke.ch\/de\/wp-json\/wp\/v2\/product_cat?post=465918"},{"taxonomy":"product_tag","embeddable":true,"href":"https:\/\/chezsmoke.ch\/de\/wp-json\/wp\/v2\/product_tag?post=465918"}],"curies":[{"name":"wp","href":"https:\/\/api.w.org\/{rel}","templated":true}]}}