{"id":465923,"date":"2026-02-06T16:19:29","date_gmt":"2026-02-06T15:19:29","guid":{"rendered":"https:\/\/chezsmoke.ch\/produit\/crazy-labs-schlangenfrucht-drachenfrucht\/"},"modified":"2026-02-10T12:39:34","modified_gmt":"2026-02-10T11:39:34","slug":"crazy-labs-schlangenfrucht-drachenfrucht","status":"publish","type":"product","link":"https:\/\/chezsmoke.ch\/de\/produit\/crazy-labs-schlangenfrucht-drachenfrucht\/","title":{"rendered":"Crazy Labs &#8211; Schlangenfrucht Drachenfrucht"},"content":{"rendered":"<p data-start=\"218\" data-end=\"293\"><strong data-start=\"218\" data-end=\"291\">Schlangenfrucht &amp; Drachenfrucht  <\/strong><\/p>\n<p data-start=\"295\" data-end=\"733\">Begeben Sie sich auf ein Abenteuer mit dem e-Liquid <strong data-start=\"333\" data-end=\"371\">Schlangenfrucht &amp; Drachenfrucht<\/strong> aus der Crazy Labs \ud83d\udc0d\ud83d\udc09 Reihe. Dieses gewagte und exotische Rezept hebt die Komplexit\u00e4t der Schlangenfrucht mit ihren leicht s\u00e4uerlichen und erfrischenden Noten hervor, die durch die zarte und tropische S\u00fc\u00dfe der Drachenfrucht sublimiert wird. Diese originelle Kombination schafft eine \u00fcberraschende Harmonie, die bei jeder Inhalation ein s\u00fc\u00dfes, fruchtiges und exotisches Dampferlebnis bietet.  <\/p>\n<p data-start=\"735\" data-end=\"1169\">Dank seines Verh\u00e4ltnisses von <strong data-start=\"753\" data-end=\"768\">50PG zu 50VG<\/strong> bietet dieses Liquid ein ausgezeichnetes Gleichgewicht zwischen Geschmackswiedergabe und Dampfproduktion und ist mit den meisten elektronischen Zigaretten kompatibel. Mit einem <strong data-start=\"926\" data-end=\"964\">Nikotingehalt von bis zu 6 mg<\/strong> l\u00e4sst es sich leicht an Ihre Vorlieben anpassen und sorgt so f\u00fcr ein individuelles Dampferlebnis. Eine exotische und faszinierende Kreation von Crazy Labs, ideal f\u00fcr Liebhaber von originellen und sonnigen Aromen \u2728. <\/p>\n<p>In einer <strong>140 ml<\/strong>-Flasche finden Sie <strong>100 ml<\/strong> Fl\u00fcssigkeit mit verst\u00e4rkten Aromen. Diese Fl\u00fcssigkeit kann mit <a href=\"https:\/\/chezsmoke.ch\/product-category\/boosters-nicotine\/\">Nikotinboostern<\/a> erg\u00e4nzt werden, um die gew\u00fcnschte Dosis zu erhalten, oder mit einer <a href=\"https:\/\/chezsmoke.ch\/product-category\/bases\/\">neutralen Basis ohne Nikotin<\/a>. <strong>2 Booster f\u00fcr 3 mg\/ml und 4 Booster f\u00fcr 6 mg\/ml<\/strong>. (F\u00fcr h\u00f6here Nikotindosierungen ist ein externer Beh\u00e4lter vorzusehen). <\/p>\n","protected":false},"excerpt":{"rendered":"<p>\ud83d\udc0d\ud83d\udc09 Snake <strong data-start=\"1212\" data-end=\"1263\">Fruit &amp; Dragon Fruit &#8211; Crazy Labs<\/strong><br data-start=\"1263\" data-end=\"1266\">Ein \u00fcberraschend exotisches Duo zwischen frischer S\u00e4ure und tropischer S\u00fc\u00dfe.<\/p>\n","protected":false},"featured_media":466687,"comment_status":"closed","ping_status":"closed","template":"","meta":{"_acf_changed":false},"product_brand":[],"product_cat":[681,683,685,707,1276],"product_tag":[],"class_list":{"0":"post-465923","1":"product","2":"type-product","3":"status-publish","4":"has-post-thumbnail","6":"product_cat-e-liquids-de","7":"product_cat-fruchtig","8":"product_cat-fruchtig-de","9":"product_cat-neuheiten","10":"product_cat-shortfill-0-8-mg-nikotin","12":"first","13":"instock","14":"taxable","15":"shipping-taxable","16":"purchasable","17":"product-type-simple"},"bundled_by":[],"bundle_stock_status":"instock","bundle_stock_quantity":13,"bundle_virtual":false,"bundle_layout":"","bundle_add_to_cart_form_location":"","bundle_editable_in_cart":false,"bundle_sold_individually_context":"","bundle_item_grouping":"","bundle_min_size":"","bundle_max_size":"","bundle_price":[],"bundled_items":[],"bundle_sell_ids":[],"acf":[],"_links":{"self":[{"href":"https:\/\/chezsmoke.ch\/de\/wp-json\/wp\/v2\/product\/465923","targetHints":{"allow":["GET"]}}],"collection":[{"href":"https:\/\/chezsmoke.ch\/de\/wp-json\/wp\/v2\/product"}],"about":[{"href":"https:\/\/chezsmoke.ch\/de\/wp-json\/wp\/v2\/types\/product"}],"replies":[{"embeddable":true,"href":"https:\/\/chezsmoke.ch\/de\/wp-json\/wp\/v2\/comments?post=465923"}],"wp:featuredmedia":[{"embeddable":true,"href":"https:\/\/chezsmoke.ch\/de\/wp-json\/wp\/v2\/media\/466687"}],"wp:attachment":[{"href":"https:\/\/chezsmoke.ch\/de\/wp-json\/wp\/v2\/media?parent=465923"}],"wp:term":[{"taxonomy":"product_brand","embeddable":true,"href":"https:\/\/chezsmoke.ch\/de\/wp-json\/wp\/v2\/product_brand?post=465923"},{"taxonomy":"product_cat","embeddable":true,"href":"https:\/\/chezsmoke.ch\/de\/wp-json\/wp\/v2\/product_cat?post=465923"},{"taxonomy":"product_tag","embeddable":true,"href":"https:\/\/chezsmoke.ch\/de\/wp-json\/wp\/v2\/product_tag?post=465923"}],"curies":[{"name":"wp","href":"https:\/\/api.w.org\/{rel}","templated":true}]}}