{"id":465926,"date":"2026-02-06T16:22:15","date_gmt":"2026-02-06T15:22:15","guid":{"rendered":"https:\/\/chezsmoke.ch\/produit\/crazy-labs-rote-fruechte\/"},"modified":"2026-02-10T12:38:38","modified_gmt":"2026-02-10T11:38:38","slug":"crazy-labs-rote-fruechte","status":"publish","type":"product","link":"https:\/\/chezsmoke.ch\/de\/produit\/crazy-labs-rote-fruechte\/","title":{"rendered":"Crazy Labs &#8211; Rote Fr\u00fcchte"},"content":{"rendered":"<p data-start=\"204\" data-end=\"258\"><strong data-start=\"204\" data-end=\"256\">Rote Fr\u00fcchte  <\/strong><\/p>\n<p data-start=\"260\" data-end=\"692\">Lassen Sie sich von einer Geschmacksexplosion mit dem e-Liquid <strong data-start=\"329\" data-end=\"346\">Rote Beeren<\/strong> aus dem Sortiment von Crazy Labs \ud83c\udf53 mitrei\u00dfen. Dieses intensiv fruchtige Rezept vereint eine Symphonie aus frischen und saftigen roten Beeren, die ein perfektes Gleichgewicht zwischen S\u00fc\u00dfe und leichter S\u00e4ure bieten. Erdbeeren, Himbeeren und andere rote Fr\u00fcchte vermischen sich, um die Geschmacksknospen bei jedem Zug zu wecken und ein k\u00f6stliches, reichhaltiges und charaktervolles Dampferlebnis zu bieten.  <\/p>\n<p data-start=\"694\" data-end=\"1119\">Dank seines Verh\u00e4ltnisses von <strong data-start=\"712\" data-end=\"727\">50PG zu 50VG<\/strong> garantiert dieses Liquid eine ausgezeichnete Wiedergabe der Aromen mit einem angenehmen Dampf, der mit den meisten elektronischen Zigaretten kompatibel ist. Mit einem <strong data-start=\"882\" data-end=\"920\">Nikotingehalt von bis zu 6 mg<\/strong> l\u00e4sst es sich leicht an Ihre Bed\u00fcrfnisse anpassen und sorgt so f\u00fcr ein individuelles Dampferlebnis. Eine unverzichtbare fruchtige Kreation von Crazy Labs, ideal f\u00fcr Liebhaber von intensiven und authentischen Aromen \u2728. <\/p>\n<p>In einer <strong>140 ml<\/strong>-Flasche finden Sie <strong>100 ml<\/strong> Fl\u00fcssigkeit mit verst\u00e4rkten Aromen. Diese Fl\u00fcssigkeit kann mit <a href=\"https:\/\/chezsmoke.ch\/product-category\/boosters-nicotine\/\">Nikotinboostern<\/a> erg\u00e4nzt werden, um die gew\u00fcnschte Dosis zu erhalten, oder mit einer <a href=\"https:\/\/chezsmoke.ch\/product-category\/bases\/\">neutralen Basis ohne Nikotin<\/a>. <strong>2 Booster f\u00fcr 3 mg\/ml und 4 Booster f\u00fcr 6 mg\/ml<\/strong>. (F\u00fcr h\u00f6here Nikotindosierungen ist ein externer Beh\u00e4lter vorzusehen). <\/p>\n","protected":false},"excerpt":{"rendered":"<p>\ud83c\udf53 <strong data-start=\"1160\" data-end=\"1190\">Red Fruits &#8211; Crazy Labs<\/strong><br data-start=\"1190\" data-end=\"1193\">Eine intensive Mischung aus saftigen roten Beeren f\u00fcr ein fruchtiges und gieriges Dampfen.<\/p>\n","protected":false},"featured_media":466690,"comment_status":"closed","ping_status":"closed","template":"","meta":{"_acf_changed":false},"product_brand":[],"product_cat":[681,683,685,707,1276],"product_tag":[],"class_list":{"0":"post-465926","1":"product","2":"type-product","3":"status-publish","4":"has-post-thumbnail","6":"product_cat-e-liquids-de","7":"product_cat-fruchtig","8":"product_cat-fruchtig-de","9":"product_cat-neuheiten","10":"product_cat-shortfill-0-8-mg-nikotin","12":"first","13":"instock","14":"taxable","15":"shipping-taxable","16":"purchasable","17":"product-type-simple"},"bundled_by":[],"bundle_stock_status":"instock","bundle_stock_quantity":25,"bundle_virtual":false,"bundle_layout":"","bundle_add_to_cart_form_location":"","bundle_editable_in_cart":false,"bundle_sold_individually_context":"","bundle_item_grouping":"","bundle_min_size":"","bundle_max_size":"","bundle_price":[],"bundled_items":[],"bundle_sell_ids":[],"acf":[],"_links":{"self":[{"href":"https:\/\/chezsmoke.ch\/de\/wp-json\/wp\/v2\/product\/465926","targetHints":{"allow":["GET"]}}],"collection":[{"href":"https:\/\/chezsmoke.ch\/de\/wp-json\/wp\/v2\/product"}],"about":[{"href":"https:\/\/chezsmoke.ch\/de\/wp-json\/wp\/v2\/types\/product"}],"replies":[{"embeddable":true,"href":"https:\/\/chezsmoke.ch\/de\/wp-json\/wp\/v2\/comments?post=465926"}],"wp:featuredmedia":[{"embeddable":true,"href":"https:\/\/chezsmoke.ch\/de\/wp-json\/wp\/v2\/media\/466690"}],"wp:attachment":[{"href":"https:\/\/chezsmoke.ch\/de\/wp-json\/wp\/v2\/media?parent=465926"}],"wp:term":[{"taxonomy":"product_brand","embeddable":true,"href":"https:\/\/chezsmoke.ch\/de\/wp-json\/wp\/v2\/product_brand?post=465926"},{"taxonomy":"product_cat","embeddable":true,"href":"https:\/\/chezsmoke.ch\/de\/wp-json\/wp\/v2\/product_cat?post=465926"},{"taxonomy":"product_tag","embeddable":true,"href":"https:\/\/chezsmoke.ch\/de\/wp-json\/wp\/v2\/product_tag?post=465926"}],"curies":[{"name":"wp","href":"https:\/\/api.w.org\/{rel}","templated":true}]}}