{"id":465931,"date":"2026-02-06T16:25:58","date_gmt":"2026-02-06T15:25:58","guid":{"rendered":"https:\/\/chezsmoke.ch\/produit\/crazy-labs-waffel-himbeere\/"},"modified":"2026-02-10T12:37:44","modified_gmt":"2026-02-10T11:37:44","slug":"crazy-labs-waffel-himbeere","status":"publish","type":"product","link":"https:\/\/chezsmoke.ch\/de\/produit\/crazy-labs-waffel-himbeere\/","title":{"rendered":"Crazy Labs &#8211; Waffel Himbeere"},"content":{"rendered":"<p data-start=\"221\" data-end=\"281\"><strong data-start=\"221\" data-end=\"279\">Waffel Himbeere  <\/strong><\/p>\n<p data-start=\"283\" data-end=\"640\">Erliegen Sie der S\u00fc\u00dfe der <strong data-start=\"319\" data-end=\"342\">Gaufrette Himbeer<\/strong> e-Liquids aus dem Crazy Labs Sortiment \ud83c\udf6a\ud83c\udf53. Dieses Gourmet-Rezept kombiniert die knusprige, leicht s\u00fc\u00dfe, goldgelbe Waffel mit der subtilen S\u00e4ure einer saftigen, strahlenden Himbeere. Jeder Zug erinnert an eine w\u00e4rmende und leckere Zwischenmahlzeit, f\u00fcr ein s\u00fc\u00dfes, fruchtiges und unwiderstehlich leckeres Dampfen.  <\/p>\n<p data-start=\"642\" data-end=\"1062\">Mit seinem Verh\u00e4ltnis <strong data-start=\"657\" data-end=\"672\">von 50PG zu 50VG<\/strong> garantiert dieses Liquid eine ausgezeichnete Geschmackswiedergabe und erzeugt einen angenehmen Dampf, der mit den meisten elektronischen Zigaretten kompatibel ist. Mit einem <strong data-start=\"825\" data-end=\"863\">Nikotingehalt von bis zu 6 mg<\/strong> l\u00e4sst sich die <strong data-start=\"825\" data-end=\"863\">Liquids<\/strong> leicht an Ihre Vorlieben anpassen, um ein individuelles Dampferlebnis zu gew\u00e4hrleisten. Eine warme und k\u00f6stliche Kreation von Crazy Labs, perfekt f\u00fcr Liebhaber von fruchtigen Leckereien \u2728. <\/p>\n<p>In einer <strong>140 ml<\/strong>-Flasche finden Sie <strong>100 ml<\/strong> Fl\u00fcssigkeit mit verst\u00e4rkten Aromen. Diese Fl\u00fcssigkeit kann mit <a href=\"https:\/\/chezsmoke.ch\/product-category\/boosters-nicotine\/\">Nikotinboostern<\/a> erg\u00e4nzt werden, um die gew\u00fcnschte Dosis zu erhalten, oder mit einer <a href=\"https:\/\/chezsmoke.ch\/product-category\/bases\/\">neutralen Basis ohne Nikotin<\/a>. <strong>2 Booster f\u00fcr 3 mg\/ml und 4 Booster f\u00fcr 6 mg\/ml<\/strong>. (F\u00fcr h\u00f6here Nikotindosierungen ist ein externer Beh\u00e4lter vorzusehen). <\/p>\n","protected":false},"excerpt":{"rendered":"<p>\ud83c\udf6a\ud83c\udf53 Waffel <strong data-start=\"1105\" data-end=\"1141\">Himbeere &#8211; Crazy Labs<\/strong><br data-start=\"1141\" data-end=\"1144\">Die Knusprigkeit einer goldenen Waffel wird durch eine saftige, s\u00e4uerliche Himbeere veredelt.<\/p>\n","protected":false},"featured_media":466693,"comment_status":"closed","ping_status":"closed","template":"","meta":{"_acf_changed":false},"product_brand":[],"product_cat":[681,708,707,1276],"product_tag":[],"class_list":{"0":"post-465931","1":"product","2":"type-product","3":"status-publish","4":"has-post-thumbnail","6":"product_cat-e-liquids-de","7":"product_cat-gourmands-de","8":"product_cat-neuheiten","9":"product_cat-shortfill-0-8-mg-nikotin","11":"first","12":"instock","13":"taxable","14":"shipping-taxable","15":"purchasable","16":"product-type-simple"},"bundled_by":[],"bundle_stock_status":"instock","bundle_stock_quantity":16,"bundle_virtual":false,"bundle_layout":"","bundle_add_to_cart_form_location":"","bundle_editable_in_cart":false,"bundle_sold_individually_context":"","bundle_item_grouping":"","bundle_min_size":"","bundle_max_size":"","bundle_price":[],"bundled_items":[],"bundle_sell_ids":[],"acf":[],"_links":{"self":[{"href":"https:\/\/chezsmoke.ch\/de\/wp-json\/wp\/v2\/product\/465931","targetHints":{"allow":["GET"]}}],"collection":[{"href":"https:\/\/chezsmoke.ch\/de\/wp-json\/wp\/v2\/product"}],"about":[{"href":"https:\/\/chezsmoke.ch\/de\/wp-json\/wp\/v2\/types\/product"}],"replies":[{"embeddable":true,"href":"https:\/\/chezsmoke.ch\/de\/wp-json\/wp\/v2\/comments?post=465931"}],"wp:featuredmedia":[{"embeddable":true,"href":"https:\/\/chezsmoke.ch\/de\/wp-json\/wp\/v2\/media\/466693"}],"wp:attachment":[{"href":"https:\/\/chezsmoke.ch\/de\/wp-json\/wp\/v2\/media?parent=465931"}],"wp:term":[{"taxonomy":"product_brand","embeddable":true,"href":"https:\/\/chezsmoke.ch\/de\/wp-json\/wp\/v2\/product_brand?post=465931"},{"taxonomy":"product_cat","embeddable":true,"href":"https:\/\/chezsmoke.ch\/de\/wp-json\/wp\/v2\/product_cat?post=465931"},{"taxonomy":"product_tag","embeddable":true,"href":"https:\/\/chezsmoke.ch\/de\/wp-json\/wp\/v2\/product_tag?post=465931"}],"curies":[{"name":"wp","href":"https:\/\/api.w.org\/{rel}","templated":true}]}}