{"id":465948,"date":"2026-02-06T16:42:44","date_gmt":"2026-02-06T15:42:44","guid":{"rendered":"https:\/\/chezsmoke.ch\/produit\/crazy-labs-gefrorener-litschi\/"},"modified":"2026-02-10T12:37:10","modified_gmt":"2026-02-10T11:37:10","slug":"crazy-labs-gefrorener-litschi","status":"publish","type":"product","link":"https:\/\/chezsmoke.ch\/de\/produit\/crazy-labs-gefrorener-litschi\/","title":{"rendered":"Crazy Labs &#8211; Gefrorener Litschi"},"content":{"rendered":"<p data-start=\"254\" data-end=\"307\"><strong data-start=\"254\" data-end=\"305\">Gefrorener Litschi  <\/strong><\/p>\n<p data-start=\"309\" data-end=\"754\">Tauchen Sie ein in eine Welt exotischer Frische mit dem E-Liquid <strong data-start=\"371\" data-end=\"387\">Litchi Glac\u00e9<\/strong> aus der Crazy Labs Reihe \u2744\ufe0f\ud83c\udf79. Diese fesselnde Kreation verbindet die s\u00fc\u00dfe und duftende S\u00fc\u00dfe der Litschi mit einer intensiven Eisnote, f\u00fcr ein fruchtiges und gleichzeitig erfrischendes Dampferlebnis. Jeder Zug versetzt Ihre Geschmacksknospen in eine tropische Welt, ideal f\u00fcr Liebhaber fruchtiger und belebender Eindr\u00fccke, die sich bei jedem Inhalieren eine erfrischende Pause w\u00fcnschen.  <\/p>\n<p data-start=\"756\" data-end=\"1181\">Dank seines Verh\u00e4ltnisses von <strong data-start=\"774\" data-end=\"789\">50PG zu 50VG<\/strong> bietet dieses Liquid ein perfektes Gleichgewicht zwischen Geschmackswiedergabe und Dampfproduktion und ist mit den meisten elektronischen Zigaretten kompatibel. Mit einem <strong data-start=\"944\" data-end=\"982\">Nikotingehalt von bis zu 6 mg<\/strong> l\u00e4sst es sich leicht an Ihre Vorlieben anpassen, um ein individuelles Erlebnis zu erm\u00f6glichen. Eine exotische, eisgek\u00fchlte Kreation von Crazy Labs, perfekt um sich zu erfrischen und dabei die S\u00fc\u00dfe der Litschi zu genie\u00dfen \u2728. <\/p>\n<p>In einer <strong>140 ml<\/strong>-Flasche finden Sie <strong>100 ml<\/strong> Fl\u00fcssigkeit mit verst\u00e4rkten Aromen. Diese Fl\u00fcssigkeit kann mit <a href=\"https:\/\/chezsmoke.ch\/product-category\/boosters-nicotine\/\">Nikotinboostern<\/a> erg\u00e4nzt werden, um die gew\u00fcnschte Dosis zu erhalten, oder mit einer <a href=\"https:\/\/chezsmoke.ch\/product-category\/bases\/\">neutralen Basis ohne Nikotin<\/a>. <strong>2 Booster f\u00fcr 3 mg\/ml und 4 Booster f\u00fcr 6 mg\/ml<\/strong>. (F\u00fcr h\u00f6here Nikotindosierungen ist ein externer Beh\u00e4lter vorzusehen). <\/p>\n","protected":false},"excerpt":{"rendered":"<p>\u2744\ufe0f\ud83c\udf79 <strong data-start=\"1224\" data-end=\"1253\">Litchi Glac\u00e9 &#8211; Crazy Labs<\/strong><br data-start=\"1253\" data-end=\"1256\">Die s\u00fc\u00dfe S\u00fc\u00dfe der Litschi wird durch eine intensive, eisige Frische verfeinert.<\/p>\n","protected":false},"featured_media":466696,"comment_status":"closed","ping_status":"closed","template":"","meta":{"_acf_changed":false},"product_brand":[],"product_cat":[681,683,699,707,1276],"product_tag":[],"class_list":{"0":"post-465948","1":"product","2":"type-product","3":"status-publish","4":"has-post-thumbnail","6":"product_cat-e-liquids-de","7":"product_cat-fruchtig","8":"product_cat-fruchtig-frisch","9":"product_cat-neuheiten","10":"product_cat-shortfill-0-8-mg-nikotin","12":"first","13":"instock","14":"taxable","15":"shipping-taxable","16":"purchasable","17":"product-type-simple"},"bundled_by":[],"bundle_stock_status":"instock","bundle_stock_quantity":13,"bundle_virtual":false,"bundle_layout":"","bundle_add_to_cart_form_location":"","bundle_editable_in_cart":false,"bundle_sold_individually_context":"","bundle_item_grouping":"","bundle_min_size":"","bundle_max_size":"","bundle_price":[],"bundled_items":[],"bundle_sell_ids":[],"acf":[],"_links":{"self":[{"href":"https:\/\/chezsmoke.ch\/de\/wp-json\/wp\/v2\/product\/465948","targetHints":{"allow":["GET"]}}],"collection":[{"href":"https:\/\/chezsmoke.ch\/de\/wp-json\/wp\/v2\/product"}],"about":[{"href":"https:\/\/chezsmoke.ch\/de\/wp-json\/wp\/v2\/types\/product"}],"replies":[{"embeddable":true,"href":"https:\/\/chezsmoke.ch\/de\/wp-json\/wp\/v2\/comments?post=465948"}],"wp:featuredmedia":[{"embeddable":true,"href":"https:\/\/chezsmoke.ch\/de\/wp-json\/wp\/v2\/media\/466696"}],"wp:attachment":[{"href":"https:\/\/chezsmoke.ch\/de\/wp-json\/wp\/v2\/media?parent=465948"}],"wp:term":[{"taxonomy":"product_brand","embeddable":true,"href":"https:\/\/chezsmoke.ch\/de\/wp-json\/wp\/v2\/product_brand?post=465948"},{"taxonomy":"product_cat","embeddable":true,"href":"https:\/\/chezsmoke.ch\/de\/wp-json\/wp\/v2\/product_cat?post=465948"},{"taxonomy":"product_tag","embeddable":true,"href":"https:\/\/chezsmoke.ch\/de\/wp-json\/wp\/v2\/product_tag?post=465948"}],"curies":[{"name":"wp","href":"https:\/\/api.w.org\/{rel}","templated":true}]}}