{"id":465958,"date":"2026-02-06T16:48:18","date_gmt":"2026-02-06T15:48:18","guid":{"rendered":"https:\/\/chezsmoke.ch\/produit\/crazy-labs-melone\/"},"modified":"2026-02-10T12:36:32","modified_gmt":"2026-02-10T11:36:32","slug":"crazy-labs-melone","status":"publish","type":"product","link":"https:\/\/chezsmoke.ch\/de\/produit\/crazy-labs-melone\/","title":{"rendered":"Crazy Labs &#8211; Melone"},"content":{"rendered":"<p data-start=\"253\" data-end=\"299\"><strong data-start=\"253\" data-end=\"297\">Melone  <\/strong><\/p>\n<p data-start=\"301\" data-end=\"719\">G\u00f6nnen Sie sich eine Explosion sommerlicher Frische mit dem <strong data-start=\"367\" data-end=\"376\">Melonen-E-Liquid<\/strong> aus der Crazy Labs Reihe \ud83c\udf48\u2600\ufe0f. Diese fruchtige Kreation gibt den s\u00fc\u00dfen und saftigen Geschmack der Melone perfekt wieder, mit einer weichen und samtigen Textur, die an das zarte Fruchtfleisch einer Melone aus Cavaillon erinnert. Jeder Zug ist eine Einladung zur Sonne und zum Genuss, ideal f\u00fcr ein fruchtiges und erfrischendes Dampfen den ganzen Tag \u00fcber.  <\/p>\n<p data-start=\"721\" data-end=\"1141\">Dank seines Verh\u00e4ltnisses von <strong data-start=\"739\" data-end=\"754\">50PG zu 50VG<\/strong> bietet dieses Liquid ein ausgezeichnetes Gleichgewicht zwischen Geschmackswiedergabe und Dampfproduktion und ist mit den meisten elektronischen Zigaretten kompatibel. Mit einem <strong data-start=\"912\" data-end=\"950\">Nikotingehalt von bis zu 6 mg<\/strong> l\u00e4sst es sich leicht an Ihre Vorlieben anpassen, um Ihnen ein ma\u00dfgeschneidertes Dampferlebnis zu bieten. Eine s\u00fc\u00dfe, saftige und sonnige Kreation von Crazy Labs, perfekt f\u00fcr Liebhaber von Sommerfr\u00fcchten \u2728. <\/p>\n<p>In einer <strong>140 ml<\/strong>-Flasche finden Sie <strong>100 ml<\/strong> Fl\u00fcssigkeit mit verst\u00e4rkten Aromen. Diese Fl\u00fcssigkeit kann mit <a href=\"https:\/\/chezsmoke.ch\/product-category\/boosters-nicotine\/\">Nikotinboostern<\/a> erg\u00e4nzt werden, um die gew\u00fcnschte Dosis zu erhalten, oder mit einer <a href=\"https:\/\/chezsmoke.ch\/product-category\/bases\/\">neutralen Basis ohne Nikotin<\/a>. <strong>2 Booster f\u00fcr 3 mg\/ml und 4 Booster f\u00fcr 6 mg\/ml<\/strong>. (F\u00fcr h\u00f6here Nikotindosierungen ist ein externer Beh\u00e4lter vorzusehen). <\/p>\n","protected":false},"excerpt":{"rendered":"<p>\ud83c\udf48 <strong data-start=\"1182\" data-end=\"1204\">Melon &#8211; Crazy Labs<\/strong><br data-start=\"1204\" data-end=\"1207\">Der saftige und s\u00fc\u00dfe Geschmack der Melone f\u00fcr ein sanftes und sommerliches Dampfen.<\/p>\n","protected":false},"featured_media":466702,"comment_status":"closed","ping_status":"closed","template":"","meta":{"_acf_changed":false},"product_brand":[],"product_cat":[681,683,685,707,1276],"product_tag":[],"class_list":{"0":"post-465958","1":"product","2":"type-product","3":"status-publish","4":"has-post-thumbnail","6":"product_cat-e-liquids-de","7":"product_cat-fruchtig","8":"product_cat-fruchtig-de","9":"product_cat-neuheiten","10":"product_cat-shortfill-0-8-mg-nikotin","12":"first","13":"instock","14":"taxable","15":"shipping-taxable","16":"purchasable","17":"product-type-simple"},"bundled_by":[],"bundle_stock_status":"instock","bundle_stock_quantity":12,"bundle_virtual":false,"bundle_layout":"","bundle_add_to_cart_form_location":"","bundle_editable_in_cart":false,"bundle_sold_individually_context":"","bundle_item_grouping":"","bundle_min_size":"","bundle_max_size":"","bundle_price":[],"bundled_items":[],"bundle_sell_ids":[],"acf":[],"_links":{"self":[{"href":"https:\/\/chezsmoke.ch\/de\/wp-json\/wp\/v2\/product\/465958","targetHints":{"allow":["GET"]}}],"collection":[{"href":"https:\/\/chezsmoke.ch\/de\/wp-json\/wp\/v2\/product"}],"about":[{"href":"https:\/\/chezsmoke.ch\/de\/wp-json\/wp\/v2\/types\/product"}],"replies":[{"embeddable":true,"href":"https:\/\/chezsmoke.ch\/de\/wp-json\/wp\/v2\/comments?post=465958"}],"wp:featuredmedia":[{"embeddable":true,"href":"https:\/\/chezsmoke.ch\/de\/wp-json\/wp\/v2\/media\/466702"}],"wp:attachment":[{"href":"https:\/\/chezsmoke.ch\/de\/wp-json\/wp\/v2\/media?parent=465958"}],"wp:term":[{"taxonomy":"product_brand","embeddable":true,"href":"https:\/\/chezsmoke.ch\/de\/wp-json\/wp\/v2\/product_brand?post=465958"},{"taxonomy":"product_cat","embeddable":true,"href":"https:\/\/chezsmoke.ch\/de\/wp-json\/wp\/v2\/product_cat?post=465958"},{"taxonomy":"product_tag","embeddable":true,"href":"https:\/\/chezsmoke.ch\/de\/wp-json\/wp\/v2\/product_tag?post=465958"}],"curies":[{"name":"wp","href":"https:\/\/api.w.org\/{rel}","templated":true}]}}