{"id":465968,"date":"2026-02-06T16:54:24","date_gmt":"2026-02-06T15:54:24","guid":{"rendered":"https:\/\/chezsmoke.ch\/produit\/crazy-labs-mandarine\/"},"modified":"2026-02-10T12:35:57","modified_gmt":"2026-02-10T11:35:57","slug":"crazy-labs-mandarine","status":"publish","type":"product","link":"https:\/\/chezsmoke.ch\/de\/produit\/crazy-labs-mandarine\/","title":{"rendered":"Crazy Labs &#8211; Mandarine"},"content":{"rendered":"<p data-start=\"245\" data-end=\"295\"><strong data-start=\"245\" data-end=\"293\">Mandarine<\/strong><\/p>\n<p data-start=\"297\" data-end=\"738\">Wecken Sie Ihre Geschmacksknospen mit dem <strong data-start=\"338\" data-end=\"351\">Mandarine<\/strong> e-Liquid aus dem Crazy Labs Sortiment \ud83c\udf4a\u2600\ufe0f. Diese fruchtige Kreation f\u00e4ngt die ganze Lebendigkeit und S\u00fc\u00dfe einer saftigen, reifen Mandarine ein und bietet eine perfekte Balance zwischen S\u00e4ure und s\u00fc\u00dfer S\u00fc\u00dfe. Jeder Zug erinnert an die Frische sommerlicher Zitrusfr\u00fcchte, f\u00fcr ein prickelndes, leichtes und vitales Dampfen. Ideal f\u00fcr Liebhaber von fruchtigen und erfrischenden Empfindungen bei jedem Zug.   <\/p>\n<p data-start=\"740\" data-end=\"1150\">Mit seinem Verh\u00e4ltnis <strong data-start=\"755\" data-end=\"770\">von 50PG zu 50VG<\/strong> garantiert dieses Liquid eine ausgezeichnete Geschmackswiedergabe und erzeugt einen angenehmen Dampf, der mit den meisten elektronischen Zigaretten kompatibel ist. Mit einem <strong data-start=\"923\" data-end=\"961\">Nikotingehalt von bis zu 6 mg<\/strong> l\u00e4sst es sich leicht an Ihre Vorlieben anpassen, um Ihnen ein ma\u00dfgeschneidertes Dampferlebnis zu bieten. Eine sonnige und dynamische Kreation von Crazy Labs, perfekt um Ihren Tag aufzupeppen \u2728. <\/p>\n<p>In einer <strong>140 ml<\/strong>-Flasche finden Sie <strong>100 ml<\/strong> Fl\u00fcssigkeit mit verst\u00e4rkten Aromen. Diese Fl\u00fcssigkeit kann mit <a href=\"https:\/\/chezsmoke.ch\/product-category\/boosters-nicotine\/\">Nikotinboostern<\/a> erg\u00e4nzt werden, um die gew\u00fcnschte Dosis zu erhalten, oder mit einer <a href=\"https:\/\/chezsmoke.ch\/product-category\/bases\/\">neutralen Basis ohne Nikotin<\/a>. <strong>2 Booster f\u00fcr 3 mg\/ml und 4 Booster f\u00fcr 6 mg\/ml<\/strong>. (F\u00fcr h\u00f6here Nikotindosierungen ist ein externer Beh\u00e4lter vorzusehen). <\/p>\n","protected":false},"excerpt":{"rendered":"<p>\ud83c\udf4a <strong data-start=\"1191\" data-end=\"1217\">Mandarine &#8211; Crazy Labs<\/strong><br data-start=\"1217\" data-end=\"1220\">Die saftige und s\u00e4uerliche Frische der Mandarine f\u00fcr ein vitaminreiches und leichtes Dampfen.<\/p>\n","protected":false},"featured_media":466699,"comment_status":"closed","ping_status":"closed","template":"","meta":{"_acf_changed":false},"product_brand":[],"product_cat":[681,683,685,707,1276],"product_tag":[],"class_list":{"0":"post-465968","1":"product","2":"type-product","3":"status-publish","4":"has-post-thumbnail","6":"product_cat-e-liquids-de","7":"product_cat-fruchtig","8":"product_cat-fruchtig-de","9":"product_cat-neuheiten","10":"product_cat-shortfill-0-8-mg-nikotin","12":"first","13":"instock","14":"taxable","15":"shipping-taxable","16":"purchasable","17":"product-type-simple"},"bundled_by":[],"bundle_stock_status":"instock","bundle_stock_quantity":14,"bundle_virtual":false,"bundle_layout":"","bundle_add_to_cart_form_location":"","bundle_editable_in_cart":false,"bundle_sold_individually_context":"","bundle_item_grouping":"","bundle_min_size":"","bundle_max_size":"","bundle_price":[],"bundled_items":[],"bundle_sell_ids":[],"acf":[],"_links":{"self":[{"href":"https:\/\/chezsmoke.ch\/de\/wp-json\/wp\/v2\/product\/465968","targetHints":{"allow":["GET"]}}],"collection":[{"href":"https:\/\/chezsmoke.ch\/de\/wp-json\/wp\/v2\/product"}],"about":[{"href":"https:\/\/chezsmoke.ch\/de\/wp-json\/wp\/v2\/types\/product"}],"replies":[{"embeddable":true,"href":"https:\/\/chezsmoke.ch\/de\/wp-json\/wp\/v2\/comments?post=465968"}],"wp:featuredmedia":[{"embeddable":true,"href":"https:\/\/chezsmoke.ch\/de\/wp-json\/wp\/v2\/media\/466699"}],"wp:attachment":[{"href":"https:\/\/chezsmoke.ch\/de\/wp-json\/wp\/v2\/media?parent=465968"}],"wp:term":[{"taxonomy":"product_brand","embeddable":true,"href":"https:\/\/chezsmoke.ch\/de\/wp-json\/wp\/v2\/product_brand?post=465968"},{"taxonomy":"product_cat","embeddable":true,"href":"https:\/\/chezsmoke.ch\/de\/wp-json\/wp\/v2\/product_cat?post=465968"},{"taxonomy":"product_tag","embeddable":true,"href":"https:\/\/chezsmoke.ch\/de\/wp-json\/wp\/v2\/product_tag?post=465968"}],"curies":[{"name":"wp","href":"https:\/\/api.w.org\/{rel}","templated":true}]}}