{"id":465975,"date":"2026-02-06T17:00:04","date_gmt":"2026-02-06T16:00:04","guid":{"rendered":"https:\/\/chezsmoke.ch\/produit\/crazy-labs-frischer-mojito\/"},"modified":"2026-02-10T12:35:21","modified_gmt":"2026-02-10T11:35:21","slug":"crazy-labs-frischer-mojito","status":"publish","type":"product","link":"https:\/\/chezsmoke.ch\/de\/produit\/crazy-labs-frischer-mojito\/","title":{"rendered":"Crazy Labs &#8211; Frischer Mojito"},"content":{"rendered":"<p data-start=\"221\" data-end=\"274\"><strong data-start=\"221\" data-end=\"272\">Frischer Mojito<\/strong><\/p>\n<p data-start=\"276\" data-end=\"743\">Tauchen Sie ein in einen ewigen Sommer mit dem E-Liquid <strong data-start=\"322\" data-end=\"338\">Mojito Frais<\/strong> aus der Crazy Labs Reihe \ud83c\udf79\u2744\ufe0f. Diese Kreation reproduziert perfekt das Geschmackserlebnis eines echten Mojitos: die Frische der Minze, die prickelnde S\u00e4ure der Limette und die subtile S\u00fc\u00dfe des Zuckers vereinen sich zu einem herrlich ausgewogenen Dampferlebnis. Jeder Zug bringt einen intensiven Hauch von Frische, der an lange Sonnentage und die festliche Atmosph\u00e4re eines Sommercocktails erinnert.  <\/p>\n<p data-start=\"745\" data-end=\"1187\">Mit seinem Verh\u00e4ltnis <strong data-start=\"760\" data-end=\"775\">von 50PG zu 50VG<\/strong> garantiert dieses Liquid eine ausgezeichnete Geschmackswiedergabe und erzeugt einen angenehmen Dampf, der mit den meisten elektronischen Zigaretten kompatibel ist. Mit einem <strong data-start=\"928\" data-end=\"966\">Nikotingehalt von bis zu 6 mg<\/strong> l\u00e4sst es sich leicht an Ihre Vorlieben anpassen und sorgt so f\u00fcr ein individuelles Dampferlebnis. Eine sommerliche, erfrischende und spritzige Kreation von Crazy Labs, ideal f\u00fcr Liebhaber fruchtiger und belebender Cocktails \u2728. <\/p>\n<p>In einer <strong>140 ml<\/strong>-Flasche finden Sie <strong>100 ml<\/strong> Fl\u00fcssigkeit mit verst\u00e4rkten Aromen. Diese Fl\u00fcssigkeit kann mit <a href=\"https:\/\/chezsmoke.ch\/product-category\/boosters-nicotine\/\">Nikotinboostern<\/a> erg\u00e4nzt werden, um die gew\u00fcnschte Dosis zu erhalten, oder mit einer <a href=\"https:\/\/chezsmoke.ch\/product-category\/bases\/\">neutralen Basis ohne Nikotin<\/a>. <strong>2 Booster f\u00fcr 3 mg\/ml und 4 Booster f\u00fcr 6 mg\/ml<\/strong>. (F\u00fcr h\u00f6here Nikotindosierungen ist ein externer Beh\u00e4lter vorzusehen). <\/p>\n","protected":false},"excerpt":{"rendered":"<p>\ud83c\udf79\u2744\ufe0f <strong data-start=\"1230\" data-end=\"1259\">Mojito Frais &#8211; Crazy Labs<\/strong><br data-start=\"1259\" data-end=\"1262\">Die intensive Frische von Minze und Limette f\u00fcr ein spritziges Sommerdampfvergn\u00fcgen.<\/p>\n","protected":false},"featured_media":466705,"comment_status":"closed","ping_status":"closed","template":"","meta":{"_acf_changed":false},"product_brand":[],"product_cat":[681,683,699,707,1276],"product_tag":[],"class_list":{"0":"post-465975","1":"product","2":"type-product","3":"status-publish","4":"has-post-thumbnail","6":"product_cat-e-liquids-de","7":"product_cat-fruchtig","8":"product_cat-fruchtig-frisch","9":"product_cat-neuheiten","10":"product_cat-shortfill-0-8-mg-nikotin","12":"first","13":"instock","14":"taxable","15":"shipping-taxable","16":"purchasable","17":"product-type-simple"},"bundled_by":[],"bundle_stock_status":"instock","bundle_stock_quantity":16,"bundle_virtual":false,"bundle_layout":"","bundle_add_to_cart_form_location":"","bundle_editable_in_cart":false,"bundle_sold_individually_context":"","bundle_item_grouping":"","bundle_min_size":"","bundle_max_size":"","bundle_price":[],"bundled_items":[],"bundle_sell_ids":[],"acf":[],"_links":{"self":[{"href":"https:\/\/chezsmoke.ch\/de\/wp-json\/wp\/v2\/product\/465975","targetHints":{"allow":["GET"]}}],"collection":[{"href":"https:\/\/chezsmoke.ch\/de\/wp-json\/wp\/v2\/product"}],"about":[{"href":"https:\/\/chezsmoke.ch\/de\/wp-json\/wp\/v2\/types\/product"}],"replies":[{"embeddable":true,"href":"https:\/\/chezsmoke.ch\/de\/wp-json\/wp\/v2\/comments?post=465975"}],"wp:featuredmedia":[{"embeddable":true,"href":"https:\/\/chezsmoke.ch\/de\/wp-json\/wp\/v2\/media\/466705"}],"wp:attachment":[{"href":"https:\/\/chezsmoke.ch\/de\/wp-json\/wp\/v2\/media?parent=465975"}],"wp:term":[{"taxonomy":"product_brand","embeddable":true,"href":"https:\/\/chezsmoke.ch\/de\/wp-json\/wp\/v2\/product_brand?post=465975"},{"taxonomy":"product_cat","embeddable":true,"href":"https:\/\/chezsmoke.ch\/de\/wp-json\/wp\/v2\/product_cat?post=465975"},{"taxonomy":"product_tag","embeddable":true,"href":"https:\/\/chezsmoke.ch\/de\/wp-json\/wp\/v2\/product_tag?post=465975"}],"curies":[{"name":"wp","href":"https:\/\/api.w.org\/{rel}","templated":true}]}}