{"id":465981,"date":"2026-02-06T17:04:19","date_gmt":"2026-02-06T16:04:19","guid":{"rendered":"https:\/\/chezsmoke.ch\/produit\/crazy-labs-passion\/"},"modified":"2026-02-10T12:34:47","modified_gmt":"2026-02-10T11:34:47","slug":"crazy-labs-passion","status":"publish","type":"product","link":"https:\/\/chezsmoke.ch\/de\/produit\/crazy-labs-passion\/","title":{"rendered":"Crazy Labs &#8211; Passion"},"content":{"rendered":"<p data-start=\"226\" data-end=\"274\"><strong data-start=\"226\" data-end=\"272\">Leidenschaft<\/strong><\/p>\n<p data-start=\"276\" data-end=\"704\">Begeben Sie sich auf eine Geschmacksreise mit dem <strong data-start=\"328\" data-end=\"339\">Passion<\/strong> e-Liquid aus der Crazy Labs \ud83c\udf34\ud83e\udd6d Reihe. Diese tropische Fl\u00fcssigkeit f\u00e4ngt den ganzen Reichtum der Passionsfrucht ein, sowohl s\u00fc\u00df als auch s\u00e4uerlich, um eine Explosion von saftigen und duftenden Aromen zu bieten. Mit jedem Zug werden Ihre Geschmacksknospen an sonnige Str\u00e4nde transportiert, mit einem s\u00fc\u00dfen, exotischen und intensiv fruchtigen Dampf, perfekt f\u00fcr Liebhaber tropischer Gef\u00fchle.  <\/p>\n<p data-start=\"706\" data-end=\"1105\">Dank seines Verh\u00e4ltnisses von <strong data-start=\"724\" data-end=\"739\">50PG zu 50VG<\/strong> gew\u00e4hrleistet dieses Liquid eine ausgezeichnete Wiedergabe der Aromen und einen angenehmen Dampf, der mit den meisten elektronischen Zigaretten kompatibel ist. Mit einem <strong data-start=\"873\" data-end=\"911\">Nikotingehalt von bis zu 6 mg<\/strong> l\u00e4sst es sich leicht an Ihre Vorlieben anpassen und sorgt so f\u00fcr ein individuelles Dampferlebnis. Eine exotische und sonnige Kreation von Crazy Labs, ideal f\u00fcr eine fruchtige Flucht bei jedem Zug \u2728. <\/p>\n<p>In einer <strong>140 ml<\/strong>-Flasche finden Sie <strong>100 ml<\/strong> Fl\u00fcssigkeit mit verst\u00e4rkten Aromen. Diese Fl\u00fcssigkeit kann mit <a href=\"https:\/\/chezsmoke.ch\/product-category\/boosters-nicotine\/\">Nikotinboostern<\/a> erg\u00e4nzt werden, um die gew\u00fcnschte Dosis zu erhalten, oder mit einer <a href=\"https:\/\/chezsmoke.ch\/product-category\/bases\/\">neutralen Basis ohne Nikotin<\/a>. <strong>2 Booster f\u00fcr 3 mg\/ml und 4 Booster f\u00fcr 6 mg\/ml<\/strong>. (F\u00fcr h\u00f6here Nikotindosierungen ist ein externer Beh\u00e4lter vorzusehen). <\/p>\n","protected":false},"excerpt":{"rendered":"<p>\ud83c\udf34\ud83e\udd6d <strong data-start=\"1148\" data-end=\"1172\">Passion &#8211; Crazy Labs<\/strong><br data-start=\"1172\" data-end=\"1175\">Die fruchtige Exotik der Passionsfrucht f\u00fcr ein s\u00fc\u00dfes und sonniges Dampfen.<\/p>\n","protected":false},"featured_media":466711,"comment_status":"closed","ping_status":"closed","template":"","meta":{"_acf_changed":false},"product_brand":[],"product_cat":[681,685,683,707,1276],"product_tag":[],"class_list":{"0":"post-465981","1":"product","2":"type-product","3":"status-publish","4":"has-post-thumbnail","6":"product_cat-e-liquids-de","7":"product_cat-fruchtig-de","8":"product_cat-fruchtig","9":"product_cat-neuheiten","10":"product_cat-shortfill-0-8-mg-nikotin","12":"first","13":"instock","14":"taxable","15":"shipping-taxable","16":"purchasable","17":"product-type-simple"},"bundled_by":[],"bundle_stock_status":"instock","bundle_stock_quantity":25,"bundle_virtual":false,"bundle_layout":"","bundle_add_to_cart_form_location":"","bundle_editable_in_cart":false,"bundle_sold_individually_context":"","bundle_item_grouping":"","bundle_min_size":"","bundle_max_size":"","bundle_price":[],"bundled_items":[],"bundle_sell_ids":[],"acf":[],"_links":{"self":[{"href":"https:\/\/chezsmoke.ch\/de\/wp-json\/wp\/v2\/product\/465981","targetHints":{"allow":["GET"]}}],"collection":[{"href":"https:\/\/chezsmoke.ch\/de\/wp-json\/wp\/v2\/product"}],"about":[{"href":"https:\/\/chezsmoke.ch\/de\/wp-json\/wp\/v2\/types\/product"}],"replies":[{"embeddable":true,"href":"https:\/\/chezsmoke.ch\/de\/wp-json\/wp\/v2\/comments?post=465981"}],"wp:featuredmedia":[{"embeddable":true,"href":"https:\/\/chezsmoke.ch\/de\/wp-json\/wp\/v2\/media\/466711"}],"wp:attachment":[{"href":"https:\/\/chezsmoke.ch\/de\/wp-json\/wp\/v2\/media?parent=465981"}],"wp:term":[{"taxonomy":"product_brand","embeddable":true,"href":"https:\/\/chezsmoke.ch\/de\/wp-json\/wp\/v2\/product_brand?post=465981"},{"taxonomy":"product_cat","embeddable":true,"href":"https:\/\/chezsmoke.ch\/de\/wp-json\/wp\/v2\/product_cat?post=465981"},{"taxonomy":"product_tag","embeddable":true,"href":"https:\/\/chezsmoke.ch\/de\/wp-json\/wp\/v2\/product_tag?post=465981"}],"curies":[{"name":"wp","href":"https:\/\/api.w.org\/{rel}","templated":true}]}}