{"id":465986,"date":"2026-02-06T17:09:31","date_gmt":"2026-02-06T16:09:31","guid":{"rendered":"https:\/\/chezsmoke.ch\/produit\/crazy-labs-pfirsich-aprikose\/"},"modified":"2026-02-10T12:33:25","modified_gmt":"2026-02-10T11:33:25","slug":"crazy-labs-pfirsich-aprikose","status":"publish","type":"product","link":"https:\/\/chezsmoke.ch\/de\/produit\/crazy-labs-pfirsich-aprikose\/","title":{"rendered":"Crazy Labs &#8211; Pfirsich-Aprikose"},"content":{"rendered":"<p data-start=\"221\" data-end=\"275\"><strong data-start=\"221\" data-end=\"273\">Pfirsich Aprikose<\/strong><\/p>\n<p data-start=\"277\" data-end=\"723\">Genie\u00dfen Sie den Sommer bei jedem Zug mit dem <strong data-start=\"327\" data-end=\"344\">Pfirsich-Aprikosen-E-Liquid<\/strong> aus dem Crazy Labs \ud83c\udf51\ud83c\udf1e Sortiment. Dieses Gourmet-Duo kombiniert die saftige, samtige S\u00fc\u00dfe des Pfirsichs mit der s\u00fc\u00dfen, leicht s\u00e4uerlichen W\u00e4rme der Aprikose. Zusammen schaffen diese beiden Fr\u00fcchte ein perfektes Gleichgewicht zwischen S\u00fc\u00dfe und Lebendigkeit, f\u00fcr ein fruchtiges, rundes und charaktervolles Dampfen. Jede Inhalation erinnert an sonnige Nachmittage und sommerliche Aromen, die man mit anderen teilen kann.   <\/p>\n<p data-start=\"725\" data-end=\"1131\">Mit seinem Verh\u00e4ltnis <strong data-start=\"740\" data-end=\"755\">von 50PG zu 50VG<\/strong> bietet dieses Liquid eine ausgezeichnete Wiedergabe der Aromen und erzeugt einen angenehmen Dampf, der mit den meisten elektronischen Zigaretten kompatibel ist. Mit einem <strong data-start=\"904\" data-end=\"942\">Nikotingehalt von bis zu 6 mg<\/strong> l\u00e4sst es sich leicht an Ihre Bed\u00fcrfnisse anpassen und sorgt so f\u00fcr ein individuelles Dampferlebnis. Eine s\u00fc\u00dfe, fruchtige und helle Kreation von Crazy Labs, ideal f\u00fcr eine sommerliche Geschmacksexkursion \u2728. <\/p>\n<p>In einer <strong>140 ml<\/strong>-Flasche finden Sie <strong>100 ml<\/strong> Fl\u00fcssigkeit mit verst\u00e4rkten Aromen. Diese Fl\u00fcssigkeit kann mit <a href=\"https:\/\/chezsmoke.ch\/product-category\/boosters-nicotine\/\">Nikotinboostern<\/a> erg\u00e4nzt werden, um die gew\u00fcnschte Dosis zu erhalten, oder mit einer <a href=\"https:\/\/chezsmoke.ch\/product-category\/bases\/\">neutralen Basis ohne Nikotin<\/a>. <strong>2 Booster f\u00fcr 3 mg\/ml und 4 Booster f\u00fcr 6 mg\/ml<\/strong>. (F\u00fcr h\u00f6here Nikotindosierungen ist ein externer Beh\u00e4lter vorzusehen). <\/p>\n","protected":false},"excerpt":{"rendered":"<p>\ud83c\udf51\ud83c\udf1e <strong data-start=\"1174\" data-end=\"1204\">Pfirsich Aprikose &#8211; Crazy Labs<\/strong><br data-start=\"1204\" data-end=\"1207\">Die S\u00fc\u00dfe des Pfirsichs verfeinert mit der s\u00fc\u00dfen S\u00e4ure der Aprikose f\u00fcr ein sommerliches Dampferlebnis.<\/p>\n","protected":false},"featured_media":466714,"comment_status":"closed","ping_status":"closed","template":"","meta":{"_acf_changed":false},"product_brand":[],"product_cat":[681,683,685,707,1276],"product_tag":[],"class_list":{"0":"post-465986","1":"product","2":"type-product","3":"status-publish","4":"has-post-thumbnail","6":"product_cat-e-liquids-de","7":"product_cat-fruchtig","8":"product_cat-fruchtig-de","9":"product_cat-neuheiten","10":"product_cat-shortfill-0-8-mg-nikotin","12":"first","13":"instock","14":"taxable","15":"shipping-taxable","16":"purchasable","17":"product-type-simple"},"bundled_by":[],"bundle_stock_status":"instock","bundle_stock_quantity":15,"bundle_virtual":false,"bundle_layout":"","bundle_add_to_cart_form_location":"","bundle_editable_in_cart":false,"bundle_sold_individually_context":"","bundle_item_grouping":"","bundle_min_size":"","bundle_max_size":"","bundle_price":[],"bundled_items":[],"bundle_sell_ids":[],"acf":[],"_links":{"self":[{"href":"https:\/\/chezsmoke.ch\/de\/wp-json\/wp\/v2\/product\/465986","targetHints":{"allow":["GET"]}}],"collection":[{"href":"https:\/\/chezsmoke.ch\/de\/wp-json\/wp\/v2\/product"}],"about":[{"href":"https:\/\/chezsmoke.ch\/de\/wp-json\/wp\/v2\/types\/product"}],"replies":[{"embeddable":true,"href":"https:\/\/chezsmoke.ch\/de\/wp-json\/wp\/v2\/comments?post=465986"}],"wp:featuredmedia":[{"embeddable":true,"href":"https:\/\/chezsmoke.ch\/de\/wp-json\/wp\/v2\/media\/466714"}],"wp:attachment":[{"href":"https:\/\/chezsmoke.ch\/de\/wp-json\/wp\/v2\/media?parent=465986"}],"wp:term":[{"taxonomy":"product_brand","embeddable":true,"href":"https:\/\/chezsmoke.ch\/de\/wp-json\/wp\/v2\/product_brand?post=465986"},{"taxonomy":"product_cat","embeddable":true,"href":"https:\/\/chezsmoke.ch\/de\/wp-json\/wp\/v2\/product_cat?post=465986"},{"taxonomy":"product_tag","embeddable":true,"href":"https:\/\/chezsmoke.ch\/de\/wp-json\/wp\/v2\/product_tag?post=465986"}],"curies":[{"name":"wp","href":"https:\/\/api.w.org\/{rel}","templated":true}]}}