{"id":465991,"date":"2026-02-06T17:12:45","date_gmt":"2026-02-06T16:12:45","guid":{"rendered":"https:\/\/chezsmoke.ch\/produit\/crazy-labs-pitaya-himbeere\/"},"modified":"2026-02-10T12:34:03","modified_gmt":"2026-02-10T11:34:03","slug":"crazy-labs-pitaya-himbeere","status":"publish","type":"product","link":"https:\/\/chezsmoke.ch\/de\/produit\/crazy-labs-pitaya-himbeere\/","title":{"rendered":"Crazy Labs &#8211; Pitaya Himbeere"},"content":{"rendered":"<p data-start=\"211\" data-end=\"268\"><strong data-start=\"211\" data-end=\"266\">Pitaya Himbeere  <\/strong><\/p>\n<p data-start=\"270\" data-end=\"664\">Begeben Sie sich auf ein tropisches Abenteuer mit dem <strong data-start=\"326\" data-end=\"346\">Pitaya Himbeer<\/strong> e-Liquid aus dem Crazy Labs \ud83c\udf3a\ud83c\udf53 Sortiment. Diese k\u00fchne Kreation verbindet den einzigartigen und exotischen Geschmack der Pitaya (Drachenfrucht) mit der saftigen und s\u00fc\u00dfen Weichheit von Himbeeren. Das Ergebnis ist ein fruchtiger, frischer und ausgewogener Dampf, der die Sinne weckt und Ihre Geschmacksknospen mit jedem Zug in tropische Gefilde entf\u00fchrt.  <\/p>\n<p data-start=\"666\" data-end=\"1087\">Mit seinem Verh\u00e4ltnis <strong data-start=\"681\" data-end=\"696\">von 50PG zu 50VG<\/strong> gew\u00e4hrleistet dieses Liquid eine ausgezeichnete Wiedergabe der Aromen und einen angenehmen Dampf, der mit den meisten elektronischen Zigaretten kompatibel ist. Mit einem <strong data-start=\"839\" data-end=\"877\">Nikotingehalt von bis zu 6 mg<\/strong> l\u00e4sst es sich leicht an Ihre Vorlieben anpassen und sorgt so f\u00fcr ein individuelles Dampferlebnis. Eine exotische, fruchtige und erfrischende Kreation von Crazy Labs, perfekt f\u00fcr Liebhaber tropischer Empfindungen \u2728. <\/p>\n<p>In einer <strong>140 ml<\/strong>-Flasche finden Sie <strong>100 ml<\/strong> Fl\u00fcssigkeit mit verst\u00e4rkten Aromen. Diese Fl\u00fcssigkeit kann mit <a href=\"https:\/\/chezsmoke.ch\/product-category\/boosters-nicotine\/\">Nikotinboostern<\/a> erg\u00e4nzt werden, um die gew\u00fcnschte Dosis zu erhalten, oder mit einer <a href=\"https:\/\/chezsmoke.ch\/product-category\/bases\/\">neutralen Basis ohne Nikotin<\/a>. <strong>2 Booster f\u00fcr 3 mg\/ml und 4 Booster f\u00fcr 6 mg\/ml<\/strong>. (F\u00fcr h\u00f6here Nikotindosierungen ist ein externer Beh\u00e4lter vorzusehen). <\/p>\n","protected":false},"excerpt":{"rendered":"<p>\ud83c\udf3a\ud83c\udf53 <strong data-start=\"1130\" data-end=\"1163\">Pitaya Himbeere &#8211; Crazy Labs<\/strong><br data-start=\"1163\" data-end=\"1166\">Die Drachenfrucht verfeinert mit der saftigen S\u00fc\u00dfe von Himbeeren f\u00fcr ein exotisches und k\u00f6stliches Dampfen.<\/p>\n","protected":false},"featured_media":466720,"comment_status":"closed","ping_status":"closed","template":"","meta":{"_acf_changed":false},"product_brand":[],"product_cat":[681,685,683,707,1276],"product_tag":[],"class_list":{"0":"post-465991","1":"product","2":"type-product","3":"status-publish","4":"has-post-thumbnail","6":"product_cat-e-liquids-de","7":"product_cat-fruchtig-de","8":"product_cat-fruchtig","9":"product_cat-neuheiten","10":"product_cat-shortfill-0-8-mg-nikotin","12":"first","13":"instock","14":"taxable","15":"shipping-taxable","16":"purchasable","17":"product-type-simple"},"bundled_by":[],"bundle_stock_status":"instock","bundle_stock_quantity":14,"bundle_virtual":false,"bundle_layout":"","bundle_add_to_cart_form_location":"","bundle_editable_in_cart":false,"bundle_sold_individually_context":"","bundle_item_grouping":"","bundle_min_size":"","bundle_max_size":"","bundle_price":[],"bundled_items":[],"bundle_sell_ids":[],"acf":[],"_links":{"self":[{"href":"https:\/\/chezsmoke.ch\/de\/wp-json\/wp\/v2\/product\/465991","targetHints":{"allow":["GET"]}}],"collection":[{"href":"https:\/\/chezsmoke.ch\/de\/wp-json\/wp\/v2\/product"}],"about":[{"href":"https:\/\/chezsmoke.ch\/de\/wp-json\/wp\/v2\/types\/product"}],"replies":[{"embeddable":true,"href":"https:\/\/chezsmoke.ch\/de\/wp-json\/wp\/v2\/comments?post=465991"}],"wp:featuredmedia":[{"embeddable":true,"href":"https:\/\/chezsmoke.ch\/de\/wp-json\/wp\/v2\/media\/466720"}],"wp:attachment":[{"href":"https:\/\/chezsmoke.ch\/de\/wp-json\/wp\/v2\/media?parent=465991"}],"wp:term":[{"taxonomy":"product_brand","embeddable":true,"href":"https:\/\/chezsmoke.ch\/de\/wp-json\/wp\/v2\/product_brand?post=465991"},{"taxonomy":"product_cat","embeddable":true,"href":"https:\/\/chezsmoke.ch\/de\/wp-json\/wp\/v2\/product_cat?post=465991"},{"taxonomy":"product_tag","embeddable":true,"href":"https:\/\/chezsmoke.ch\/de\/wp-json\/wp\/v2\/product_tag?post=465991"}],"curies":[{"name":"wp","href":"https:\/\/api.w.org\/{rel}","templated":true}]}}