{"id":466004,"date":"2026-02-06T17:23:22","date_gmt":"2026-02-06T16:23:22","guid":{"rendered":"https:\/\/chezsmoke.ch\/produit\/crazy-labs-mango-passion-pfirsich\/"},"modified":"2026-02-10T12:28:34","modified_gmt":"2026-02-10T11:28:34","slug":"crazy-labs-mango-passion-pfirsich","status":"publish","type":"product","link":"https:\/\/chezsmoke.ch\/de\/produit\/crazy-labs-mango-passion-pfirsich\/","title":{"rendered":"Crazy Labs &#8211; Mango Passion Pfirsich"},"content":{"rendered":"<p data-start=\"219\" data-end=\"280\"><strong data-start=\"219\" data-end=\"278\">Angeln Mango Passion  <\/strong><\/p>\n<p data-start=\"282\" data-end=\"733\">G\u00f6nnen Sie sich eine tropische Reise mit dem E-Liquid <strong data-start=\"331\" data-end=\"355\">Pfirsich Mango Passion<\/strong> aus dem Crazy Labs Sortiment \ud83c\udf51\ud83e\udd6d\ud83c\udf34. Diese Gourmetkreation kombiniert die saftige und samtige S\u00fc\u00dfe des Pfirsichs, die s\u00fc\u00dfe und tropische F\u00fclle der Mango und die s\u00e4uerliche Lebendigkeit der Passionsfrucht. Mit jedem Zug werden Ihre Geschmacksnerven auf sonnige Inseln entf\u00fchrt, f\u00fcr ein fruchtiges, ausgewogenes und exotisches Dampfen, das Liebhaber von sommerlichen und k\u00f6stlichen Aromen verf\u00fchren wird.  <\/p>\n<p data-start=\"735\" data-end=\"1149\">Mit seinem Verh\u00e4ltnis <strong data-start=\"750\" data-end=\"765\">50PG \/ 50VG<\/strong> garantiert dieses Liquid eine ausgezeichnete Wiedergabe der Aromen und einen angenehmen Dampf, der mit den meisten elektronischen Zigaretten kompatibel ist. Mit einem <strong data-start=\"909\" data-end=\"947\">Nikotingehalt von bis zu 6 mg<\/strong> l\u00e4sst es sich leicht an Ihre Vorlieben anpassen und sorgt so f\u00fcr ein individuelles Dampferlebnis. Eine tropische, s\u00fc\u00dfe und vitaminreiche Kreation von Crazy Labs, ideal f\u00fcr einen fruchtigen Ausflug bei jedem Zug \u2728. <\/p>\n<p>In einer <strong>140 ml<\/strong>-Flasche finden Sie <strong>100 ml<\/strong> Fl\u00fcssigkeit mit verst\u00e4rkten Aromen. Diese Fl\u00fcssigkeit kann mit <a href=\"https:\/\/chezsmoke.ch\/product-category\/boosters-nicotine\/\">Nikotinboostern<\/a> erg\u00e4nzt werden, um die gew\u00fcnschte Dosis zu erhalten, oder mit einer <a href=\"https:\/\/chezsmoke.ch\/product-category\/bases\/\">neutralen Basis ohne Nikotin<\/a>. <strong>2 Booster f\u00fcr 3 mg\/ml und 4 Booster f\u00fcr 6 mg\/ml<\/strong>. (F\u00fcr h\u00f6here Nikotindosierungen ist ein externer Beh\u00e4lter vorzusehen). <\/p>\n","protected":false},"excerpt":{"rendered":"<p>\ud83c\udf51\ud83e\udd6d\ud83c\udf34 <strong data-start=\"1194\" data-end=\"1231\">Peach Mango Passion &#8211; Crazy Labs<\/strong><br data-start=\"1231\" data-end=\"1234\">Ein s\u00fc\u00dfes und saftiges tropisches Trio f\u00fcr ein exotisches und sommerliches Vape.<\/p>\n","protected":false},"featured_media":466717,"comment_status":"closed","ping_status":"closed","template":"","meta":{"_acf_changed":false},"product_brand":[],"product_cat":[681,683,685,707,1276],"product_tag":[],"class_list":{"0":"post-466004","1":"product","2":"type-product","3":"status-publish","4":"has-post-thumbnail","6":"product_cat-e-liquids-de","7":"product_cat-fruchtig","8":"product_cat-fruchtig-de","9":"product_cat-neuheiten","10":"product_cat-shortfill-0-8-mg-nikotin","12":"first","13":"instock","14":"taxable","15":"shipping-taxable","16":"purchasable","17":"product-type-simple"},"bundled_by":[],"bundle_stock_status":"instock","bundle_stock_quantity":23,"bundle_virtual":false,"bundle_layout":"","bundle_add_to_cart_form_location":"","bundle_editable_in_cart":false,"bundle_sold_individually_context":"","bundle_item_grouping":"","bundle_min_size":"","bundle_max_size":"","bundle_price":[],"bundled_items":[],"bundle_sell_ids":[],"acf":[],"_links":{"self":[{"href":"https:\/\/chezsmoke.ch\/de\/wp-json\/wp\/v2\/product\/466004","targetHints":{"allow":["GET"]}}],"collection":[{"href":"https:\/\/chezsmoke.ch\/de\/wp-json\/wp\/v2\/product"}],"about":[{"href":"https:\/\/chezsmoke.ch\/de\/wp-json\/wp\/v2\/types\/product"}],"replies":[{"embeddable":true,"href":"https:\/\/chezsmoke.ch\/de\/wp-json\/wp\/v2\/comments?post=466004"}],"wp:featuredmedia":[{"embeddable":true,"href":"https:\/\/chezsmoke.ch\/de\/wp-json\/wp\/v2\/media\/466717"}],"wp:attachment":[{"href":"https:\/\/chezsmoke.ch\/de\/wp-json\/wp\/v2\/media?parent=466004"}],"wp:term":[{"taxonomy":"product_brand","embeddable":true,"href":"https:\/\/chezsmoke.ch\/de\/wp-json\/wp\/v2\/product_brand?post=466004"},{"taxonomy":"product_cat","embeddable":true,"href":"https:\/\/chezsmoke.ch\/de\/wp-json\/wp\/v2\/product_cat?post=466004"},{"taxonomy":"product_tag","embeddable":true,"href":"https:\/\/chezsmoke.ch\/de\/wp-json\/wp\/v2\/product_tag?post=466004"}],"curies":[{"name":"wp","href":"https:\/\/api.w.org\/{rel}","templated":true}]}}