{"id":466012,"date":"2026-02-06T17:28:16","date_gmt":"2026-02-06T16:28:16","guid":{"rendered":"https:\/\/chezsmoke.ch\/produit\/crazy-labs-gefrorene-traube\/"},"modified":"2026-02-10T12:25:39","modified_gmt":"2026-02-10T11:25:39","slug":"crazy-labs-gefrorene-traube","status":"publish","type":"product","link":"https:\/\/chezsmoke.ch\/de\/produit\/crazy-labs-gefrorene-traube\/","title":{"rendered":"Crazy Labs &#8211; Gefrorene Traube"},"content":{"rendered":"<p data-start=\"222\" data-end=\"275\"><strong data-start=\"222\" data-end=\"273\">Gefrorene Traube<\/strong><\/p>\n<p data-start=\"277\" data-end=\"692\">Erliegen Sie der intensiven Frische des E-Liquids <strong data-start=\"323\" data-end=\"339\">Gefrorene Trau<\/strong> be aus dem Sortiment von Crazy Labs \ud83c\udf47\u2744\ufe0f. Diese originelle Kreation vereint die saftige und s\u00fc\u00dfe S\u00fc\u00dfe einer reifen Traube mit einem belebenden Hauch von Eis, f\u00fcr ein fruchtiges, frisches und perfekt ausgewogenes Dampferlebnis. Jeder Zug erinnert an einen Strudel erfrischender Gef\u00fchle, ideal f\u00fcr alle, die fruchtige Aromen mit einem Hauch intensiver Frische lieben.  <\/p>\n<p data-start=\"694\" data-end=\"1082\">Mit seinem Verh\u00e4ltnis <strong data-start=\"709\" data-end=\"724\">50PG \/ 50VG<\/strong> gew\u00e4hrleistet dieses Liquid eine ausgezeichnete Wiedergabe der Aromen und einen angenehmen Dampf, der mit den meisten elektronischen Zigaretten kompatibel ist. Mit einem <strong data-start=\"858\" data-end=\"896\">Nikotingehalt von bis zu 6 mg<\/strong> l\u00e4sst es sich leicht an Ihre Vorlieben anpassen und sorgt so f\u00fcr ein individuelles Dampferlebnis. Eine fruchtige und eiskalte Kreation von Crazy Labs, perfekt f\u00fcr eine genussvolle Erfrischung \u2728. <\/p>\n<p>In einer <strong>140 ml<\/strong>-Flasche finden Sie <strong>100 ml<\/strong> Fl\u00fcssigkeit mit verst\u00e4rkten Aromen. Diese Fl\u00fcssigkeit kann mit <a href=\"https:\/\/chezsmoke.ch\/product-category\/boosters-nicotine\/\">Nikotinboostern<\/a> erg\u00e4nzt werden, um die gew\u00fcnschte Dosis zu erhalten, oder mit einer <a href=\"https:\/\/chezsmoke.ch\/product-category\/bases\/\">neutralen Basis ohne Nikotin<\/a>. <strong>2 Booster f\u00fcr 3 mg\/ml und 4 Booster f\u00fcr 6 mg\/ml<\/strong>. (F\u00fcr h\u00f6here Nikotindosierungen ist ein externer Beh\u00e4lter vorzusehen). <\/p>\n","protected":false},"excerpt":{"rendered":"<p>\ud83c\udf47\u2744\ufe0f <strong data-start=\"1125\" data-end=\"1154\">Gefrorene Traube &#8211; Crazy Labs<\/strong><br data-start=\"1154\" data-end=\"1157\">Reife Trauben verfeinert mit eisiger Frische f\u00fcr ein fruchtiges und intensives Dampfen.<\/p>\n","protected":false},"featured_media":466723,"comment_status":"closed","ping_status":"closed","template":"","meta":{"_acf_changed":false},"product_brand":[],"product_cat":[681,683,699,707,1276],"product_tag":[],"class_list":{"0":"post-466012","1":"product","2":"type-product","3":"status-publish","4":"has-post-thumbnail","6":"product_cat-e-liquids-de","7":"product_cat-fruchtig","8":"product_cat-fruchtig-frisch","9":"product_cat-neuheiten","10":"product_cat-shortfill-0-8-mg-nikotin","12":"first","13":"instock","14":"taxable","15":"shipping-taxable","16":"purchasable","17":"product-type-simple"},"bundled_by":[],"bundle_stock_status":"instock","bundle_stock_quantity":23,"bundle_virtual":false,"bundle_layout":"","bundle_add_to_cart_form_location":"","bundle_editable_in_cart":false,"bundle_sold_individually_context":"","bundle_item_grouping":"","bundle_min_size":"","bundle_max_size":"","bundle_price":[],"bundled_items":[],"bundle_sell_ids":[],"acf":[],"_links":{"self":[{"href":"https:\/\/chezsmoke.ch\/de\/wp-json\/wp\/v2\/product\/466012","targetHints":{"allow":["GET"]}}],"collection":[{"href":"https:\/\/chezsmoke.ch\/de\/wp-json\/wp\/v2\/product"}],"about":[{"href":"https:\/\/chezsmoke.ch\/de\/wp-json\/wp\/v2\/types\/product"}],"replies":[{"embeddable":true,"href":"https:\/\/chezsmoke.ch\/de\/wp-json\/wp\/v2\/comments?post=466012"}],"wp:featuredmedia":[{"embeddable":true,"href":"https:\/\/chezsmoke.ch\/de\/wp-json\/wp\/v2\/media\/466723"}],"wp:attachment":[{"href":"https:\/\/chezsmoke.ch\/de\/wp-json\/wp\/v2\/media?parent=466012"}],"wp:term":[{"taxonomy":"product_brand","embeddable":true,"href":"https:\/\/chezsmoke.ch\/de\/wp-json\/wp\/v2\/product_brand?post=466012"},{"taxonomy":"product_cat","embeddable":true,"href":"https:\/\/chezsmoke.ch\/de\/wp-json\/wp\/v2\/product_cat?post=466012"},{"taxonomy":"product_tag","embeddable":true,"href":"https:\/\/chezsmoke.ch\/de\/wp-json\/wp\/v2\/product_tag?post=466012"}],"curies":[{"name":"wp","href":"https:\/\/api.w.org\/{rel}","templated":true}]}}