{"id":466019,"date":"2026-02-06T17:37:04","date_gmt":"2026-02-06T16:37:04","guid":{"rendered":"https:\/\/chezsmoke.ch\/produit\/life-is-sweet-cookies-choc\/"},"modified":"2026-02-10T12:23:58","modified_gmt":"2026-02-10T11:23:58","slug":"life-is-sweet-cookies-choc","status":"publish","type":"product","link":"https:\/\/chezsmoke.ch\/de\/produit\/life-is-sweet-cookies-choc\/","title":{"rendered":"LIFE IS SWEET &#8211; COOKIES &amp; CHOC"},"content":{"rendered":"<p data-start=\"213\" data-end=\"279\"><strong data-start=\"213\" data-end=\"277\">Pekannuss-Schokoladen-Cookies  <\/strong><\/p>\n<p data-start=\"281\" data-end=\"759\">Tauchen Sie ein in die Welt der S\u00fc\u00dfigkeiten mit dem E-Liquid <strong data-start=\"335\" data-end=\"361\">Cookies Pecan Chocolate<\/strong> aus der Reihe Life is Sweet \ud83c\udf6a\ud83c\udf6b\ud83c\udf30. Diese k\u00f6stliche Kreation kombiniert die Knusprigkeit von frisch gebackenen Cookies, zartschmelzender Schokolade und dem R\u00f6staroma von ger\u00f6steten Pekann\u00fcssen. Jeder Zug ist eine Explosion der K\u00f6stlichkeit und bietet ein reichhaltiges, tr\u00f6stliches und unwiderstehlich s\u00fc\u00dfes Dampferlebnis. Ideal f\u00fcr Dessert-Liebhaber, die zu jeder Tageszeit dampfen m\u00f6chten.   <\/p>\n<p data-start=\"761\" data-end=\"1164\">Dank seines Verh\u00e4ltnisses von <strong data-start=\"779\" data-end=\"794\">50PG zu 50VG<\/strong> bietet dieses Liquid ein perfektes Gleichgewicht zwischen Geschmackswiedergabe und angenehmem Dampf, das mit den meisten elektronischen Zigaretten kompatibel ist. Mit einem <strong data-start=\"944\" data-end=\"982\">Nikotingehalt von bis zu 6 mg<\/strong> l\u00e4sst es sich leicht an Ihre Vorlieben anpassen und sorgt so f\u00fcr ein individuelles Dampferlebnis. Eine k\u00f6stliche Kreation von Life is Sweet, perfekt, um Ihrem Verlangen nach S\u00fc\u00dfem nachzugeben \u2728. <\/p>\n<p>In einer <strong>140 ml<\/strong>-Flasche finden Sie <strong>100 ml<\/strong> Fl\u00fcssigkeit mit verst\u00e4rkten Aromen. Diese Fl\u00fcssigkeit kann mit <a href=\"https:\/\/chezsmoke.ch\/product-category\/boosters-nicotine\/\">Nikotinboostern<\/a> erg\u00e4nzt werden, um die gew\u00fcnschte Dosis zu erhalten, oder mit einer <a href=\"https:\/\/chezsmoke.ch\/product-category\/bases\/\">neutralen Basis ohne Nikotin<\/a>. <strong>2 Booster f\u00fcr 3 mg\/ml und 4 Booster f\u00fcr 6 mg\/ml<\/strong>. (F\u00fcr h\u00f6here Nikotindosierungen ist ein externer Beh\u00e4lter vorzusehen). <\/p>\n","protected":false},"excerpt":{"rendered":"<p>\ud83c\udf6a\ud83c\udf6b\ud83c\udf30 <strong data-start=\"1209\" data-end=\"1251\">Cookies Pecan-Schokolade &#8211; Life is Sweet<\/strong><br data-start=\"1251\" data-end=\"1254\">Die Knusprigkeit der Cookies, der Schmelz der Schokolade und die Knusprigkeit der Pekann\u00fcsse f\u00fcr ein ultra-gourmandiges Dampfen.<\/p>\n","protected":false},"featured_media":466750,"comment_status":"closed","ping_status":"closed","template":"","meta":{"_acf_changed":false},"product_brand":[],"product_cat":[681,708,707,1276],"product_tag":[],"class_list":{"0":"post-466019","1":"product","2":"type-product","3":"status-publish","4":"has-post-thumbnail","6":"product_cat-e-liquids-de","7":"product_cat-gourmands-de","8":"product_cat-neuheiten","9":"product_cat-shortfill-0-8-mg-nikotin","11":"first","12":"instock","13":"taxable","14":"shipping-taxable","15":"purchasable","16":"product-type-simple"},"bundled_by":[],"bundle_stock_status":"instock","bundle_stock_quantity":13,"bundle_virtual":false,"bundle_layout":"","bundle_add_to_cart_form_location":"","bundle_editable_in_cart":false,"bundle_sold_individually_context":"","bundle_item_grouping":"","bundle_min_size":"","bundle_max_size":"","bundle_price":[],"bundled_items":[],"bundle_sell_ids":[],"acf":[],"_links":{"self":[{"href":"https:\/\/chezsmoke.ch\/de\/wp-json\/wp\/v2\/product\/466019","targetHints":{"allow":["GET"]}}],"collection":[{"href":"https:\/\/chezsmoke.ch\/de\/wp-json\/wp\/v2\/product"}],"about":[{"href":"https:\/\/chezsmoke.ch\/de\/wp-json\/wp\/v2\/types\/product"}],"replies":[{"embeddable":true,"href":"https:\/\/chezsmoke.ch\/de\/wp-json\/wp\/v2\/comments?post=466019"}],"wp:featuredmedia":[{"embeddable":true,"href":"https:\/\/chezsmoke.ch\/de\/wp-json\/wp\/v2\/media\/466750"}],"wp:attachment":[{"href":"https:\/\/chezsmoke.ch\/de\/wp-json\/wp\/v2\/media?parent=466019"}],"wp:term":[{"taxonomy":"product_brand","embeddable":true,"href":"https:\/\/chezsmoke.ch\/de\/wp-json\/wp\/v2\/product_brand?post=466019"},{"taxonomy":"product_cat","embeddable":true,"href":"https:\/\/chezsmoke.ch\/de\/wp-json\/wp\/v2\/product_cat?post=466019"},{"taxonomy":"product_tag","embeddable":true,"href":"https:\/\/chezsmoke.ch\/de\/wp-json\/wp\/v2\/product_tag?post=466019"}],"curies":[{"name":"wp","href":"https:\/\/api.w.org\/{rel}","templated":true}]}}