{"id":466024,"date":"2026-02-06T17:43:08","date_gmt":"2026-02-06T16:43:08","guid":{"rendered":"https:\/\/chezsmoke.ch\/produit\/life-is-sweet-creamy-nuts\/"},"modified":"2026-02-10T12:23:15","modified_gmt":"2026-02-10T11:23:15","slug":"life-is-sweet-creamy-nuts","status":"publish","type":"product","link":"https:\/\/chezsmoke.ch\/de\/produit\/life-is-sweet-creamy-nuts\/","title":{"rendered":"LIFE IS SWEET &#8211; CREAMY &amp; NUTS"},"content":{"rendered":"<p data-start=\"246\" data-end=\"312\"><strong data-start=\"246\" data-end=\"310\">Haselnusscreme Biskuit  <\/strong><\/p>\n<p data-start=\"314\" data-end=\"816\">Erliegen Sie der S\u00fc\u00dfe des E-Liquids <strong data-start=\"350\" data-end=\"376\">Creme Haselnuss Biscuit<\/strong> aus der Reihe Life is Sweet \ud83c\udf30\ud83c\udf6a\u2728. Diese Gourmetkreation kombiniert den cremigen Reichtum einer samtigen Creme mit dem getoasteten Duft von ger\u00f6steten Haseln\u00fcssen und dem zarten Knuspern von Biskuit. Jeder Zug bietet eine Explosion von cremigen und s\u00fc\u00dfen Aromen, bei denen die Haselnuss perfekt mit der S\u00fc\u00dfe des Kekses harmoniert, f\u00fcr ein w\u00e4rmendes und k\u00f6stliches Dampferlebnis. Ideal f\u00fcr Liebhaber von Desserts, die jederzeit genossen werden k\u00f6nnen.   <\/p>\n<p data-start=\"818\" data-end=\"1189\">Mit seinem Verh\u00e4ltnis <strong data-start=\"833\" data-end=\"848\">von 50PG zu 50VG<\/strong> garantiert dieses Liquid eine ausgezeichnete Wiedergabe der Aromen und einen angenehmen Dampf, der mit den meisten elektronischen Zigaretten kompatibel ist. Mit einem <strong data-start=\"984\" data-end=\"1022\">Nikotingehalt von bis zu 6 mg<\/strong> l\u00e4sst es sich leicht an Ihre Vorlieben anpassen, um Ihnen ein ma\u00dfgeschneidertes Dampferlebnis zu bieten. Eine s\u00fc\u00dfe, cremige und unwiderstehlich leckere Kreation von Life is Sweet \u2728. <\/p>\n<p>In einer <strong>140 ml<\/strong>-Flasche finden Sie <strong>100 ml<\/strong> Fl\u00fcssigkeit mit verst\u00e4rkten Aromen. Diese Fl\u00fcssigkeit kann mit <a href=\"https:\/\/chezsmoke.ch\/product-category\/boosters-nicotine\/\">Nikotinboostern<\/a> erg\u00e4nzt werden, um die gew\u00fcnschte Dosis zu erhalten, oder mit einer <a href=\"https:\/\/chezsmoke.ch\/product-category\/bases\/\">neutralen Basis ohne Nikotin<\/a>. <strong>2 Booster f\u00fcr 3 mg\/ml und 4 Booster f\u00fcr 6 mg\/ml<\/strong>. (F\u00fcr h\u00f6here Nikotindosierungen ist ein externer Beh\u00e4lter vorzusehen). <\/p>\n","protected":false},"excerpt":{"rendered":"<p>\ud83c\udf30\ud83c\udf6a <strong data-start=\"1232\" data-end=\"1274\">Creme Haselnuss Biscuit &#8211; Life is Sweet<\/strong><br data-start=\"1274\" data-end=\"1277\">Die S\u00fc\u00dfe einer cremigen Creme mit Haselnuss und Biscuit f\u00fcr ein ultra-gourmandiges Dampfen.<\/p>\n","protected":false},"featured_media":466753,"comment_status":"closed","ping_status":"closed","template":"","meta":{"_acf_changed":false},"product_brand":[],"product_cat":[681,708,707,1276],"product_tag":[],"class_list":{"0":"post-466024","1":"product","2":"type-product","3":"status-publish","4":"has-post-thumbnail","6":"product_cat-e-liquids-de","7":"product_cat-gourmands-de","8":"product_cat-neuheiten","9":"product_cat-shortfill-0-8-mg-nikotin","11":"first","12":"instock","13":"taxable","14":"shipping-taxable","15":"purchasable","16":"product-type-simple"},"bundled_by":[],"bundle_stock_status":"instock","bundle_stock_quantity":15,"bundle_virtual":false,"bundle_layout":"","bundle_add_to_cart_form_location":"","bundle_editable_in_cart":false,"bundle_sold_individually_context":"","bundle_item_grouping":"","bundle_min_size":"","bundle_max_size":"","bundle_price":[],"bundled_items":[],"bundle_sell_ids":[],"acf":[],"_links":{"self":[{"href":"https:\/\/chezsmoke.ch\/de\/wp-json\/wp\/v2\/product\/466024","targetHints":{"allow":["GET"]}}],"collection":[{"href":"https:\/\/chezsmoke.ch\/de\/wp-json\/wp\/v2\/product"}],"about":[{"href":"https:\/\/chezsmoke.ch\/de\/wp-json\/wp\/v2\/types\/product"}],"replies":[{"embeddable":true,"href":"https:\/\/chezsmoke.ch\/de\/wp-json\/wp\/v2\/comments?post=466024"}],"wp:featuredmedia":[{"embeddable":true,"href":"https:\/\/chezsmoke.ch\/de\/wp-json\/wp\/v2\/media\/466753"}],"wp:attachment":[{"href":"https:\/\/chezsmoke.ch\/de\/wp-json\/wp\/v2\/media?parent=466024"}],"wp:term":[{"taxonomy":"product_brand","embeddable":true,"href":"https:\/\/chezsmoke.ch\/de\/wp-json\/wp\/v2\/product_brand?post=466024"},{"taxonomy":"product_cat","embeddable":true,"href":"https:\/\/chezsmoke.ch\/de\/wp-json\/wp\/v2\/product_cat?post=466024"},{"taxonomy":"product_tag","embeddable":true,"href":"https:\/\/chezsmoke.ch\/de\/wp-json\/wp\/v2\/product_tag?post=466024"}],"curies":[{"name":"wp","href":"https:\/\/api.w.org\/{rel}","templated":true}]}}