{"id":466031,"date":"2026-02-06T17:46:51","date_gmt":"2026-02-06T16:46:51","guid":{"rendered":"https:\/\/chezsmoke.ch\/produit\/life-is-sweet-gelato-dough\/"},"modified":"2026-02-10T12:22:28","modified_gmt":"2026-02-10T11:22:28","slug":"life-is-sweet-gelato-dough","status":"publish","type":"product","link":"https:\/\/chezsmoke.ch\/de\/produit\/life-is-sweet-gelato-dough\/","title":{"rendered":"LIFE IS SWEET &#8211; GELATO &amp; DOUGH"},"content":{"rendered":"<p data-start=\"228\" data-end=\"291\"><strong data-start=\"228\" data-end=\"289\">Eis Cookies Dough  <\/strong><\/p>\n<p data-start=\"293\" data-end=\"761\">Erliegen Sie der eisigen <strong data-start=\"345\" data-end=\"368\">Gaumenfreude<\/strong> mit dem E-Liquid <strong data-start=\"345\" data-end=\"368\">Eis Cookies Dough<\/strong> aus der Reihe Life is Sweet \ud83c\udf66\ud83c\udf6a. Diese cremige Kreation kombiniert die S\u00fc\u00dfe einer zart ges\u00fc\u00dften Eiscreme mit frisch zubereitetem Keksteig und sorgt f\u00fcr ein reichhaltiges, cremiges und unwiderstehlich leckeres Dampferlebnis. Jeder Zug ist ein s\u00fc\u00dfes Vergn\u00fcgen, das an die k\u00f6stlichsten Eisdesserts erinnert, perfekt f\u00fcr Liebhaber von S\u00fc\u00dfigkeiten, die den ganzen Tag \u00fcber gedampft werden k\u00f6nnen.  <\/p>\n<p data-start=\"763\" data-end=\"1168\">Dank seines Verh\u00e4ltnisses von <strong data-start=\"781\" data-end=\"796\">50PG zu 50VG<\/strong> gew\u00e4hrleistet dieses Liquid eine ausgezeichnete Wiedergabe der Aromen und erzeugt einen angenehmen Dampf, der mit den meisten elektronischen Zigaretten kompatibel ist. Mit einem <strong data-start=\"947\" data-end=\"985\">Nikotingehalt von bis zu 6 mg<\/strong> l\u00e4sst es sich leicht an Ihre Vorlieben anpassen und sorgt so f\u00fcr ein individuelles Dampferlebnis. Eine s\u00fc\u00dfe und eiskalte Kreation von Life is Sweet, f\u00fcr eine Gourmet-Pause bei jedem Zug \u2728. <\/p>\n<p>In einer <strong>140 ml<\/strong>-Flasche finden Sie <strong>100 ml<\/strong> Fl\u00fcssigkeit mit verst\u00e4rkten Aromen. Diese Fl\u00fcssigkeit kann mit <a href=\"https:\/\/chezsmoke.ch\/product-category\/boosters-nicotine\/\">Nikotinboostern<\/a> erg\u00e4nzt werden, um die gew\u00fcnschte Dosis zu erhalten, oder mit einer <a href=\"https:\/\/chezsmoke.ch\/product-category\/bases\/\">neutralen Basis ohne Nikotin<\/a>. <strong>2 Booster f\u00fcr 3 mg\/ml und 4 Booster f\u00fcr 6 mg\/ml<\/strong>. (F\u00fcr h\u00f6here Nikotindosierungen ist ein externer Beh\u00e4lter vorzusehen). <\/p>\n","protected":false},"excerpt":{"rendered":"<p>\ud83c\udf66\ud83c\udf6a <strong data-start=\"1211\" data-end=\"1250\">Glace Cookies Dough &#8211; Life is Sweet<\/strong><br data-start=\"1250\" data-end=\"1253\">Cremige Eiscreme trifft auf Cookie-Teig f\u00fcr ein ultra-gourmandiges und s\u00fc\u00dfes Dampfen.<\/p>\n","protected":false},"featured_media":466756,"comment_status":"closed","ping_status":"closed","template":"","meta":{"_acf_changed":false},"product_brand":[],"product_cat":[681,708,707,1276],"product_tag":[],"class_list":{"0":"post-466031","1":"product","2":"type-product","3":"status-publish","4":"has-post-thumbnail","6":"product_cat-e-liquids-de","7":"product_cat-gourmands-de","8":"product_cat-neuheiten","9":"product_cat-shortfill-0-8-mg-nikotin","11":"first","12":"instock","13":"taxable","14":"shipping-taxable","15":"purchasable","16":"product-type-simple"},"bundled_by":[],"bundle_stock_status":"instock","bundle_stock_quantity":12,"bundle_virtual":false,"bundle_layout":"","bundle_add_to_cart_form_location":"","bundle_editable_in_cart":false,"bundle_sold_individually_context":"","bundle_item_grouping":"","bundle_min_size":"","bundle_max_size":"","bundle_price":[],"bundled_items":[],"bundle_sell_ids":[],"acf":[],"_links":{"self":[{"href":"https:\/\/chezsmoke.ch\/de\/wp-json\/wp\/v2\/product\/466031","targetHints":{"allow":["GET"]}}],"collection":[{"href":"https:\/\/chezsmoke.ch\/de\/wp-json\/wp\/v2\/product"}],"about":[{"href":"https:\/\/chezsmoke.ch\/de\/wp-json\/wp\/v2\/types\/product"}],"replies":[{"embeddable":true,"href":"https:\/\/chezsmoke.ch\/de\/wp-json\/wp\/v2\/comments?post=466031"}],"wp:featuredmedia":[{"embeddable":true,"href":"https:\/\/chezsmoke.ch\/de\/wp-json\/wp\/v2\/media\/466756"}],"wp:attachment":[{"href":"https:\/\/chezsmoke.ch\/de\/wp-json\/wp\/v2\/media?parent=466031"}],"wp:term":[{"taxonomy":"product_brand","embeddable":true,"href":"https:\/\/chezsmoke.ch\/de\/wp-json\/wp\/v2\/product_brand?post=466031"},{"taxonomy":"product_cat","embeddable":true,"href":"https:\/\/chezsmoke.ch\/de\/wp-json\/wp\/v2\/product_cat?post=466031"},{"taxonomy":"product_tag","embeddable":true,"href":"https:\/\/chezsmoke.ch\/de\/wp-json\/wp\/v2\/product_tag?post=466031"}],"curies":[{"name":"wp","href":"https:\/\/api.w.org\/{rel}","templated":true}]}}