{"id":466034,"date":"2026-02-06T17:49:44","date_gmt":"2026-02-06T16:49:44","guid":{"rendered":"https:\/\/chezsmoke.ch\/produit\/life-is-sweet-nuts-caramel\/"},"modified":"2026-02-10T12:19:20","modified_gmt":"2026-02-10T11:19:20","slug":"life-is-sweet-nuts-caramel","status":"publish","type":"product","link":"https:\/\/chezsmoke.ch\/de\/produit\/life-is-sweet-nuts-caramel\/","title":{"rendered":"LIFE IS SWEET &#8211; NUTS &amp; CARAMEL"},"content":{"rendered":"<p data-start=\"250\" data-end=\"328\"><strong data-start=\"250\" data-end=\"326\">Karamell Salzbutter Pekannuss Haselnuss  <\/strong><\/p>\n<p data-start=\"330\" data-end=\"823\">Tauchen Sie ein in die Gourmetwelt des e-Liquids <strong data-start=\"375\" data-end=\"413\">Caramel Beurre Sal\u00e9 Pecan Haselnuss<\/strong> aus der Reihe Life is Sweet \ud83c\udf6f\ud83c\udf30\u2728. Diese reichhaltige und schmackhafte Kreation kombiniert cremiges Karamell mit gesalzener Butter mit der ger\u00f6steten W\u00e4rme von Pekann\u00fcssen und Haseln\u00fcssen. Das Ergebnis ist ein s\u00fc\u00dfes, k\u00f6stliches und leicht salziges Dampfen, bei dem jeder Zug ein perfektes Gleichgewicht zwischen Zucker und R\u00f6stnoten enth\u00fcllt. Ideal f\u00fcr Liebhaber von w\u00e4rmenden Desserts und reichhaltigen Aromen zu jeder Tageszeit.   <\/p>\n<p data-start=\"825\" data-end=\"1194\">Mit seinem Verh\u00e4ltnis <strong data-start=\"840\" data-end=\"855\">von 50PG zu 50VG<\/strong> garantiert dieses Liquid eine ausgezeichnete Wiedergabe der Aromen und einen angenehmen Dampf, der mit den meisten elektronischen Zigaretten kompatibel ist. Mit einem <strong data-start=\"1000\" data-end=\"1038\">Nikotingehalt von bis zu 6 mg<\/strong> l\u00e4sst es sich leicht an Ihre Vorlieben anpassen und sorgt so f\u00fcr ein individuelles Dampferlebnis. Eine leckere, reichhaltige und unwiderstehliche Kreation von Life is Sweet \u2728. <\/p>\n<p>In einer <strong>140 ml<\/strong>-Flasche finden Sie <strong>100 ml<\/strong> Fl\u00fcssigkeit mit verst\u00e4rkten Aromen. Diese Fl\u00fcssigkeit kann mit <a href=\"https:\/\/chezsmoke.ch\/product-category\/boosters-nicotine\/\">Nikotinboostern<\/a> erg\u00e4nzt werden, um die gew\u00fcnschte Dosis zu erhalten, oder mit einer <a href=\"https:\/\/chezsmoke.ch\/product-category\/bases\/\">neutralen Basis ohne Nikotin<\/a>. <strong>2 Booster f\u00fcr 3 mg\/ml und 4 Booster f\u00fcr 6 mg\/ml<\/strong>. (F\u00fcr h\u00f6here Nikotindosierungen ist ein externer Beh\u00e4lter vorzusehen). <\/p>\n","protected":false},"excerpt":{"rendered":"<p>\ud83c\udf6f\ud83c\udf30 <strong data-start=\"1237\" data-end=\"1291\">Caramel Beurre Sal\u00e9 P\u00e9can Haselnuss &#8211; Life is Sweet<\/strong><br data-start=\"1291\" data-end=\"1294\">Cremiges <strong data-start=\"1237\" data-end=\"1291\">Karamell<\/strong> trifft auf ger\u00f6stete N\u00fcsse f\u00fcr ein gieriges, s\u00fc\u00dfes und leicht salziges Dampfen.<\/p>\n","protected":false},"featured_media":466708,"comment_status":"closed","ping_status":"closed","template":"","meta":{"_acf_changed":false},"product_brand":[],"product_cat":[681,708,707,1276],"product_tag":[],"class_list":{"0":"post-466034","1":"product","2":"type-product","3":"status-publish","4":"has-post-thumbnail","6":"product_cat-e-liquids-de","7":"product_cat-gourmands-de","8":"product_cat-neuheiten","9":"product_cat-shortfill-0-8-mg-nikotin","11":"first","12":"instock","13":"taxable","14":"shipping-taxable","15":"purchasable","16":"product-type-simple"},"bundled_by":[],"bundle_stock_status":"instock","bundle_stock_quantity":15,"bundle_virtual":false,"bundle_layout":"","bundle_add_to_cart_form_location":"","bundle_editable_in_cart":false,"bundle_sold_individually_context":"","bundle_item_grouping":"","bundle_min_size":"","bundle_max_size":"","bundle_price":[],"bundled_items":[],"bundle_sell_ids":[],"acf":[],"_links":{"self":[{"href":"https:\/\/chezsmoke.ch\/de\/wp-json\/wp\/v2\/product\/466034","targetHints":{"allow":["GET"]}}],"collection":[{"href":"https:\/\/chezsmoke.ch\/de\/wp-json\/wp\/v2\/product"}],"about":[{"href":"https:\/\/chezsmoke.ch\/de\/wp-json\/wp\/v2\/types\/product"}],"replies":[{"embeddable":true,"href":"https:\/\/chezsmoke.ch\/de\/wp-json\/wp\/v2\/comments?post=466034"}],"wp:featuredmedia":[{"embeddable":true,"href":"https:\/\/chezsmoke.ch\/de\/wp-json\/wp\/v2\/media\/466708"}],"wp:attachment":[{"href":"https:\/\/chezsmoke.ch\/de\/wp-json\/wp\/v2\/media?parent=466034"}],"wp:term":[{"taxonomy":"product_brand","embeddable":true,"href":"https:\/\/chezsmoke.ch\/de\/wp-json\/wp\/v2\/product_brand?post=466034"},{"taxonomy":"product_cat","embeddable":true,"href":"https:\/\/chezsmoke.ch\/de\/wp-json\/wp\/v2\/product_cat?post=466034"},{"taxonomy":"product_tag","embeddable":true,"href":"https:\/\/chezsmoke.ch\/de\/wp-json\/wp\/v2\/product_tag?post=466034"}],"curies":[{"name":"wp","href":"https:\/\/api.w.org\/{rel}","templated":true}]}}