{"id":466041,"date":"2026-02-06T17:53:39","date_gmt":"2026-02-06T16:53:39","guid":{"rendered":"https:\/\/chezsmoke.ch\/produit\/life-is-sweet-speculoos-pecan\/"},"modified":"2026-02-10T12:20:03","modified_gmt":"2026-02-10T11:20:03","slug":"life-is-sweet-speculoos-pecan","status":"publish","type":"product","link":"https:\/\/chezsmoke.ch\/de\/produit\/life-is-sweet-speculoos-pecan\/","title":{"rendered":"LIFE IS SWEET &#8211; SPECULOOS &amp; PECAN"},"content":{"rendered":"<p data-start=\"239\" data-end=\"306\"><strong data-start=\"239\" data-end=\"304\">Vanille Pecan Spekulatius &#8211; 140ML &#8211; Life is Sweet (50PG \/ 50VG)<\/strong><\/p>\n<p data-start=\"308\" data-end=\"741\">Lassen Sie sich von dem <strong data-start=\"346\" data-end=\"373\">Spekulatius Vanille Pecan<\/strong> e-Liquid aus der Reihe Life is Sweet \ud83c\udf6a\ud83c\udf30\u2728 verf\u00fchren. Diese Gourmet-Kreation vereint den w\u00fcrzigen und knackigen Geschmack von Spekulatius mit der samtigen S\u00fc\u00dfe von Vanille, verfeinert durch einen zarten Hauch von ger\u00f6steten Pekann\u00fcssen. Jeder Zug bietet eine herzerw\u00e4rmende und unwiderstehlich s\u00fc\u00dfe Erfahrung, perfekt f\u00fcr Dessertliebhaber, die zu jeder Tageszeit dampfen m\u00f6chten.  <\/p>\n<p data-start=\"743\" data-end=\"1151\">Dank seines Verh\u00e4ltnisses von <strong data-start=\"761\" data-end=\"776\">50PG zu 50VG<\/strong> gew\u00e4hrleistet dieses Liquid eine ausgezeichnete Geschmackswiedergabe und einen angenehmen Dampf, der mit den meisten elektronischen Zigaretten kompatibel ist. Mit einem <strong data-start=\"911\" data-end=\"949\">Nikotingehalt von bis zu 6 mg<\/strong> l\u00e4sst es sich leicht an Ihre Vorlieben anpassen und sorgt so f\u00fcr ein individuelles Dampferlebnis. Eine s\u00fc\u00dfe, w\u00fcrzige und leckere Kreation von Life is Sweet, ideal f\u00fcr ein intensives Vergn\u00fcgen bei jeder Inhalation \u2728. <\/p>\n<p>In einer <strong>140 ml<\/strong>-Flasche finden Sie <strong>100 ml<\/strong> Fl\u00fcssigkeit mit verst\u00e4rkten Aromen. Diese Fl\u00fcssigkeit kann mit <a href=\"https:\/\/chezsmoke.ch\/product-category\/boosters-nicotine\/\">Nikotinboostern<\/a> erg\u00e4nzt werden, um die gew\u00fcnschte Dosis zu erhalten, oder mit einer <a href=\"https:\/\/chezsmoke.ch\/product-category\/bases\/\">neutralen Basis ohne Nikotin<\/a>. <strong>2 Booster f\u00fcr 3 mg\/ml und 4 Booster f\u00fcr 6 mg\/ml<\/strong>. (F\u00fcr h\u00f6here Nikotindosierungen ist ein externer Beh\u00e4lter vorzusehen). <\/p>\n","protected":false},"excerpt":{"rendered":"<p>\ud83c\udf6a\ud83c\udf30 S <strong data-start=\"1194\" data-end=\"1237\">pekulatius Vanille Pecan &#8211; Life is Sweet<\/strong><br data-start=\"1237\" data-end=\"1240\">Knusprig-w\u00fcrziger Spekulatius, s\u00fc\u00dfe Vanille und ger\u00f6stete Pekann\u00fcsse f\u00fcr ein gieriges und tr\u00f6stliches Dampfen.<\/p>\n","protected":false},"featured_media":466759,"comment_status":"closed","ping_status":"closed","template":"","meta":{"_acf_changed":false},"product_brand":[],"product_cat":[681,708,707,1276],"product_tag":[],"class_list":{"0":"post-466041","1":"product","2":"type-product","3":"status-publish","4":"has-post-thumbnail","6":"product_cat-e-liquids-de","7":"product_cat-gourmands-de","8":"product_cat-neuheiten","9":"product_cat-shortfill-0-8-mg-nikotin","11":"first","12":"instock","13":"taxable","14":"shipping-taxable","15":"purchasable","16":"product-type-simple"},"bundled_by":[],"bundle_stock_status":"instock","bundle_stock_quantity":14,"bundle_virtual":false,"bundle_layout":"","bundle_add_to_cart_form_location":"","bundle_editable_in_cart":false,"bundle_sold_individually_context":"","bundle_item_grouping":"","bundle_min_size":"","bundle_max_size":"","bundle_price":[],"bundled_items":[],"bundle_sell_ids":[],"acf":[],"_links":{"self":[{"href":"https:\/\/chezsmoke.ch\/de\/wp-json\/wp\/v2\/product\/466041","targetHints":{"allow":["GET"]}}],"collection":[{"href":"https:\/\/chezsmoke.ch\/de\/wp-json\/wp\/v2\/product"}],"about":[{"href":"https:\/\/chezsmoke.ch\/de\/wp-json\/wp\/v2\/types\/product"}],"replies":[{"embeddable":true,"href":"https:\/\/chezsmoke.ch\/de\/wp-json\/wp\/v2\/comments?post=466041"}],"wp:featuredmedia":[{"embeddable":true,"href":"https:\/\/chezsmoke.ch\/de\/wp-json\/wp\/v2\/media\/466759"}],"wp:attachment":[{"href":"https:\/\/chezsmoke.ch\/de\/wp-json\/wp\/v2\/media?parent=466041"}],"wp:term":[{"taxonomy":"product_brand","embeddable":true,"href":"https:\/\/chezsmoke.ch\/de\/wp-json\/wp\/v2\/product_brand?post=466041"},{"taxonomy":"product_cat","embeddable":true,"href":"https:\/\/chezsmoke.ch\/de\/wp-json\/wp\/v2\/product_cat?post=466041"},{"taxonomy":"product_tag","embeddable":true,"href":"https:\/\/chezsmoke.ch\/de\/wp-json\/wp\/v2\/product_tag?post=466041"}],"curies":[{"name":"wp","href":"https:\/\/api.w.org\/{rel}","templated":true}]}}