{"id":466046,"date":"2026-02-06T17:59:00","date_gmt":"2026-02-06T16:59:00","guid":{"rendered":"https:\/\/chezsmoke.ch\/produit\/life-is-sweet-vanilla-coffee\/"},"modified":"2026-02-10T12:16:24","modified_gmt":"2026-02-10T11:16:24","slug":"life-is-sweet-vanilla-coffee","status":"publish","type":"product","link":"https:\/\/chezsmoke.ch\/de\/produit\/life-is-sweet-vanilla-coffee\/","title":{"rendered":"LIFE IS SWEET &#8211; VANILLA &amp; COFFEE"},"content":{"rendered":"<p data-start=\"236\" data-end=\"300\"><strong data-start=\"236\" data-end=\"298\">Vanille Caf\u00e9 Biscuit &#8211; 140ML &#8211; Life is Sweet (50PG \/ 50VG)<\/strong><\/p>\n<p data-start=\"302\" data-end=\"731\">Genie\u00dfen Sie einen s\u00fc\u00dfen Moment mit dem <strong data-start=\"350\" data-end=\"374\">Vanille Kaffee Biscuit<\/strong> e-Liquid aus der Reihe Life is Sweet \u2615\ud83c\udf66\ud83c\udf6a. Diese Gourmet-Kreation kombiniert cremige Vanille mit dem intensiven Aroma von Kaffee, das durch einen knusprigen Hauch von Biskuit hervorgehoben wird. Jeder Zug ist eine Explosion von s\u00fc\u00dfen und w\u00e4rmenden Aromen, ideal f\u00fcr Liebhaber von raffinierten und warmen Leckereien, die den ganzen Tag \u00fcber gedampft werden k\u00f6nnen.  <\/p>\n<p data-start=\"733\" data-end=\"1156\">Mit seinem Verh\u00e4ltnis <strong data-start=\"748\" data-end=\"763\">50PG \/ 50VG<\/strong> garantiert dieses Liquid eine ausgezeichnete Wiedergabe der Aromen und einen angenehmen Dampf, der mit den meisten elektronischen Zigaretten kompatibel ist. Mit einem <strong data-start=\"907\" data-end=\"945\">Nikotingehalt von bis zu 6 mg<\/strong> l\u00e4sst es sich leicht an Ihre Vorlieben anpassen und sorgt so f\u00fcr ein individuelles Dampferlebnis. Eine reichhaltige, leckere und tr\u00f6stliche Kreation von Life is Sweet, perfekt f\u00fcr ein intensives Vergn\u00fcgen bei jeder Inhalation \u2728. <\/p>\n<p>In einer <strong>140 ml<\/strong>-Flasche finden Sie <strong>100 ml<\/strong> Fl\u00fcssigkeit mit verst\u00e4rkten Aromen. Diese Fl\u00fcssigkeit kann mit <a href=\"https:\/\/chezsmoke.ch\/product-category\/boosters-nicotine\/\">Nikotinboostern<\/a> erg\u00e4nzt werden, um die gew\u00fcnschte Dosis zu erhalten, oder mit einer <a href=\"https:\/\/chezsmoke.ch\/product-category\/bases\/\">neutralen Basis ohne Nikotin<\/a>. <strong>2 Booster f\u00fcr 3 mg\/ml und 4 Booster f\u00fcr 6 mg\/ml<\/strong>. (F\u00fcr h\u00f6here Nikotindosierungen ist ein externer Beh\u00e4lter vorzusehen). <\/p>\n","protected":false},"excerpt":{"rendered":"<p>\u2615\ud83c\udf6a\ud83c\udf66 <strong data-start=\"1200\" data-end=\"1240\">Vanille Kaffee Keks &#8211; Life is Sweet<\/strong><br data-start=\"1240\" data-end=\"1243\">Die S\u00fc\u00dfe der Vanille, die Intensit\u00e4t des Kaffees und die Knusprigkeit des Kekses f\u00fcr ein gourmandiges und tr\u00f6stliches Dampfen.<\/p>\n","protected":false},"featured_media":466762,"comment_status":"closed","ping_status":"closed","template":"","meta":{"_acf_changed":false},"product_brand":[],"product_cat":[681,708,707,1276],"product_tag":[],"class_list":{"0":"post-466046","1":"product","2":"type-product","3":"status-publish","4":"has-post-thumbnail","6":"product_cat-e-liquids-de","7":"product_cat-gourmands-de","8":"product_cat-neuheiten","9":"product_cat-shortfill-0-8-mg-nikotin","11":"first","12":"instock","13":"taxable","14":"shipping-taxable","15":"purchasable","16":"product-type-simple"},"bundled_by":[],"bundle_stock_status":"instock","bundle_stock_quantity":14,"bundle_virtual":false,"bundle_layout":"","bundle_add_to_cart_form_location":"","bundle_editable_in_cart":false,"bundle_sold_individually_context":"","bundle_item_grouping":"","bundle_min_size":"","bundle_max_size":"","bundle_price":[],"bundled_items":[],"bundle_sell_ids":[],"acf":[],"_links":{"self":[{"href":"https:\/\/chezsmoke.ch\/de\/wp-json\/wp\/v2\/product\/466046","targetHints":{"allow":["GET"]}}],"collection":[{"href":"https:\/\/chezsmoke.ch\/de\/wp-json\/wp\/v2\/product"}],"about":[{"href":"https:\/\/chezsmoke.ch\/de\/wp-json\/wp\/v2\/types\/product"}],"replies":[{"embeddable":true,"href":"https:\/\/chezsmoke.ch\/de\/wp-json\/wp\/v2\/comments?post=466046"}],"wp:featuredmedia":[{"embeddable":true,"href":"https:\/\/chezsmoke.ch\/de\/wp-json\/wp\/v2\/media\/466762"}],"wp:attachment":[{"href":"https:\/\/chezsmoke.ch\/de\/wp-json\/wp\/v2\/media?parent=466046"}],"wp:term":[{"taxonomy":"product_brand","embeddable":true,"href":"https:\/\/chezsmoke.ch\/de\/wp-json\/wp\/v2\/product_brand?post=466046"},{"taxonomy":"product_cat","embeddable":true,"href":"https:\/\/chezsmoke.ch\/de\/wp-json\/wp\/v2\/product_cat?post=466046"},{"taxonomy":"product_tag","embeddable":true,"href":"https:\/\/chezsmoke.ch\/de\/wp-json\/wp\/v2\/product_tag?post=466046"}],"curies":[{"name":"wp","href":"https:\/\/api.w.org\/{rel}","templated":true}]}}