{"id":466049,"date":"2026-02-06T18:02:10","date_gmt":"2026-02-06T17:02:10","guid":{"rendered":"https:\/\/chezsmoke.ch\/produit\/bakery-shake-oppenheimer\/"},"modified":"2026-02-10T12:15:18","modified_gmt":"2026-02-10T11:15:18","slug":"bakery-shake-oppenheimer","status":"publish","type":"product","link":"https:\/\/chezsmoke.ch\/de\/produit\/bakery-shake-oppenheimer\/","title":{"rendered":"BAKERY SHAKE &#8211; OPPENHEIMER"},"content":{"rendered":"<p data-start=\"250\" data-end=\"324\"><strong data-start=\"250\" data-end=\"322\">Vanille-Eis Cookie-Schokolade<\/strong><\/p>\n<p data-start=\"326\" data-end=\"817\">G\u00f6nnen Sie sich eine Explosion der K\u00f6stlichkeit mit dem E-Liquid <strong data-start=\"385\" data-end=\"419\">Vanilleeis Cookie Chocolate<\/strong> aus der Reihe Life is Sweet \ud83c\udf66\ud83c\udf6a\ud83c\udf6b. Diese unwiderstehliche Fl\u00fcssigkeit kombiniert die cremige S\u00fc\u00dfe von ger\u00f6stetem Vanilleeis, frisch zubereitetem Cookie-Teig und zartschmelzenden Schokoladenst\u00fcckchen, die mit einer cremigen Puddingcreme verfeinert werden. Jeder Zug ist ein Fest f\u00fcr die Geschmacksnerven, perfekt f\u00fcr einen erfrischenden Moment am Morgen mit Ihrem Kaffee oder als <strong data-start=\"794\" data-end=\"805\">All-Day-Gourmet<\/strong>.  <\/p>\n<p data-start=\"819\" data-end=\"1224\">Mit seinem Verh\u00e4ltnis <strong data-start=\"834\" data-end=\"849\">von 50PG zu 50VG<\/strong> gew\u00e4hrleistet dieses Liquid eine ausgezeichnete Geschmackswiedergabe und einen angenehmen Dampf, der mit den meisten elektronischen Zigaretten kompatibel ist. Mit einem <strong data-start=\"984\" data-end=\"1022\">Nikotingehalt von bis zu 6 mg<\/strong> l\u00e4sst es sich leicht an Ihre Vorlieben anpassen und sorgt so f\u00fcr ein individuelles Dampferlebnis. Eine ultra-gourmandige Kreation von Life is Sweet, f\u00fcr ein reichhaltiges, cremiges und intensives Dampfen bei jeder Inhalation \u2728. <\/p>\n<p>In einer <strong>140 ml<\/strong>-Flasche finden Sie <strong>100 ml<\/strong> Fl\u00fcssigkeit mit verst\u00e4rkten Aromen. Diese Fl\u00fcssigkeit kann mit <a href=\"https:\/\/chezsmoke.ch\/product-category\/boosters-nicotine\/\">Nikotinboostern<\/a> erg\u00e4nzt werden, um die gew\u00fcnschte Dosis zu erhalten, oder mit einer <a href=\"https:\/\/chezsmoke.ch\/product-category\/bases\/\">neutralen Basis ohne Nikotin<\/a>. <strong>2 Booster f\u00fcr 3 mg\/ml und 4 Booster f\u00fcr 6 mg\/ml<\/strong>. (F\u00fcr h\u00f6here Nikotindosierungen ist ein externer Beh\u00e4lter vorzusehen). <\/p>\n","protected":false},"excerpt":{"rendered":"<p>\ud83c\udf66\ud83c\udf6a\ud83c\udf6b Vanilleeis <strong data-start=\"1269\" data-end=\"1319\">Cookie Chocolate &#8211; Life is Sweet<\/strong><br data-start=\"1319\" data-end=\"1322\">Eiscreme mit ger\u00f6steter Vanille, Cookie-Teig, Schokoladenst\u00fcckchen und englischer Sahne f\u00fcr ein ultra-gourmandiges Dampfen.<\/p>\n","protected":false},"featured_media":466654,"comment_status":"closed","ping_status":"closed","template":"","meta":{"_acf_changed":false},"product_brand":[],"product_cat":[681,708,707,1276],"product_tag":[],"class_list":{"0":"post-466049","1":"product","2":"type-product","3":"status-publish","4":"has-post-thumbnail","6":"product_cat-e-liquids-de","7":"product_cat-gourmands-de","8":"product_cat-neuheiten","9":"product_cat-shortfill-0-8-mg-nikotin","11":"first","12":"instock","13":"taxable","14":"shipping-taxable","15":"purchasable","16":"product-type-simple"},"bundled_by":[],"bundle_stock_status":"instock","bundle_stock_quantity":10,"bundle_virtual":false,"bundle_layout":"","bundle_add_to_cart_form_location":"","bundle_editable_in_cart":false,"bundle_sold_individually_context":"","bundle_item_grouping":"","bundle_min_size":"","bundle_max_size":"","bundle_price":[],"bundled_items":[],"bundle_sell_ids":[],"acf":[],"_links":{"self":[{"href":"https:\/\/chezsmoke.ch\/de\/wp-json\/wp\/v2\/product\/466049","targetHints":{"allow":["GET"]}}],"collection":[{"href":"https:\/\/chezsmoke.ch\/de\/wp-json\/wp\/v2\/product"}],"about":[{"href":"https:\/\/chezsmoke.ch\/de\/wp-json\/wp\/v2\/types\/product"}],"replies":[{"embeddable":true,"href":"https:\/\/chezsmoke.ch\/de\/wp-json\/wp\/v2\/comments?post=466049"}],"wp:featuredmedia":[{"embeddable":true,"href":"https:\/\/chezsmoke.ch\/de\/wp-json\/wp\/v2\/media\/466654"}],"wp:attachment":[{"href":"https:\/\/chezsmoke.ch\/de\/wp-json\/wp\/v2\/media?parent=466049"}],"wp:term":[{"taxonomy":"product_brand","embeddable":true,"href":"https:\/\/chezsmoke.ch\/de\/wp-json\/wp\/v2\/product_brand?post=466049"},{"taxonomy":"product_cat","embeddable":true,"href":"https:\/\/chezsmoke.ch\/de\/wp-json\/wp\/v2\/product_cat?post=466049"},{"taxonomy":"product_tag","embeddable":true,"href":"https:\/\/chezsmoke.ch\/de\/wp-json\/wp\/v2\/product_tag?post=466049"}],"curies":[{"name":"wp","href":"https:\/\/api.w.org\/{rel}","templated":true}]}}