{"id":466052,"date":"2026-02-06T18:05:02","date_gmt":"2026-02-06T17:05:02","guid":{"rendered":"https:\/\/chezsmoke.ch\/produit\/bakery-shake-sugar-baff\/"},"modified":"2026-02-10T12:13:30","modified_gmt":"2026-02-10T11:13:30","slug":"bakery-shake-sugar-baff","status":"publish","type":"product","link":"https:\/\/chezsmoke.ch\/de\/produit\/bakery-shake-sugar-baff\/","title":{"rendered":"BAKERY SHAKE &#8211; SUGAR BAFF"},"content":{"rendered":"<p data-start=\"221\" data-end=\"297\"><strong data-start=\"221\" data-end=\"295\">Pop Corn Caramel Custard Vanille<\/strong><\/p>\n<p data-start=\"299\" data-end=\"734\">Tauchen Sie mit dem E-Liquid <strong data-start=\"356\" data-end=\"392\">Pop Corn Caramel Custard Vanille<\/strong> aus der Reihe Life is Sweet \ud83c\udf7f\ud83c\udf66\u2728 in eine Welt voller Leckereien ein. Diese unwiderstehliche Kreation kombiniert das knusprige und s\u00fc\u00dfe Popcorn mit cremigem Karamell, verfeinert durch eine gro\u00dfz\u00fcgige Vanille-Custard-Creme. Jeder Zug ist eine s\u00fc\u00dfe und beruhigende Reise, perfekt f\u00fcr Liebhaber von k\u00f6stlichen und cremigen S\u00fc\u00dfigkeiten, die zu jeder Tageszeit genossen werden k\u00f6nnen.  <\/p>\n<p data-start=\"736\" data-end=\"1141\">Mit seinem Verh\u00e4ltnis <strong data-start=\"751\" data-end=\"766\">von 50PG zu 50VG<\/strong> bietet dieses Liquid eine ausgezeichnete Geschmackswiedergabe und einen angenehmen Dampf, der mit den meisten elektronischen Zigaretten kompatibel ist. Mit einem <strong data-start=\"900\" data-end=\"938\">Nikotingehalt von bis zu 6 mg<\/strong> l\u00e4sst es sich leicht an Ihre Vorlieben anpassen und sorgt so f\u00fcr ein individuelles Dampferlebnis. Eine sanfte, s\u00fc\u00dfe und ultra-gourmandige Kreation von Life is Sweet, ideal, um sich mit jedem Zug zu verw\u00f6hnen \u2728. <\/p>\n<p>In einer <strong>140 ml<\/strong>-Flasche finden Sie <strong>100 ml<\/strong> Fl\u00fcssigkeit mit verst\u00e4rkten Aromen. Diese Fl\u00fcssigkeit kann mit <a href=\"https:\/\/chezsmoke.ch\/product-category\/boosters-nicotine\/\">Nikotinboostern<\/a> erg\u00e4nzt werden, um die gew\u00fcnschte Dosis zu erhalten, oder mit einer <a href=\"https:\/\/chezsmoke.ch\/product-category\/bases\/\">neutralen Basis ohne Nikotin<\/a>. <strong>2 Booster f\u00fcr 3 mg\/ml und 4 Booster f\u00fcr 6 mg\/ml<\/strong>. (F\u00fcr h\u00f6here Nikotindosierungen ist ein externer Beh\u00e4lter vorzusehen). <\/p>\n","protected":false},"excerpt":{"rendered":"<p>\ud83c\udf7f\ud83c\udf66 <strong data-start=\"1184\" data-end=\"1236\">Pop Corn Caramel Custard Vanille &#8211; Life is Sweet<\/strong><br data-start=\"1236\" data-end=\"1239\">Knuspriges Popcorn, zartschmelzendes Karamell und cremige Vanille Custard f\u00fcr ein ultra-gourmandiges Dampfen.<\/p>\n","protected":false},"featured_media":466657,"comment_status":"closed","ping_status":"closed","template":"","meta":{"_acf_changed":false},"product_brand":[],"product_cat":[681,708,707,1276],"product_tag":[],"class_list":{"0":"post-466052","1":"product","2":"type-product","3":"status-publish","4":"has-post-thumbnail","6":"product_cat-e-liquids-de","7":"product_cat-gourmands-de","8":"product_cat-neuheiten","9":"product_cat-shortfill-0-8-mg-nikotin","11":"first","12":"instock","13":"taxable","14":"shipping-taxable","15":"purchasable","16":"product-type-simple"},"bundled_by":[],"bundle_stock_status":"instock","bundle_stock_quantity":13,"bundle_virtual":false,"bundle_layout":"","bundle_add_to_cart_form_location":"","bundle_editable_in_cart":false,"bundle_sold_individually_context":"","bundle_item_grouping":"","bundle_min_size":"","bundle_max_size":"","bundle_price":[],"bundled_items":[],"bundle_sell_ids":[],"acf":[],"_links":{"self":[{"href":"https:\/\/chezsmoke.ch\/de\/wp-json\/wp\/v2\/product\/466052","targetHints":{"allow":["GET"]}}],"collection":[{"href":"https:\/\/chezsmoke.ch\/de\/wp-json\/wp\/v2\/product"}],"about":[{"href":"https:\/\/chezsmoke.ch\/de\/wp-json\/wp\/v2\/types\/product"}],"replies":[{"embeddable":true,"href":"https:\/\/chezsmoke.ch\/de\/wp-json\/wp\/v2\/comments?post=466052"}],"wp:featuredmedia":[{"embeddable":true,"href":"https:\/\/chezsmoke.ch\/de\/wp-json\/wp\/v2\/media\/466657"}],"wp:attachment":[{"href":"https:\/\/chezsmoke.ch\/de\/wp-json\/wp\/v2\/media?parent=466052"}],"wp:term":[{"taxonomy":"product_brand","embeddable":true,"href":"https:\/\/chezsmoke.ch\/de\/wp-json\/wp\/v2\/product_brand?post=466052"},{"taxonomy":"product_cat","embeddable":true,"href":"https:\/\/chezsmoke.ch\/de\/wp-json\/wp\/v2\/product_cat?post=466052"},{"taxonomy":"product_tag","embeddable":true,"href":"https:\/\/chezsmoke.ch\/de\/wp-json\/wp\/v2\/product_tag?post=466052"}],"curies":[{"name":"wp","href":"https:\/\/api.w.org\/{rel}","templated":true}]}}