{"id":466060,"date":"2026-02-06T18:11:59","date_gmt":"2026-02-06T17:11:59","guid":{"rendered":"https:\/\/chezsmoke.ch\/produit\/remix-trance\/"},"modified":"2026-03-05T15:37:56","modified_gmt":"2026-03-05T14:37:56","slug":"remix-trance","status":"publish","type":"product","link":"https:\/\/chezsmoke.ch\/de\/produit\/remix-trance\/","title":{"rendered":"REMIX &#8211; TRANCE"},"content":{"rendered":"<p data-start=\"224\" data-end=\"289\"><strong data-start=\"224\" data-end=\"287\">Remix Schwarze Johannisbeere Erdbeere Himbeere  <\/strong><\/p>\n<p data-start=\"291\" data-end=\"664\">Genie\u00dfen Sie die fruchtige Harmonie des e-Liquids <strong data-start=\"332\" data-end=\"365\">Remix Schwarze Johannisbeere Erdbeere Himbeere<\/strong> \ud83c\udf53\ud83e\uded0\u2728. Diese k\u00f6stliche Mischung kombiniert die s\u00e4uerliche S\u00fc\u00dfe der schwarzen Johannisbeere mit der s\u00fc\u00dfen Vollmundigkeit der Erdbeere und der saftigen Zartheit der Himbeere. Jeder Zug bietet eine Explosion von frischen und ausgewogenen Aromen, perfekt f\u00fcr Liebhaber von roten Fr\u00fcchten, die Sie den ganzen Tag \u00fcber dampfen k\u00f6nnen.  <\/p>\n<p data-start=\"666\" data-end=\"978\">Diese in <strong data-start=\"678\" data-end=\"688\">Frankreich<\/strong> hergestellten Liquids erf\u00fcllen die strengsten Qualit\u00e4tsstandards. Mit einem <strong data-start=\"755\" data-end=\"793\">Nikotingehalt von bis zu 6 mg<\/strong> l\u00e4sst es sich leicht an Ihre Bed\u00fcrfnisse anpassen und erm\u00f6glicht so ein individuelles Dampfen. Eine fruchtige und intensive Kreation von Remix, ideal f\u00fcr Liebhaber von leckeren und vitaminreichen Empfindungen \ud83c\udf53\ud83e\uded0\u2728. <\/p>\n<p>In einer <strong>140 ml<\/strong>-Flasche finden Sie <strong>100 ml<\/strong> Fl\u00fcssigkeit mit verst\u00e4rkten Aromen. Diese Fl\u00fcssigkeit kann mit <a href=\"https:\/\/chezsmoke.ch\/product-category\/boosters-nicotine\/\">Nikotinboostern<\/a> erg\u00e4nzt werden, um die gew\u00fcnschte Dosis zu erhalten, oder mit einer <a href=\"https:\/\/chezsmoke.ch\/product-category\/bases\/\">neutralen Basis ohne Nikotin<\/a>. <strong>2 Booster f\u00fcr 3 mg\/ml und 4 Booster f\u00fcr 6 mg\/ml<\/strong>. (F\u00fcr h\u00f6here Nikotindosierungen ist ein externer Beh\u00e4lter vorzusehen). <\/p>\n","protected":false},"excerpt":{"rendered":"<p>\ud83e\uded0 <strong data-start=\"1021\" data-end=\"1062\">Remix<\/strong> Schwarze <strong data-start=\"1021\" data-end=\"1062\">Johannisbeere Erdbeere Himbeere &#8211; Remix<\/strong><br data-start=\"1062\" data-end=\"1065\">Fruchtige Explosion von schwarzer Johannisbeere, Erdbeere und Himbeere f\u00fcr ein frisches und leckeres Dampfen.<\/p>\n","protected":false},"featured_media":466771,"comment_status":"closed","ping_status":"closed","template":"","meta":{"_acf_changed":false},"product_brand":[],"product_cat":[681,683,699,707,1276],"product_tag":[],"class_list":{"0":"post-466060","1":"product","2":"type-product","3":"status-publish","4":"has-post-thumbnail","6":"product_cat-e-liquids-de","7":"product_cat-fruchtig","8":"product_cat-fruchtig-frisch","9":"product_cat-neuheiten","10":"product_cat-shortfill-0-8-mg-nikotin","12":"first","13":"instock","14":"taxable","15":"shipping-taxable","16":"purchasable","17":"product-type-simple"},"bundled_by":[],"bundle_stock_status":"instock","bundle_stock_quantity":16,"bundle_virtual":false,"bundle_layout":"","bundle_add_to_cart_form_location":"","bundle_editable_in_cart":false,"bundle_sold_individually_context":"","bundle_item_grouping":"","bundle_min_size":"","bundle_max_size":"","bundle_price":[],"bundled_items":[],"bundle_sell_ids":[],"acf":[],"_links":{"self":[{"href":"https:\/\/chezsmoke.ch\/de\/wp-json\/wp\/v2\/product\/466060","targetHints":{"allow":["GET"]}}],"collection":[{"href":"https:\/\/chezsmoke.ch\/de\/wp-json\/wp\/v2\/product"}],"about":[{"href":"https:\/\/chezsmoke.ch\/de\/wp-json\/wp\/v2\/types\/product"}],"replies":[{"embeddable":true,"href":"https:\/\/chezsmoke.ch\/de\/wp-json\/wp\/v2\/comments?post=466060"}],"wp:featuredmedia":[{"embeddable":true,"href":"https:\/\/chezsmoke.ch\/de\/wp-json\/wp\/v2\/media\/466771"}],"wp:attachment":[{"href":"https:\/\/chezsmoke.ch\/de\/wp-json\/wp\/v2\/media?parent=466060"}],"wp:term":[{"taxonomy":"product_brand","embeddable":true,"href":"https:\/\/chezsmoke.ch\/de\/wp-json\/wp\/v2\/product_brand?post=466060"},{"taxonomy":"product_cat","embeddable":true,"href":"https:\/\/chezsmoke.ch\/de\/wp-json\/wp\/v2\/product_cat?post=466060"},{"taxonomy":"product_tag","embeddable":true,"href":"https:\/\/chezsmoke.ch\/de\/wp-json\/wp\/v2\/product_tag?post=466060"}],"curies":[{"name":"wp","href":"https:\/\/api.w.org\/{rel}","templated":true}]}}