{"id":471557,"date":"2026-02-26T14:58:47","date_gmt":"2026-02-26T13:58:47","guid":{"rendered":"https:\/\/chezsmoke.ch\/produit\/geekvape-z-subohm-tank-5\/"},"modified":"2026-02-26T14:58:47","modified_gmt":"2026-02-26T13:58:47","slug":"geekvape-z-subohm-tank-5","status":"publish","type":"product","link":"https:\/\/chezsmoke.ch\/de\/produit\/geekvape-z-subohm-tank-5\/","title":{"rendered":"Geekvape Z Subohm Tank 5"},"content":{"rendered":"<p data-start=\"168\" data-end=\"532\">\ud83d\udd25 <strong>Z Subohm Tank 5 &#8211; Geek Vape : Power ohne Leck!<\/strong><br data-start=\"231\" data-end=\"234\"><strong data-start=\"234\" data-end=\"284\">Cloud Chaser und Fans des muskul\u00f6sen Dampfens<\/strong> aufgepasst: Der <strong data-start=\"290\" data-end=\"310\">Z Subohm Tank 5<\/strong> ist da und er wird Wellen schlagen! Dieser Clearomizer wurde von <strong data-start=\"361\" data-end=\"374\">Geek Vape<\/strong> entworfen und ist ein Kraftpaket, das f\u00fcr die<strong data-start=\"434\" data-end=\"456\">direkte Inhalation<\/strong>, <strong data-start=\"462\" data-end=\"480\">massive Wolken<\/strong> und vor allem&#8230; <strong data-start=\"493\" data-end=\"507\">null Leckage<\/strong> ausgelegt ist. Ja, Sie haben richtig gelesen.  <\/p>\n<p data-start=\"534\" data-end=\"861\">\ud83d\udca8 <strong data-start=\"537\" data-end=\"561\">Ein Dampfmonster<\/strong><br data-start=\"561\" data-end=\"564\">Mit seinem <strong data-start=\"573\" data-end=\"600\">gew\u00f6lbten 5,5 ml Tank<\/strong> k\u00f6nnen Sie sich von den Nachf\u00fcllungen alle 10 Minuten verabschieden. Montieren Sie ihn auf eine leistungsstarke Box und Sie sind bereit f\u00fcr lange und intensive Dampfsitzungen. Der <strong data-start=\"753\" data-end=\"774\">Durchmesser von 25 mm<\/strong> sorgt f\u00fcr ein robustes Aussehen und eine perfekte Kompatibilit\u00e4t mit den meisten Mods.  <\/p>\n<p data-start=\"863\" data-end=\"1184\">\ud83d\udee1\ufe0f  <strong data-start=\"867\" data-end=\"897\">Gegen das Auslaufen? Anti-Stress! <\/strong><br data-start=\"897\" data-end=\"900\">Der <strong data-start=\"903\" data-end=\"918\">Zeus Subohm<\/strong> ist auch ein Meister des <strong data-start=\"955\" data-end=\"970\">Top-Airflow-Systems<\/strong>: Die Luft str\u00f6mt von oben ein und verhindert so das Aufsteigen von Fl\u00fcssigkeit und unangenehmes Auslaufen. Au\u00dferdem ist die Airflow <strong data-start=\"1082\" data-end=\"1095\">einstellbar<\/strong> f\u00fcr einen ma\u00dfgeschneiderten Zug, egal ob Sie gro\u00dfe Wolken oder kontrolliertere Vapes bevorzugen. <\/p>\n<p data-start=\"1186\" data-end=\"1589\"><a href=\"https:\/\/chezsmoke.ch\/wp-content\/uploads\/2026\/02\/p5-e1772113238423.jpg\"><img loading=\"lazy\" decoding=\"async\" class=\"alignnone wp-image-471519\" src=\"https:\/\/chezsmoke.ch\/wp-content\/uploads\/2026\/02\/p5-e1772113238423.jpg\" alt=\"Geekvape Z Subohm Tank 5 Filling\" width=\"514\" height=\"240\" srcset=\"https:\/\/chezsmoke.ch\/wp-content\/uploads\/2026\/02\/p5-e1772113238423.jpg 1520w, https:\/\/chezsmoke.ch\/wp-content\/uploads\/2026\/02\/p5-e1772113238423-300x140.jpg 300w, https:\/\/chezsmoke.ch\/wp-content\/uploads\/2026\/02\/p5-e1772113238423-1024x477.jpg 1024w, https:\/\/chezsmoke.ch\/wp-content\/uploads\/2026\/02\/p5-e1772113238423-768x358.jpg 768w, https:\/\/chezsmoke.ch\/wp-content\/uploads\/2026\/02\/p5-e1772113238423-60x28.jpg 60w, https:\/\/chezsmoke.ch\/wp-content\/uploads\/2026\/02\/p5-e1772113238423-600x279.jpg 600w, https:\/\/chezsmoke.ch\/wp-content\/uploads\/2026\/02\/p5-e1772113238423-150x70.jpg 150w, https:\/\/chezsmoke.ch\/wp-content\/uploads\/2026\/02\/p5-e1772113238423-96x45.jpg 96w, https:\/\/chezsmoke.ch\/wp-content\/uploads\/2026\/02\/p5-e1772113238423-42x20.jpg 42w\" sizes=\"auto, (max-width: 514px) 100vw, 514px\" \/><\/a><\/p>\n<p data-start=\"1186\" data-end=\"1589\">\u2699\ufe0f Widerst\u00e4nde <strong data-start=\"1189\" data-end=\"1230\">, die<\/strong> es in sich haben<br data-start=\"1230\" data-end=\"1233\">Im Lieferumfang sind zwei Widerst\u00e4nde aus der <strong data-start=\"1279\" data-end=\"1291\">Z-Serie<\/strong> enthalten: <strong data-start=\"1303\" data-end=\"1329\">0,2 Ohm (vorinstalliert)<\/strong> &#8211; f\u00fcr <strong data-start=\"1352\" data-end=\"1365\">70 bis 80 W<\/strong>: dicht, warm, explosiv. <strong data-start=\"1394\" data-end=\"1405\">0,4 Ohm<\/strong> &#8211; f\u00fcr <strong data-start=\"1426\" data-end=\"1438\">60 bis 70 W<\/strong>: ausgewogen, schmackhaft, leistungsstark. Wie ist die Montage? <strong data-start=\"1491\" data-end=\"1507\">Sehr einfach<\/strong>, ohne Schrauben, ein Kinderspiel. Einfach austauschen, anklemmen und los geht&#8217;s!  <\/p>\n<p data-start=\"1591\" data-end=\"1828\">\ud83d\ude0e <strong data-start=\"1594\" data-end=\"1630\">Praktisches Design, garantierter Komfort<\/strong><br data-start=\"1630\" data-end=\"1633\"> Einfaches und schnelles<strong data-start=\"1633\" data-end=\"1657\">Top-Filling<\/strong>. <strong data-start=\"1676\" data-end=\"1702\">Drip Tip 810 aus Derlin<\/strong>: angenehm im Mund, bleibt auch bei voller Leistung cool. <strong data-start=\"1765\" data-end=\"1784\">Zwei Tanks<\/strong> (5,5ml und 3,5ml), um sich Ihren W\u00fcnschen anzupassen.<\/p>\n<p data-start=\"1830\" data-end=\"2033\">\u2705 <strong data-start=\"1832\" data-end=\"1850\">Pro-Tipp<\/strong><br data-start=\"1850\" data-end=\"1853\">Um den Zeus voll zu genie\u00dfen, <strong data-start=\"1887\" data-end=\"1957\">verwenden Sie ein E-Liquid mit mindestens 70% pflanzlichem Glyzerin (PG)<\/strong>. Das ist genau das, was er braucht, um dichte Wolken auszuspucken, ohne Husten zu verursachen. <\/p>\n<p data-start=\"2035\" data-end=\"2071\">\ud83d\udce6 <strong data-start=\"2038\" data-end=\"2069\">Inhalt des Pakets Zeus Tank :<\/strong><\/p>\n<ul data-start=\"2072\" data-end=\"2336\">\n<li data-start=\"2072\" data-end=\"2116\">\n<p data-start=\"2074\" data-end=\"2116\">1 x Clearomizer Z Subohm Tank 5 (5,5 ml)<\/p>\n<\/li>\n<li data-start=\"2117\" data-end=\"2158\">\n<p data-start=\"2119\" data-end=\"2158\">1 x Gerader Beh\u00e4lter aus Pyrex (3,5 ml)<\/p>\n<\/li>\n<li data-start=\"2159\" data-end=\"2209\">\n<p data-start=\"2161\" data-end=\"2209\">1 x Z Series 0.2 Ohm Widerstand (vorinstalliert)<\/p>\n<\/li>\n<li data-start=\"2210\" data-end=\"2245\">\n<p data-start=\"2212\" data-end=\"2245\">1 x Z Series 0.4 Ohm Widerstand<\/p>\n<\/li>\n<li data-start=\"2246\" data-end=\"2268\">\n<p data-start=\"2248\" data-end=\"2268\">1 x Montageschl\u00fcssel<\/p>\n<\/li>\n<li data-start=\"2269\" data-end=\"2309\">\n<p data-start=\"2271\" data-end=\"2309\">1 x Dichtungssatz &amp; Ersatzteile<\/p>\n<\/li>\n<li data-start=\"2310\" data-end=\"2336\">\n<p data-start=\"2312\" data-end=\"2336\">1 x Benutzerhandbuch<\/p>\n<\/li>\n<\/ul>\n<p data-start=\"2338\" data-end=\"2559\">\ud83c\udfaf <strong data-start=\"2341\" data-end=\"2375\">Warum Sie ihn lieben werden?<\/strong><br data-start=\"2375\" data-end=\"2378\">Null Leckage, null Stress &#8211; Direktes und kr\u00e4ftiges Dampfen &#8211; Gro\u00dfz\u00fcgiger Tank und einfache Bef\u00fcllung &#8211; Qualit\u00e4tswiderst\u00e4nde, einfach zu wechseln &#8211; Sorgf\u00e4ltiges Design und anpassbare Airflow.<\/p>\n<p data-start=\"2561\" data-end=\"2752\"><strong data-start=\"2561\" data-end=\"2584\">Der Z Subohm Tank 5<\/strong> ist mehr als nur ein Clearo: er ist <strong data-start=\"2618\" data-end=\"2669\">die perfekte Verschmelzung von Leistung und Praktikabilit\u00e4t<\/strong>. Wenn Sie es m\u00f6gen, gro\u00dfe Wolken zu versenden, ohne sich dabei Gedanken zu machen, dann ist er genau das Richtige f\u00fcr Sie. \ud83d\ude80<\/p>\n","protected":false},"excerpt":{"rendered":"<p>\ud83d\udd25 Z Subohm Tank 5 &#8211; Geek Vape : Power ohne Leck!Cloud Chaser und Fans des muskul\u00f6sen Dampfens aufgepasst: Der<\/p>\n","protected":false},"featured_media":471547,"comment_status":"closed","ping_status":"closed","template":"","meta":{"_acf_changed":false},"product_brand":[],"product_cat":[692,726,707,687],"product_tag":[],"class_list":{"0":"post-471557","1":"product","2":"type-product","3":"status-publish","4":"has-post-thumbnail","6":"product_cat-elektronische-zigaretten","7":"product_cat-geek-dampfen","8":"product_cat-neuheiten","9":"product_cat-tanks-de","10":"pa_couleur-black-de","11":"pa_couleur-rainbow-de","12":"pa_couleur-silver-de","14":"first","15":"outofstock","16":"taxable","17":"shipping-taxable","18":"purchasable","19":"product-type-variable"},"bundled_by":[],"bundle_stock_status":"outofstock","bundle_stock_quantity":null,"bundle_virtual":false,"bundle_layout":"","bundle_add_to_cart_form_location":"","bundle_editable_in_cart":false,"bundle_sold_individually_context":"","bundle_item_grouping":"","bundle_min_size":"","bundle_max_size":"","bundle_price":[],"bundled_items":[],"bundle_sell_ids":[],"acf":[],"_links":{"self":[{"href":"https:\/\/chezsmoke.ch\/de\/wp-json\/wp\/v2\/product\/471557","targetHints":{"allow":["GET"]}}],"collection":[{"href":"https:\/\/chezsmoke.ch\/de\/wp-json\/wp\/v2\/product"}],"about":[{"href":"https:\/\/chezsmoke.ch\/de\/wp-json\/wp\/v2\/types\/product"}],"replies":[{"embeddable":true,"href":"https:\/\/chezsmoke.ch\/de\/wp-json\/wp\/v2\/comments?post=471557"}],"wp:featuredmedia":[{"embeddable":true,"href":"https:\/\/chezsmoke.ch\/de\/wp-json\/wp\/v2\/media\/471547"}],"wp:attachment":[{"href":"https:\/\/chezsmoke.ch\/de\/wp-json\/wp\/v2\/media?parent=471557"}],"wp:term":[{"taxonomy":"product_brand","embeddable":true,"href":"https:\/\/chezsmoke.ch\/de\/wp-json\/wp\/v2\/product_brand?post=471557"},{"taxonomy":"product_cat","embeddable":true,"href":"https:\/\/chezsmoke.ch\/de\/wp-json\/wp\/v2\/product_cat?post=471557"},{"taxonomy":"product_tag","embeddable":true,"href":"https:\/\/chezsmoke.ch\/de\/wp-json\/wp\/v2\/product_tag?post=471557"}],"curies":[{"name":"wp","href":"https:\/\/api.w.org\/{rel}","templated":true}]}}