{"id":477522,"date":"2026-03-18T17:58:48","date_gmt":"2026-03-18T16:58:48","guid":{"rendered":"https:\/\/chezsmoke.ch\/produit\/elfbar-af5000-kit\/"},"modified":"2026-03-18T17:58:48","modified_gmt":"2026-03-18T16:58:48","slug":"elfbar-af5000-kit","status":"publish","type":"product","link":"https:\/\/chezsmoke.ch\/de\/produit\/elfbar-af5000-kit\/","title":{"rendered":"ELFBAR AF5000 Kit"},"content":{"rendered":"<p class=\"isSelectedEnd\"><strong>\ud83c\udf53 ELFBAR AF5000 Kit (20mg\/ml)<\/strong><\/p>\n<div>\n<hr>\n<\/div>\n<h3>\ud83c\udf47 <strong>Verf\u00fcgbare Geschmacksrichtungen<\/strong><\/h3>\n<p class=\"isSelectedEnd\">Entdecken Sie eine Reihe von fruchtigen und intensiv erfrischenden Geschmacksrichtungen:<\/p>\n<ul data-spread=\"false\">\n<li>\n<p class=\"isSelectedEnd\"><strong>Blueberry Ice<\/strong>: s\u00fc\u00dfe Heidelbeere mit einem Hauch von Eis (20mg\/ml)<\/p>\n<\/li>\n<li>\n<p class=\"isSelectedEnd\"><strong>Blueberry Sour Raspberry<\/strong>: Heidelbeere und s\u00e4uerliche Himbeere (20mg\/ml)<\/p>\n<\/li>\n<li>\n<p class=\"isSelectedEnd\"><strong>Cherry Ice<\/strong>: intensive und frische Kirsche (20mg\/ml)<\/p>\n<\/li>\n<li>\n<p class=\"isSelectedEnd\"><strong>Traube<\/strong>: saftige und duftende Trauben (20mg\/ml)<\/p>\n<\/li>\n<li>\n<p class=\"isSelectedEnd\"><strong>Kiwi Passionfruit Guava<\/strong>: Kiwi, Passionsfrucht und Guave (20mg\/ml)<\/p>\n<\/li>\n<li>\n<p class=\"isSelectedEnd\"><strong>Peach Ice<\/strong>: s\u00fc\u00dfer Pfirsich mit einer frostigen Frische (20mg\/ml)<\/p>\n<\/li>\n<li>\n<p class=\"isSelectedEnd\"><strong>Strawberry Ice<\/strong>: s\u00fc\u00dfe, eisgek\u00fchlte Erdbeere (20mg\/ml)<\/p>\n<\/li>\n<li>\n<p class=\"isSelectedEnd\"><strong>Strawberry Raspberry Cherry Ice<\/strong>: explosives Trio aus Erdbeere, Himbeere und eiskalter Kirsche (20mg\/ml)<\/p>\n<\/li>\n<li>\n<p class=\"isSelectedEnd\"><strong>Watermelon Ice<\/strong>: erfrischende <strong>Wassermelone<\/strong> (20mg\/ml)<\/p>\n<\/li>\n<\/ul>\n<div>\n<hr>\n<\/div>\n<h3>\ud83d\udca8 A <strong>utonomie &amp; Leistung<\/strong><\/h3>\n<p class=\"isSelectedEnd\">Dank des <strong>gro\u00dfz\u00fcgigen 10 ml Tanks<\/strong> und des innovativen <strong>Selbstnachf\u00fcllsystems des Pods<\/strong> k\u00f6nnen Sie <strong>bis zu 5000 Z\u00fcge<\/strong> ohne Nachf\u00fcllen oder Austauschen genie\u00dfen.<\/p>\n<ul data-spread=\"false\">\n<li>\n<p class=\"isSelectedEnd\">\ud83d\udd0b <strong>Lange Laufzeit<\/strong>: ideal f\u00fcr l\u00e4ngeren Gebrauch<\/p>\n<\/li>\n<li>\n<p class=\"isSelectedEnd\">\ud83d\udca7 S <strong>elbstaufladendes System<\/strong>: maximale Praktikabilit\u00e4t im Alltag<\/p>\n<\/li>\n<\/ul>\n<div>\n<hr>\n<\/div>\n<h3>\u2699\ufe0f <strong>Fortschrittliche Technologie<\/strong><\/h3>\n<ul data-spread=\"false\">\n<li>\n<p class=\"isSelectedEnd\">\ud83c\udfaf <strong>Widerstand QUAQ Mesh 1.2\u03a9<\/strong>: dichter Dampf und optimale Geschmackswiedergabe<\/p>\n<\/li>\n<li>\n<p class=\"isSelectedEnd\">\ud83d\udd0c <strong>USB-C Aufladen<\/strong>: schnell und bequem<\/p>\n<\/li>\n<li>\n<p class=\"isSelectedEnd\">\ud83d\udca8 A <strong>utomatische Aktivierung<\/strong>: einfaches Einatmen, ohne Knopfdruck<\/p>\n<\/li>\n<\/ul>\n<div>\n<hr>\n<\/div>\n<h3>\ud83d\udca1 S <strong>t\u00e4rken<\/strong><\/h3>\n<ul data-spread=\"false\">\n<li>\n<p class=\"isSelectedEnd\">\ud83c\udf53\ud83c\udf52\ud83c\udf47 <strong>Intensive fruchtige, eisige Mischung<\/strong><\/p>\n<\/li>\n<li>\n<p class=\"isSelectedEnd\">\ud83d\udd0b B <strong>is zu 5000 Z\u00fcge<\/strong><\/p>\n<\/li>\n<li>\n<p class=\"isSelectedEnd\">\ud83d\udca7 1 <strong>0-ml-Tank mit Auto-Nachf\u00fcllung<\/strong><\/p>\n<\/li>\n<li>\n<p class=\"isSelectedEnd\">\u26a1 <strong>Konstanter Geschmack und reichhaltiger Dampf<\/strong><\/p>\n<\/li>\n<li>\n<p class=\"isSelectedEnd\">\ud83d\udd0c USB-C Schnellladung<\/p>\n<\/li>\n<\/ul>\n<div>\n<hr>\n<\/div>\n<h3>\u2728 <strong>Die ideale Wahl<\/strong><\/h3>\n<p>Eine perfekte elektronische Zigarette f\u00fcr Liebhaber von <strong>kr\u00e4ftigen Fr\u00fcchten und eisigen Empfindungen<\/strong>, die auf der Suche nach einem <strong>praktischen und schmackhaften<\/strong> Dampfen sind.<\/p>\n<p>&nbsp;<\/p>\n<p><a href=\"https:\/\/chezsmoke.ch\/wp-content\/uploads\/2024\/09\/Avertissement-liquides-nicotines-300x186.png\"><img loading=\"lazy\" decoding=\"async\" class=\"alignnone size-medium wp-image-337014\" src=\"https:\/\/chezsmoke.ch\/wp-content\/uploads\/2024\/09\/Avertissement-liquides-nicotines-300x186.png\" alt=\"\" width=\"300\" height=\"186\" srcset=\"https:\/\/chezsmoke.ch\/wp-content\/uploads\/2024\/09\/Avertissement-liquides-nicotines-300x186.png 300w, https:\/\/chezsmoke.ch\/wp-content\/uploads\/2024\/09\/Avertissement-liquides-nicotines-96x59.png 96w, https:\/\/chezsmoke.ch\/wp-content\/uploads\/2024\/09\/Avertissement-liquides-nicotines-42x26.png 42w, https:\/\/chezsmoke.ch\/wp-content\/uploads\/2024\/09\/Avertissement-liquides-nicotines-60x37.png 60w, https:\/\/chezsmoke.ch\/wp-content\/uploads\/2024\/09\/Avertissement-liquides-nicotines-600x371.png 600w, https:\/\/chezsmoke.ch\/wp-content\/uploads\/2024\/09\/Avertissement-liquides-nicotines-150x93.png 150w, https:\/\/chezsmoke.ch\/wp-content\/uploads\/2024\/09\/Avertissement-liquides-nicotines.png 755w\" sizes=\"auto, (max-width: 300px) 100vw, 300px\" \/><\/a><\/p>\n","protected":false},"excerpt":{"rendered":"<p>\ud83c\udf53 ELFBAR AF5000 Kit (20mg\/ml) \ud83c\udf47 Verf\u00fcgbare Geschmacksrichtungen Entdecken Sie eine Reihe von fruchtigen und intensiv erfrischenden Geschmacksrichtungen: Blueberry Ice:<\/p>\n","protected":false},"featured_media":477029,"comment_status":"closed","ping_status":"closed","template":"","meta":{"_acf_changed":false},"product_brand":[],"product_cat":[2451,720,2456],"product_tag":[],"class_list":{"0":"post-477522","1":"product","2":"type-product","3":"status-publish","4":"has-post-thumbnail","6":"product_cat-kits-puff","7":"product_cat-mini-pods-de","8":"product_cat-puff","10":"first","11":"instock","12":"taxable","13":"shipping-taxable","14":"purchasable","15":"product-type-variable"},"bundled_by":[],"bundle_stock_status":"instock","bundle_stock_quantity":null,"bundle_virtual":false,"bundle_layout":"","bundle_add_to_cart_form_location":"","bundle_editable_in_cart":false,"bundle_sold_individually_context":"","bundle_item_grouping":"","bundle_min_size":"","bundle_max_size":"","bundle_price":[],"bundled_items":[],"bundle_sell_ids":[],"acf":[],"_links":{"self":[{"href":"https:\/\/chezsmoke.ch\/de\/wp-json\/wp\/v2\/product\/477522","targetHints":{"allow":["GET"]}}],"collection":[{"href":"https:\/\/chezsmoke.ch\/de\/wp-json\/wp\/v2\/product"}],"about":[{"href":"https:\/\/chezsmoke.ch\/de\/wp-json\/wp\/v2\/types\/product"}],"replies":[{"embeddable":true,"href":"https:\/\/chezsmoke.ch\/de\/wp-json\/wp\/v2\/comments?post=477522"}],"wp:featuredmedia":[{"embeddable":true,"href":"https:\/\/chezsmoke.ch\/de\/wp-json\/wp\/v2\/media\/477029"}],"wp:attachment":[{"href":"https:\/\/chezsmoke.ch\/de\/wp-json\/wp\/v2\/media?parent=477522"}],"wp:term":[{"taxonomy":"product_brand","embeddable":true,"href":"https:\/\/chezsmoke.ch\/de\/wp-json\/wp\/v2\/product_brand?post=477522"},{"taxonomy":"product_cat","embeddable":true,"href":"https:\/\/chezsmoke.ch\/de\/wp-json\/wp\/v2\/product_cat?post=477522"},{"taxonomy":"product_tag","embeddable":true,"href":"https:\/\/chezsmoke.ch\/de\/wp-json\/wp\/v2\/product_tag?post=477522"}],"curies":[{"name":"wp","href":"https:\/\/api.w.org\/{rel}","templated":true}]}}