{"id":477535,"date":"2026-03-18T17:25:28","date_gmt":"2026-03-18T16:25:28","guid":{"rendered":"https:\/\/chezsmoke.ch\/produit\/elfbar-4in1-pods\/"},"modified":"2026-03-18T17:25:28","modified_gmt":"2026-03-18T16:25:28","slug":"elfbar-4in1-pods","status":"publish","type":"product","link":"https:\/\/chezsmoke.ch\/de\/produit\/elfbar-4in1-pods\/","title":{"rendered":"ELFBAR 4in1 Pods"},"content":{"rendered":"<p class=\"isSelectedEnd\"><strong>\ud83c\udf3f ELFBAR 4in1 Pods (20mg\/ml)<\/strong><\/p>\n<div>\n<hr>\n<\/div>\n<h3>\ud83c\udf53 <strong>Verf\u00fcgbare Geschmacksrichtungen<\/strong><\/h3>\n<p>Kompatibel mit der <strong>4in1<\/strong> von   <strong>ELFBAR<\/strong><\/p>\n<p class=\"isSelectedEnd\">Entdecken Sie eine breite Palette an fruchtigen und erfrischenden Geschmacksrichtungen:<\/p>\n<ul data-spread=\"false\">\n<li>\n<p class=\"isSelectedEnd\"><strong>Banana Milk<\/strong>: cremige S\u00fc\u00dfe von Milchbananen (20mg\/ml)<\/p>\n<\/li>\n<li>\n<p class=\"isSelectedEnd\"><strong>Blueberry<\/strong>: zarte, s\u00fc\u00dfe Heidelbeere (20mg\/ml)<\/p>\n<\/li>\n<li>\n<p class=\"isSelectedEnd\"><strong>Blueberry Sour Raspberry<\/strong>: Kombination aus Heidelbeere und s\u00e4uerlicher Himbeere (20mg\/ml)<\/p>\n<\/li>\n<li>\n<p class=\"isSelectedEnd\"><strong>Cherry Ice<\/strong>: intensive Kirsche mit einem Hauch von Eis (20mg\/ml)<\/p>\n<\/li>\n<li>\n<p class=\"isSelectedEnd\"><strong>Traube<\/strong>: saftige und duftende Trauben (20mg\/ml)<\/p>\n<\/li>\n<li>\n<p class=\"isSelectedEnd\"><strong>Juicy Peach<\/strong>: reifer und schmackhafter Pfirsich (20mg\/ml)<\/p>\n<\/li>\n<li>\n<p class=\"isSelectedEnd\"><strong>Kiwi Passionfruit Guava<\/strong>: Kiwi, Passionsfrucht und Guave (20mg\/ml)<\/p>\n<\/li>\n<li>\n<p class=\"isSelectedEnd\"><strong>Mango Peach Watermelon<\/strong>: exotischer Cocktail aus Mango, Pfirsich und Wassermelone (20mg\/ml)<\/p>\n<\/li>\n<li>\n<p class=\"isSelectedEnd\"><strong>Strawberry Ice<\/strong>: s\u00fc\u00dfe Erdbeere mit einer eisigen Frische (20mg\/ml)<\/p>\n<\/li>\n<li>\n<p class=\"isSelectedEnd\"><strong>Strawberry Kiwi<\/strong>: fruchtiges und ausgewogenes Duo (20mg\/ml)<\/p>\n<\/li>\n<li>\n<p class=\"isSelectedEnd\"><strong>Triple Mango<\/strong>: Explosion von Mango in all ihren Formen (20mg\/ml)<\/p>\n<\/li>\n<li>\n<p class=\"isSelectedEnd\"><strong>Watermelon Ice<\/strong>: frische, durststillende Wassermelone (20mg\/ml)<\/p>\n<\/li>\n<\/ul>\n<div>\n<hr>\n<\/div>\n<h3>\ud83d\udca8 <strong>Eine vielseitige Erfahrung<\/strong><\/h3>\n<p class=\"isSelectedEnd\">Genie\u00dfen Sie ein <strong>fruchtiges, s\u00fc\u00dfes und erfrischendes<\/strong> Dampfen mit einer sch\u00f6nen Intensit\u00e4t dank der Dosierung von <strong>20 mg\/ml Nikotin<\/strong>.<\/p>\n<div>\n<hr>\n<\/div>\n<h3>\ud83d\udca1 S <strong>t\u00e4rken<\/strong><\/h3>\n<ul data-spread=\"false\">\n<li>\n<p class=\"isSelectedEnd\">\ud83d\udd04 <strong>Bis zu 4 Pods k\u00f6nnen gleichzeitig kombiniert<\/strong> werden: Abwechslung ist jederzeit m\u00f6glich.<\/p>\n<\/li>\n<li>\n<p class=\"isSelectedEnd\">\u26a1 S <strong>chneller Aromawechsel<\/strong>: wechseln Sie sofort von einem Geschmack zum anderen<\/p>\n<\/li>\n<li>\n<p class=\"isSelectedEnd\">\ud83d\udca8 A <strong>usgewogenes Dampfen<\/strong>: perfekte Kombination aus Weichheit und Frische<\/p>\n<\/li>\n<li>\n<p class=\"isSelectedEnd\">\ud83c\udf53\u2744\ufe0f f <strong>ruchtige Aromen mit eisigen Noten<\/strong>: f\u00fcr ein noch erfrischenderes Gef\u00fchl<\/p>\n<\/li>\n<\/ul>\n<div>\n<hr>\n<\/div>\n<h3>\ud83d\udce6 <strong>Inhalt<\/strong><\/h3>\n<ul data-spread=\"false\">\n<li>\n<p class=\"isSelectedEnd\">2 Pods zu je <strong>2 ml (20mg\/ml)<\/strong><\/p>\n<\/li>\n<\/ul>\n<div>\n<hr>\n<\/div>\n<h3>\u2728 <strong>Die ideale Wahl<\/strong><\/h3>\n<p>Perfekt f\u00fcr Liebhaber von <strong>Abwechslung und fruchtigen Aro<\/strong>men, die einen <strong>modulierbaren, praktischen und frischen<\/strong> Dampf w\u00fcnschen.<\/p>\n<p><a href=\"https:\/\/chezsmoke.ch\/wp-content\/uploads\/2024\/09\/Avertissement-liquides-nicotines-300x186.png\"><img loading=\"lazy\" decoding=\"async\" class=\"alignnone size-medium wp-image-337014\" src=\"https:\/\/chezsmoke.ch\/wp-content\/uploads\/2024\/09\/Avertissement-liquides-nicotines-300x186.png\" alt=\"\" width=\"300\" height=\"186\" srcset=\"https:\/\/chezsmoke.ch\/wp-content\/uploads\/2024\/09\/Avertissement-liquides-nicotines-300x186.png 300w, https:\/\/chezsmoke.ch\/wp-content\/uploads\/2024\/09\/Avertissement-liquides-nicotines-96x59.png 96w, https:\/\/chezsmoke.ch\/wp-content\/uploads\/2024\/09\/Avertissement-liquides-nicotines-42x26.png 42w, https:\/\/chezsmoke.ch\/wp-content\/uploads\/2024\/09\/Avertissement-liquides-nicotines-60x37.png 60w, https:\/\/chezsmoke.ch\/wp-content\/uploads\/2024\/09\/Avertissement-liquides-nicotines-600x371.png 600w, https:\/\/chezsmoke.ch\/wp-content\/uploads\/2024\/09\/Avertissement-liquides-nicotines-150x93.png 150w, https:\/\/chezsmoke.ch\/wp-content\/uploads\/2024\/09\/Avertissement-liquides-nicotines.png 755w\" sizes=\"auto, (max-width: 300px) 100vw, 300px\" \/><\/a><\/p>\n","protected":false},"excerpt":{"rendered":"<p>\ud83c\udf3f ELFBAR 4in1 Pods (20mg\/ml) \ud83c\udf53 Verf\u00fcgbare Geschmacksrichtungen Kompatibel mit der 4in1 von ELFBAR Entdecken Sie eine breite Palette an<\/p>\n","protected":false},"featured_media":477010,"comment_status":"closed","ping_status":"closed","template":"","meta":{"_acf_changed":false},"product_brand":[],"product_cat":[2458,720,2456],"product_tag":[],"class_list":{"0":"post-477535","1":"product","2":"type-product","3":"status-publish","4":"has-post-thumbnail","6":"product_cat-kapseln-puff","7":"product_cat-mini-pods-de","8":"product_cat-puff","10":"first","11":"instock","12":"taxable","13":"shipping-taxable","14":"purchasable","15":"product-type-variable"},"bundled_by":[],"bundle_stock_status":"instock","bundle_stock_quantity":null,"bundle_virtual":false,"bundle_layout":"","bundle_add_to_cart_form_location":"","bundle_editable_in_cart":false,"bundle_sold_individually_context":"","bundle_item_grouping":"","bundle_min_size":"","bundle_max_size":"","bundle_price":[],"bundled_items":[],"bundle_sell_ids":[],"acf":[],"_links":{"self":[{"href":"https:\/\/chezsmoke.ch\/de\/wp-json\/wp\/v2\/product\/477535","targetHints":{"allow":["GET"]}}],"collection":[{"href":"https:\/\/chezsmoke.ch\/de\/wp-json\/wp\/v2\/product"}],"about":[{"href":"https:\/\/chezsmoke.ch\/de\/wp-json\/wp\/v2\/types\/product"}],"replies":[{"embeddable":true,"href":"https:\/\/chezsmoke.ch\/de\/wp-json\/wp\/v2\/comments?post=477535"}],"wp:featuredmedia":[{"embeddable":true,"href":"https:\/\/chezsmoke.ch\/de\/wp-json\/wp\/v2\/media\/477010"}],"wp:attachment":[{"href":"https:\/\/chezsmoke.ch\/de\/wp-json\/wp\/v2\/media?parent=477535"}],"wp:term":[{"taxonomy":"product_brand","embeddable":true,"href":"https:\/\/chezsmoke.ch\/de\/wp-json\/wp\/v2\/product_brand?post=477535"},{"taxonomy":"product_cat","embeddable":true,"href":"https:\/\/chezsmoke.ch\/de\/wp-json\/wp\/v2\/product_cat?post=477535"},{"taxonomy":"product_tag","embeddable":true,"href":"https:\/\/chezsmoke.ch\/de\/wp-json\/wp\/v2\/product_tag?post=477535"}],"curies":[{"name":"wp","href":"https:\/\/api.w.org\/{rel}","templated":true}]}}