{"id":477548,"date":"2026-03-18T16:21:00","date_gmt":"2026-03-18T15:21:00","guid":{"rendered":"https:\/\/chezsmoke.ch\/produit\/elfbar-elfa-pro-kit\/"},"modified":"2026-03-18T16:21:00","modified_gmt":"2026-03-18T15:21:00","slug":"elfbar-elfa-pro-kit","status":"publish","type":"product","link":"https:\/\/chezsmoke.ch\/de\/produit\/elfbar-elfa-pro-kit\/","title":{"rendered":"ELFBAR ELFA Pro Kit"},"content":{"rendered":"<p><strong>\u2728 ELFBAR ELFA Kit Pro (20mg\/ml)<\/strong><\/p>\n<hr>\n<h3>\ud83c\udfa8 Fa <strong>rben &amp; Geschm\u00e4cker<\/strong><\/h3>\n<p>Kombinieren Sie Stil und Vergn\u00fcgen mit diesen einzigartigen Kombinationen:<\/p>\n<ul>\n<li><strong>Aurora Blue &amp; Kiwi Passionfruit Guava<\/strong>: Kiwi, Passionsfrucht und Guave (20mg\/ml)<\/li>\n<li><strong>Aurora Green &amp; Apple Peach<\/strong>: Apfel und Pfirsich (20mg\/ml)<\/li>\n<li><strong>Aurora Pink &amp; Pink Lemonade<\/strong>: Limonade, rote Fr\u00fcchte und Zitrone (20mg\/ml)<\/li>\n<li><strong>Aurora Purple &amp; Watermelon: Wassermelone<\/strong> (20mg\/ml)<\/li>\n<li><strong>Black &amp; Blue Razz Lemonade<\/strong>: Blaue Himbeere und Limonade (20mg\/ml)<\/li>\n<li><strong>Navy Blue &amp; Blueberry Sour Raspberry<\/strong>: Heidelbeere und Himbeere (20mg\/ml)<\/li>\n<li><strong>Twilight Blue &amp; Blueberry<\/strong>: Heidelbeere (20mg\/ml)<\/li>\n<li><strong>Twilight Cyan &amp; Spearmint<\/strong>: Gr\u00fcne Minze (20mg\/ml)<\/li>\n<\/ul>\n<hr>\n<h3>\ud83d\udcaa <strong>Leistung &amp; Nachhaltigkeit<\/strong><\/h3>\n<ul>\n<li>\ud83d\udd0b <strong>Wiederaufladbarer 500 mAh-Akku<\/strong>: zuverl\u00e4ssige Laufzeit f\u00fcr den t\u00e4glichen Gebrauch<\/li>\n<li>\ud83c\udfaf <strong>QUAQ Mesh-Widerstand<\/strong>: dichter Dampf und optimale Geschmackswiedergabe<\/li>\n<li>\ud83d\udce6 <strong>2 Patronen inbegriffen<\/strong>: damit Sie sofort von Ihrem Dampfen profitieren k\u00f6nnen<\/li>\n<\/ul>\n<hr>\n<h3>\u26a1 <strong>Ultra einfach zu bedienen<\/strong><\/h3>\n<ul>\n<li>\ud83e\uddf2 <strong>Vorgef\u00fcllte magnetische Pods<\/strong>: einfach einlegen, dampfen, austauschen<\/li>\n<\/ul>\n<hr>\n<h3>\u2728 <strong>Die Pluspunkte des Kits<\/strong><\/h3>\n<ul>\n<li>\ud83d\udca8 <strong>20 mg\/ml Nikotin<\/strong>: ein sanftes, aber pr\u00e4sentes Dampfen<\/li>\n<li>\ud83d\udd0b <strong>Wiederaufladbar &amp; nachhaltig<\/strong>: eine praktische und verantwortungsvolle Alternative<\/li>\n<li>\ud83d\udfe2 E <strong>infach zu wechselnde Pods<\/strong>: reibungslose t\u00e4gliche Nutzung<\/li>\n<li>\ud83c\udfaf <strong>Reiner und gleichbleibender Geschmack<\/strong>: f\u00fcr ein stets angenehmes Erlebnis<\/li>\n<\/ul>\n<hr>\n<h3>\ud83c\udf3f <strong>Die ideale Wahl<\/strong><\/h3>\n<p>Ein perfektes Set f\u00fcr alle, die ein <strong>einfaches, elegantes und leistungsstarkes<\/strong> Dampfen mit <strong>reichen und ausgewogenen<\/strong> Aromen suchen.<\/p>\n<p>&nbsp;<\/p>\n<p><a href=\"https:\/\/chezsmoke.ch\/wp-content\/uploads\/2024\/09\/Avertissement-liquides-nicotines-300x186.png\"><img loading=\"lazy\" decoding=\"async\" class=\"alignnone size-medium wp-image-337014\" src=\"https:\/\/chezsmoke.ch\/wp-content\/uploads\/2024\/09\/Avertissement-liquides-nicotines-300x186.png\" alt=\"\" width=\"300\" height=\"186\" srcset=\"https:\/\/chezsmoke.ch\/wp-content\/uploads\/2024\/09\/Avertissement-liquides-nicotines-300x186.png 300w, https:\/\/chezsmoke.ch\/wp-content\/uploads\/2024\/09\/Avertissement-liquides-nicotines-96x59.png 96w, https:\/\/chezsmoke.ch\/wp-content\/uploads\/2024\/09\/Avertissement-liquides-nicotines-42x26.png 42w, https:\/\/chezsmoke.ch\/wp-content\/uploads\/2024\/09\/Avertissement-liquides-nicotines-60x37.png 60w, https:\/\/chezsmoke.ch\/wp-content\/uploads\/2024\/09\/Avertissement-liquides-nicotines-600x371.png 600w, https:\/\/chezsmoke.ch\/wp-content\/uploads\/2024\/09\/Avertissement-liquides-nicotines-150x93.png 150w, https:\/\/chezsmoke.ch\/wp-content\/uploads\/2024\/09\/Avertissement-liquides-nicotines.png 755w\" sizes=\"auto, (max-width: 300px) 100vw, 300px\" \/><\/a><\/p>\n","protected":false},"excerpt":{"rendered":"<p><strong data-start=\"1292\" data-end=\"1358\">ELFBAR ELFA Kit Pro:<\/strong> <strong data-start=\"1368\" data-end=\"1389\">Nachf\u00fcllbarer PUFF<\/strong><span data-start=\"1368\" data-end=\"1389\"> mit <\/span><strong data-start=\"1447\" data-end=\"1465\">20mg\/ml Nikotin<\/strong>, <strong data-start=\"1476\" data-end=\"1487\">500 mAh<\/strong> Batterie, leicht austauschbare magnetische Pods f\u00fcr einfaches und stilvolles Dampfen. \ud83d\udca8\u2728 <\/p>\n","protected":false},"featured_media":476919,"comment_status":"closed","ping_status":"closed","template":"","meta":{"_acf_changed":false},"product_brand":[],"product_cat":[2451,720,707,2456],"product_tag":[],"class_list":{"0":"post-477548","1":"product","2":"type-product","3":"status-publish","4":"has-post-thumbnail","6":"product_cat-kits-puff","7":"product_cat-mini-pods-de","8":"product_cat-neuheiten","9":"product_cat-puff","11":"first","12":"instock","13":"taxable","14":"shipping-taxable","15":"purchasable","16":"product-type-variable"},"bundled_by":[],"bundle_stock_status":"instock","bundle_stock_quantity":null,"bundle_virtual":false,"bundle_layout":"","bundle_add_to_cart_form_location":"","bundle_editable_in_cart":false,"bundle_sold_individually_context":"","bundle_item_grouping":"","bundle_min_size":"","bundle_max_size":"","bundle_price":[],"bundled_items":[],"bundle_sell_ids":[],"acf":[],"_links":{"self":[{"href":"https:\/\/chezsmoke.ch\/de\/wp-json\/wp\/v2\/product\/477548","targetHints":{"allow":["GET"]}}],"collection":[{"href":"https:\/\/chezsmoke.ch\/de\/wp-json\/wp\/v2\/product"}],"about":[{"href":"https:\/\/chezsmoke.ch\/de\/wp-json\/wp\/v2\/types\/product"}],"replies":[{"embeddable":true,"href":"https:\/\/chezsmoke.ch\/de\/wp-json\/wp\/v2\/comments?post=477548"}],"wp:featuredmedia":[{"embeddable":true,"href":"https:\/\/chezsmoke.ch\/de\/wp-json\/wp\/v2\/media\/476919"}],"wp:attachment":[{"href":"https:\/\/chezsmoke.ch\/de\/wp-json\/wp\/v2\/media?parent=477548"}],"wp:term":[{"taxonomy":"product_brand","embeddable":true,"href":"https:\/\/chezsmoke.ch\/de\/wp-json\/wp\/v2\/product_brand?post=477548"},{"taxonomy":"product_cat","embeddable":true,"href":"https:\/\/chezsmoke.ch\/de\/wp-json\/wp\/v2\/product_cat?post=477548"},{"taxonomy":"product_tag","embeddable":true,"href":"https:\/\/chezsmoke.ch\/de\/wp-json\/wp\/v2\/product_tag?post=477548"}],"curies":[{"name":"wp","href":"https:\/\/api.w.org\/{rel}","templated":true}]}}