{"id":477557,"date":"2026-03-18T15:40:10","date_gmt":"2026-03-18T14:40:10","guid":{"rendered":"https:\/\/chezsmoke.ch\/produit\/elfbar-elfa-pro-pods\/"},"modified":"2026-03-18T15:40:10","modified_gmt":"2026-03-18T14:40:10","slug":"elfbar-elfa-pro-pods","status":"publish","type":"product","link":"https:\/\/chezsmoke.ch\/de\/produit\/elfbar-elfa-pro-pods\/","title":{"rendered":"ELFBAR ELFA Pro Pods"},"content":{"rendered":"<p><strong>\ud83c\udf3f ELFBAR ELFA Pro &#8211; Pods 2 ml (20mg\/ml)<\/strong><\/p>\n<hr>\n<h3>\ud83c\udf53 <strong>Verf\u00fcgbare Geschmacksrichtungen<\/strong><\/h3>\n<p>Kompatibel mit dem <strong>ELFA Pro<\/strong> von   <strong>ELFBAR<\/strong><\/p>\n<p>Lassen Sie sich von einer Auswahl an fruchtigen und erfrischenden Geschmacksrichtungen verf\u00fchren:<\/p>\n<ul>\n<li><strong>Apple Peach<\/strong>: ein k\u00f6stliches Duo aus Apfel und Birne (20mg\/ml)<\/li>\n<li><strong>Blue Razz Lemonade<\/strong>: Blaue Himbeere, verfeinert mit spritziger Limonade (20mg\/ml)<\/li>\n<li><strong>Blue Sour Raspberry<\/strong>: intensive Mischung aus Heidelbeere und saurer Himbeere (20mg\/ml)<\/li>\n<li><strong>Blueberry<\/strong>: S\u00fc\u00dfe und echte Heidelbeere (20mg\/ml)<\/li>\n<li><strong>Kiwi Passionfruit Guava<\/strong>: exotischer Cocktail aus Kiwi, Passionsfrucht und Guave (20mg\/ml)<\/li>\n<li><strong>Pink Lemonade<\/strong>: fruchtige Limonade mit Noten von Zitrone und roten Fr\u00fcchten (20mg\/ml)<\/li>\n<li><strong>Spearmint<\/strong>: reine Frische von gr\u00fcner Minze (20mg\/ml)<\/li>\n<li><strong>Watermelon<\/strong>: saftige, s\u00fc\u00dfe Wassermelone (20mg\/ml)<\/li>\n<\/ul>\n<hr>\n<h3>\ud83d\udca8 <strong>Ein einzigartiges Dampferlebnis<\/strong><\/h3>\n<p>Genie\u00dfen Sie einen <strong>fruchtigen, s\u00fc\u00dfen und erfrischenden<\/strong> Dampf. Jeder Zug bietet ein perfektes Gleichgewicht zwischen Intensit\u00e4t und Leichtigkeit, mit einer Dosierung von <strong>20 mg\/ml Nikotin<\/strong> f\u00fcr ein pr\u00e4sentes Gef\u00fchl. <\/p>\n<hr>\n<h3>\ud83d\udca1 <strong>Warum Sie es lieben werden<\/strong><\/h3>\n<ul>\n<li>\ud83c\udfaf <strong>QUAQ Mesh + ECS Technologie<\/strong>: dichter Dampf und getreue Wiedergabe der Aromen<\/li>\n<li>\ud83d\udfe2 2 <strong>er-Pack 2ml-Pods<\/strong>: zur Verl\u00e4ngerung des Genusses<\/li>\n<li>\ud83e\uddf2 <strong>Praktisches Magnetsystem<\/strong>: einfache und schnelle Installation<\/li>\n<\/ul>\n<hr>\n<h3>\u2728 <strong>Die ideale Wahl<\/strong><\/h3>\n<p>Perfekt f\u00fcr Liebhaber <strong>nat\u00fcrlicher fruchtiger Aro<\/strong>men, die ein <strong>ausgewogenes und frisches<\/strong> Dampfen suchen.<\/p>\n<p>&nbsp;<\/p>\n<p><a href=\"https:\/\/chezsmoke.ch\/wp-content\/uploads\/2024\/09\/Avertissement-liquides-nicotines-300x186.png\"><img loading=\"lazy\" decoding=\"async\" class=\"alignnone size-medium wp-image-337014\" src=\"https:\/\/chezsmoke.ch\/wp-content\/uploads\/2024\/09\/Avertissement-liquides-nicotines-300x186.png\" alt=\"\" width=\"300\" height=\"186\" srcset=\"https:\/\/chezsmoke.ch\/wp-content\/uploads\/2024\/09\/Avertissement-liquides-nicotines-300x186.png 300w, https:\/\/chezsmoke.ch\/wp-content\/uploads\/2024\/09\/Avertissement-liquides-nicotines-96x59.png 96w, https:\/\/chezsmoke.ch\/wp-content\/uploads\/2024\/09\/Avertissement-liquides-nicotines-42x26.png 42w, https:\/\/chezsmoke.ch\/wp-content\/uploads\/2024\/09\/Avertissement-liquides-nicotines-60x37.png 60w, https:\/\/chezsmoke.ch\/wp-content\/uploads\/2024\/09\/Avertissement-liquides-nicotines-600x371.png 600w, https:\/\/chezsmoke.ch\/wp-content\/uploads\/2024\/09\/Avertissement-liquides-nicotines-150x93.png 150w, https:\/\/chezsmoke.ch\/wp-content\/uploads\/2024\/09\/Avertissement-liquides-nicotines.png 755w\" sizes=\"auto, (max-width: 300px) 100vw, 300px\" \/><\/a><\/p>\n","protected":false},"excerpt":{"rendered":"<p><strong data-start=\"793\" data-end=\"837\">ELFBAR ELFA Pro<\/strong>: <strong data-start=\"845\" data-end=\"866\">Nachf\u00fcllbarer PUFF<\/strong>, Nikotin <strong data-start=\"929\" data-end=\"947\">(20mg\/ml)<\/strong>, 2er-Pack Pods f\u00fcr ein einfaches, fruchtiges und erfrischendes Dampfen. \ud83d\udca8\u2728 <\/p>\n","protected":false},"featured_media":476893,"comment_status":"closed","ping_status":"closed","template":"","meta":{"_acf_changed":false},"product_brand":[],"product_cat":[2458,720,707,2456],"product_tag":[],"class_list":{"0":"post-477557","1":"product","2":"type-product","3":"status-publish","4":"has-post-thumbnail","6":"product_cat-kapseln-puff","7":"product_cat-mini-pods-de","8":"product_cat-neuheiten","9":"product_cat-puff","11":"first","12":"instock","13":"taxable","14":"shipping-taxable","15":"purchasable","16":"product-type-variable"},"bundled_by":[],"bundle_stock_status":"instock","bundle_stock_quantity":null,"bundle_virtual":false,"bundle_layout":"","bundle_add_to_cart_form_location":"","bundle_editable_in_cart":false,"bundle_sold_individually_context":"","bundle_item_grouping":"","bundle_min_size":"","bundle_max_size":"","bundle_price":[],"bundled_items":[],"bundle_sell_ids":[],"acf":[],"_links":{"self":[{"href":"https:\/\/chezsmoke.ch\/de\/wp-json\/wp\/v2\/product\/477557","targetHints":{"allow":["GET"]}}],"collection":[{"href":"https:\/\/chezsmoke.ch\/de\/wp-json\/wp\/v2\/product"}],"about":[{"href":"https:\/\/chezsmoke.ch\/de\/wp-json\/wp\/v2\/types\/product"}],"replies":[{"embeddable":true,"href":"https:\/\/chezsmoke.ch\/de\/wp-json\/wp\/v2\/comments?post=477557"}],"wp:featuredmedia":[{"embeddable":true,"href":"https:\/\/chezsmoke.ch\/de\/wp-json\/wp\/v2\/media\/476893"}],"wp:attachment":[{"href":"https:\/\/chezsmoke.ch\/de\/wp-json\/wp\/v2\/media?parent=477557"}],"wp:term":[{"taxonomy":"product_brand","embeddable":true,"href":"https:\/\/chezsmoke.ch\/de\/wp-json\/wp\/v2\/product_brand?post=477557"},{"taxonomy":"product_cat","embeddable":true,"href":"https:\/\/chezsmoke.ch\/de\/wp-json\/wp\/v2\/product_cat?post=477557"},{"taxonomy":"product_tag","embeddable":true,"href":"https:\/\/chezsmoke.ch\/de\/wp-json\/wp\/v2\/product_tag?post=477557"}],"curies":[{"name":"wp","href":"https:\/\/api.w.org\/{rel}","templated":true}]}}