{"id":477568,"date":"2026-03-13T09:37:29","date_gmt":"2026-03-13T08:37:29","guid":{"rendered":"https:\/\/chezsmoke.ch\/produit\/box-aegis-mini-5-geekvape\/"},"modified":"2026-03-13T09:37:29","modified_gmt":"2026-03-13T08:37:29","slug":"box-aegis-mini-5-geekvape","status":"publish","type":"product","link":"https:\/\/chezsmoke.ch\/de\/produit\/box-aegis-mini-5-geekvape\/","title":{"rendered":"Box Aegis Mini 5 Geekvape"},"content":{"rendered":"<h3 data-section-id=\"1l06vca\" data-start=\"0\" data-end=\"70\">\u26a1 Box Aegis Mini 5 Geekvape: kompakt, robust und zu allem bereit \ud83d\udcaa.<\/h3>\n<p data-start=\"72\" data-end=\"402\">Die <strong data-start=\"75\" data-end=\"91\">Aegis Mini 5<\/strong> bietet alles, was den Erfolg der ber\u00fchmten Aegis-Reihe ausmacht: <strong data-start=\"157\" data-end=\"195\">St\u00e4rke, Leistung und Zuverl\u00e4ssigkeit,<\/strong> in einem noch <strong data-start=\"224\" data-end=\"261\">kompakteren<\/strong> Format, das <strong data-start=\"224\" data-end=\"261\">bequem zu transportieren<\/strong> ist. Sie wurde entwickelt, um Dampfer \u00fcberall hin zu begleiten, und kombiniert <strong data-start=\"323\" data-end=\"361\">Leistung, Reichweite und Widerstand<\/strong> in einer eleganten und effizienten Box. <\/p>\n<h3 data-section-id=\"1o30r8q\" data-start=\"409\" data-end=\"458\">\ud83d\udee1\ufe0f Eine ultra-robuste Box mit IP67-Zertifizierung<\/h3>\n<p data-start=\"459\" data-end=\"581\">Getreu der DNA der Aegis-Serie ist der Mini 5 nach <strong data-start=\"519\" data-end=\"541\">IP67 zertifiziert<\/strong>. Er ist daher so konzipiert, dass er den folgenden Bedingungen standh\u00e4lt <\/p>\n<ul data-start=\"583\" data-end=\"681\">\n<li data-section-id=\"njxov9\" data-start=\"583\" data-end=\"622\">\n<p data-start=\"585\" data-end=\"622\">\ud83d\udca7 <strong data-start=\"588\" data-end=\"620\">Wasser- und spritzwassergesch\u00fctzt<\/strong><\/p>\n<\/li>\n<li data-section-id=\"gtg3ds\" data-start=\"623\" data-end=\"649\">\n<p data-start=\"625\" data-end=\"649\">\ud83c\udf2a\ufe0f <strong data-start=\"629\" data-end=\"647\">In den Staub<\/strong><\/p>\n<\/li>\n<li data-section-id=\"1irar7t\" data-start=\"650\" data-end=\"681\">\n<p data-start=\"652\" data-end=\"681\">\ud83d\udca5 <strong data-start=\"655\" data-end=\"681\">Zu den Schocks des Alltags<\/strong><\/p>\n<\/li>\n<\/ul>\n<p data-start=\"683\" data-end=\"821\">Ob Sie nun arbeiten, ausgehen oder unterwegs sind, diese Box wurde entwickelt, um <strong data-start=\"765\" data-end=\"820\">unvorhergesehene Ereignisse zu \u00fcberstehen, ohne Ihr Dampfen zu beeintr\u00e4chtigen<\/strong>.<\/p>\n<h3 data-section-id=\"w6x7wq\" data-start=\"828\" data-end=\"878\">\ud83c\udfa8 Kompaktes, ergonomisches und elegantes Design<\/h3>\n<p data-start=\"879\" data-end=\"1055\">Trotz ihrer Robustheit hat die Box ein <strong data-start=\"920\" data-end=\"951\">modernes Design<\/strong>. Die sorgf\u00e4ltige Verarbeitung und die <strong data-start=\"983\" data-end=\"998\">abgerundete R\u00fcckseite<\/strong> sorgen f\u00fcr einen <strong data-start=\"1012\" data-end=\"1054\">nat\u00fcrlichen und komfortablen Griff<\/strong>. <\/p>\n<p data-start=\"1057\" data-end=\"1241\">Sein <strong data-start=\"1061\" data-end=\"1096\">0,96-Zoll-Farbdisplay \ud83d\udcf1<\/strong> bietet eine hervorragende Lesbarkeit, so dass Sie die wichtigsten Informationen leicht ablesen k\u00f6nnen: Leistung, Batteriestand oder Widerstandswert.<\/p>\n<p data-start=\"1243\" data-end=\"1351\">Mit seinen kompakten Abmessungen <strong data-start=\"1273\" data-end=\"1298\">(80,9 x 39 x 28,6 mm)<\/strong> passt er in jede Tasche oder Handtasche.<\/p>\n<p><img decoding=\"async\" class=\"aligncenter\" src=\"https:\/\/chezsmoke.ch\/wp-content\/uploads\/2026\/03\/Geekvape-Aegis-5-Mini-All-300x300.jpg\" alt=\"Geekvape Aegis 5 Mini - All\"><\/p>\n<h3 data-section-id=\"xrjc4s\" data-start=\"1358\" data-end=\"1421\">\u26a1 Bis zu 100 W Leistung f\u00fcr alle Arten des Dampfens<\/h3>\n<p data-start=\"1422\" data-end=\"1609\">Lassen Sie sich nicht von seiner Gr\u00f6\u00dfe t\u00e4uschen: Der <strong data-start=\"1469\" data-end=\"1513\">Aegis Mini 5 kann bis zu 100 W liefern<\/strong>. Sie eignet sich f\u00fcr das <strong data-start=\"1551\" data-end=\"1565\">enge<\/strong> <strong data-start=\"1592\" data-end=\"1608\">Dampfen<\/strong> <strong data-start=\"1551\" data-end=\"1565\">MTL<\/strong>, <strong data-start=\"1567\" data-end=\"1588\">das<\/strong> <strong data-start=\"1592\" data-end=\"1608\">Halb-Luft-Dampfen<\/strong> <strong data-start=\"1567\" data-end=\"1588\">RDL<\/strong> und <strong data-start=\"1592\" data-end=\"1608\">das Luft-Dampfen DTL<\/strong>. <\/p>\n<p data-start=\"1611\" data-end=\"1661\">Dank des <strong data-start=\"1620\" data-end=\"1643\">AS Chip 4.0-Chipsatzes<\/strong> bietet die Box :<\/p>\n<ul data-start=\"1663\" data-end=\"1817\">\n<li data-section-id=\"vyn7eg\" data-start=\"1663\" data-end=\"1715\">\n<p data-start=\"1665\" data-end=\"1715\">\u26a1 S <strong data-start=\"1667\" data-end=\"1692\">chnelle Reaktion<\/strong> bei der Aktivierung<\/p>\n<\/li>\n<li data-section-id=\"1wu3zpv\" data-start=\"1716\" data-end=\"1780\">\n<p data-start=\"1718\" data-end=\"1780\">\ud83d\udcca S <strong data-start=\"1721\" data-end=\"1745\">tabile Leistung<\/strong>, auch wenn die Batterie schw\u00e4cher wird<\/p>\n<\/li>\n<li data-section-id=\"12w566t\" data-start=\"1781\" data-end=\"1817\">\n<p data-start=\"1783\" data-end=\"1817\">\ud83c\udfaf <strong data-start=\"1786\" data-end=\"1817\">Konstante und pr\u00e4zise Wiedergabe<\/strong><\/p>\n<\/li>\n<\/ul>\n<p data-start=\"1819\" data-end=\"1876\">Zwei Modi erm\u00f6glichen eine einfache Anpassung Ihres Dampfes:<\/p>\n<ul data-start=\"1878\" data-end=\"2041\">\n<li data-section-id=\"18c1xih\" data-start=\"1878\" data-end=\"1970\">\n<p data-start=\"1880\" data-end=\"1970\"><strong data-start=\"1880\" data-end=\"1894\">Smart-Modus<\/strong> \ud83e\udd16 : Die Leistung passt sich automatisch an den installierten Widerstand an.<\/p>\n<\/li>\n<li data-section-id=\"104511w\" data-start=\"1971\" data-end=\"2041\">\n<p data-start=\"1973\" data-end=\"2041\"><strong data-start=\"1973\" data-end=\"1987\">Power-Modus<\/strong> \u2699\ufe0f: Manuelle Einstellung der Wattleistung f\u00fcr eine vollst\u00e4ndige Kontrolle.<\/p>\n<\/li>\n<\/ul>\n<h3 data-section-id=\"1y87wzq\" data-start=\"2048\" data-end=\"2100\">\ud83d\udd12 Dual Lock: ein praktisches Sicherheitssystem<\/h3>\n<p data-start=\"2101\" data-end=\"2249\">Um versehentliches Ausl\u00f6sen oder unbeabsichtigte \u00c4nderungen der Einstellungen zu vermeiden, hat Geekvape ein praktisches <strong data-start=\"2212\" data-end=\"2233\">Dual-Lock-System<\/strong> integriert:<\/p>\n<ul data-start=\"2251\" data-end=\"2455\">\n<li data-section-id=\"7vk9ke\" data-start=\"2251\" data-end=\"2353\">\n<p data-start=\"2253\" data-end=\"2353\"><strong data-start=\"2253\" data-end=\"2263\">A-Lock<\/strong>: ein <strong data-start=\"2269\" data-end=\"2294\">physischer Schalter<\/strong>, der die Fire-Taste sofort verriegelt.<\/p>\n<\/li>\n<li data-section-id=\"1dpiyqx\" data-start=\"2354\" data-end=\"2455\">\n<p data-start=\"2356\" data-end=\"2455\"><strong data-start=\"2356\" data-end=\"2382\">Wattsperre<\/strong>: Dr\u00fccken Sie gleichzeitig <strong data-start=\"2411\" data-end=\"2421\">+ und -,<\/strong> um die eingestellte Leistung zu sperren.<\/p>\n<\/li>\n<\/ul>\n<p data-start=\"2457\" data-end=\"2541\">Ein echtes Plus, um <strong data-start=\"2475\" data-end=\"2540\">die Box sicher in einer Tasche oder einem Beutel zu transportieren<\/strong>.<\/p>\n<p data-start=\"2457\" data-end=\"2541\"><img loading=\"lazy\" decoding=\"async\" class=\"aligncenter\" src=\"https:\/\/www.freevap.ch\/img\/cms\/Aegis%20Mini%205%20-%20Geekvape\/kit-aegis-mini-5-alock.jpg\" alt=\"Aegis Mini 5 Dual Lock\" width=\"526\" height=\"316\"><\/p>\n<h3 data-section-id=\"15wkrk7\" data-start=\"2548\" data-end=\"2597\">\ud83d\udd0b 3200 mAh Akku und USB-C Schnellladung<\/h3>\n<p data-start=\"2598\" data-end=\"2801\">Die Box verf\u00fcgt \u00fcber einen <strong data-start=\"2617\" data-end=\"2641\">3200 mAh-Akku<\/strong>, der ideal f\u00fcr eine lange <strong data-start=\"2670\" data-end=\"2702\">Laufzeit im Alltag<\/strong> ist. Je nachdem, wie viel Sie <strong data-start=\"2768\" data-end=\"2800\">dampfen<\/strong>, kann die Box problemlos <strong data-start=\"2768\" data-end=\"2800\">einen ganzen Tag<\/strong> durchhalten. <\/p>\n<p data-start=\"2803\" data-end=\"2921\">Das <strong data-start=\"2806\" data-end=\"2843\">USB-C-Schnellladeger\u00e4t (5V \/ 3A) \u26a1<\/strong> erm\u00f6glicht eine schnelle Wiederherstellung der Betriebszeit, wenn die Batterie schwach ist.<\/p>\n<p data-start=\"2923\" data-end=\"3085\">\u26a0\ufe0f <strong data-start=\"2926\" data-end=\"2941\">Achtung:<\/strong> Das Ladekabel ist nicht im Lieferumfang enthalten. Wir empfehlen die Verwendung eines <strong data-start=\"3010\" data-end=\"3039\">3A-kompatiblen USB-C-Kabels<\/strong>, um die Schnellladefunktion voll nutzen zu k\u00f6nnen. <\/p>\n<h3 data-section-id=\"1y2mi5y\" data-start=\"3092\" data-end=\"3145\">\ud83d\udd27 Kompatibilit\u00e4t mit vielen Clearomizern<\/h3>\n<p data-start=\"3146\" data-end=\"3314\">Dank ihrer Leistung und ihres kompakten Formats kann die Aegis Mini 5 mit <strong data-start=\"3232\" data-end=\"3261\">vielen Clearomizern<\/strong> verwendet werden, sowohl mit <strong data-start=\"3286\" data-end=\"3302\">DTL-<\/strong> als auch mit <strong data-start=\"3306\" data-end=\"3313\">MTL-Clearomizern<\/strong>.<\/p>\n<p data-start=\"3316\" data-end=\"3439\">F\u00fcr eine perfekte \u00e4sthetische und flushartige Wiedergabe wird ein <strong data-start=\"3396\" data-end=\"3438\">Clearomizer<\/strong> mit einem <strong data-start=\"3396\" data-end=\"3438\">Durchmesser von bis zu 24 mm<\/strong> empfohlen.<\/p>\n<h3 data-section-id=\"dr8il0\" data-start=\"3446\" data-end=\"3488\">\u2b50 Warum sollten Sie sich f\u00fcr die Aegis Mini 5 entscheiden?<\/h3>\n<p data-start=\"3489\" data-end=\"3562\">Die Aegis Mini 5 ist eine ideale Box f\u00fcr Dampfer, die nach :<\/p>\n<ul data-start=\"3564\" data-end=\"3788\">\n<li data-section-id=\"6zgp88\" data-start=\"3564\" data-end=\"3599\">\n<p data-start=\"3566\" data-end=\"3599\">\ud83d\udcaa <strong data-start=\"3569\" data-end=\"3597\">Eine solide und zuverl\u00e4ssige Box<\/strong><\/p>\n<\/li>\n<li data-section-id=\"pdg0wv\" data-start=\"3600\" data-end=\"3644\">\n<p data-start=\"3602\" data-end=\"3644\">\u26a1 <strong data-start=\"3604\" data-end=\"3642\">Eine Leistung von bis zu 100 W<\/strong><\/p>\n<\/li>\n<li data-section-id=\"1vzfkkz\" data-start=\"3645\" data-end=\"3689\">\n<p data-start=\"3647\" data-end=\"3689\">\ud83d\udd0b <strong data-start=\"3650\" data-end=\"3687\">Gute Akkulaufzeit mit 3200 mAh<\/strong><\/p>\n<\/li>\n<li data-section-id=\"2xw9d0\" data-start=\"3690\" data-end=\"3737\">\n<p data-start=\"3692\" data-end=\"3737\">\ud83d\udd12 <strong data-start=\"3695\" data-end=\"3735\">Praktische Sicherheiten f\u00fcr den Alltag<\/strong><\/p>\n<\/li>\n<li data-section-id=\"idslzh\" data-start=\"3738\" data-end=\"3788\">\n<p data-start=\"3740\" data-end=\"3788\">\ud83d\udce6 <strong data-start=\"3743\" data-end=\"3788\">Kompaktes Format und leicht zu transportieren<\/strong><\/p>\n<\/li>\n<\/ul>\n<p data-start=\"3790\" data-end=\"3889\">Ein <strong data-start=\"3800\" data-end=\"3837\">vielseitiges, leistungsstarkes und robustes<\/strong> Modell, das sich perfekt f\u00fcr den t\u00e4glichen Gebrauch eignet.<\/p>\n<h3 data-section-id=\"15vd7vv\" data-start=\"3896\" data-end=\"3924\">\ud83d\udce6 Inhalt der Schachtel<\/h3>\n<ul data-start=\"3925\" data-end=\"3978\">\n<li data-section-id=\"1s0lpf8\" data-start=\"3925\" data-end=\"3949\">\n<p data-start=\"3927\" data-end=\"3949\">1 \u00d7 Box Aegis Mini 5<\/p>\n<\/li>\n<li data-section-id=\"euolri\" data-start=\"3950\" data-end=\"3978\">\n<p data-start=\"3952\" data-end=\"3978\">1 \u00d7 Benutzerhandbuch<\/p>\n<\/li>\n<\/ul>\n","protected":false},"excerpt":{"rendered":"<p><strong data-start=\"848\" data-end=\"875\">Aegis Mini 5 Geekvape:<\/strong> eine kompakte <strong data-start=\"893\" data-end=\"902\">100 Watt<\/strong> Box, <strong data-start=\"904\" data-end=\"912\">IP67<\/strong>, mit <strong data-start=\"919\" data-end=\"931\">3200 mAh<\/strong> Autonomie und <strong data-start=\"947\" data-end=\"970\">USB-C Schnellladung<\/strong>. Robust, vielseitig und ideal, um \u00fcberall zu dampfen. \ud83d\ude80<\/p>\n","protected":false},"featured_media":475583,"comment_status":"closed","ping_status":"closed","template":"","meta":{"_acf_changed":false},"product_brand":[],"product_cat":[705,692,726,707],"product_tag":[],"class_list":{"0":"post-477568","1":"product","2":"type-product","3":"status-publish","4":"has-post-thumbnail","6":"product_cat-box-de","7":"product_cat-elektronische-zigaretten","8":"product_cat-geek-dampfen","9":"product_cat-neuheiten","10":"pa_couleur-aqua-blue-de-2","11":"pa_couleur-black-de","12":"pa_couleur-forest-green-de","13":"pa_couleur-polar-silber","15":"first","16":"instock","17":"taxable","18":"shipping-taxable","19":"purchasable","20":"product-type-variable"},"bundled_by":[],"bundle_stock_status":"instock","bundle_stock_quantity":null,"bundle_virtual":false,"bundle_layout":"","bundle_add_to_cart_form_location":"","bundle_editable_in_cart":false,"bundle_sold_individually_context":"","bundle_item_grouping":"","bundle_min_size":"","bundle_max_size":"","bundle_price":[],"bundled_items":[],"bundle_sell_ids":[],"acf":[],"_links":{"self":[{"href":"https:\/\/chezsmoke.ch\/de\/wp-json\/wp\/v2\/product\/477568","targetHints":{"allow":["GET"]}}],"collection":[{"href":"https:\/\/chezsmoke.ch\/de\/wp-json\/wp\/v2\/product"}],"about":[{"href":"https:\/\/chezsmoke.ch\/de\/wp-json\/wp\/v2\/types\/product"}],"replies":[{"embeddable":true,"href":"https:\/\/chezsmoke.ch\/de\/wp-json\/wp\/v2\/comments?post=477568"}],"wp:featuredmedia":[{"embeddable":true,"href":"https:\/\/chezsmoke.ch\/de\/wp-json\/wp\/v2\/media\/475583"}],"wp:attachment":[{"href":"https:\/\/chezsmoke.ch\/de\/wp-json\/wp\/v2\/media?parent=477568"}],"wp:term":[{"taxonomy":"product_brand","embeddable":true,"href":"https:\/\/chezsmoke.ch\/de\/wp-json\/wp\/v2\/product_brand?post=477568"},{"taxonomy":"product_cat","embeddable":true,"href":"https:\/\/chezsmoke.ch\/de\/wp-json\/wp\/v2\/product_cat?post=477568"},{"taxonomy":"product_tag","embeddable":true,"href":"https:\/\/chezsmoke.ch\/de\/wp-json\/wp\/v2\/product_tag?post=477568"}],"curies":[{"name":"wp","href":"https:\/\/api.w.org\/{rel}","templated":true}]}}