{"id":477573,"date":"2026-03-12T17:38:35","date_gmt":"2026-03-12T16:38:35","guid":{"rendered":"https:\/\/chezsmoke.ch\/produit\/pyrex-ersatzteil-z-nano-3-geekvape\/"},"modified":"2026-03-12T17:38:35","modified_gmt":"2026-03-12T16:38:35","slug":"pyrex-ersatzteil-z-nano-3-geekvape","status":"publish","type":"product","link":"https:\/\/chezsmoke.ch\/de\/produit\/pyrex-ersatzteil-z-nano-3-geekvape\/","title":{"rendered":"Pyrex Ersatzteil Z Nano 3 Geekvape"},"content":{"rendered":"<h1 data-section-id=\"1akspvi\" data-start=\"117\" data-end=\"161\">Pyrex Ersatz Z Nano 3 Geekvape &#8211; 5 ml<\/h1>\n<p data-start=\"163\" data-end=\"235\">\ud83d\udca8 <strong data-start=\"166\" data-end=\"235\">Bringen Sie Ihren Clearomizer in Sekundenschnelle wieder in einen perfekten Zustand.<\/strong><\/p>\n<p data-start=\"237\" data-end=\"518\">Der <strong data-start=\"240\" data-end=\"279\">Ersatz-Pyrex Z Nano 3 Geekvape<\/strong> ist die ideale L\u00f6sung, wenn der Tank Ihres <strong data-start=\"328\" data-end=\"349\">Geekvape Z Nano 3<\/strong> einen Riss oder Bruch erlitten hat. Er ist als perfekter Ersatz f\u00fcr den Originaltank konzipiert und erm\u00f6glicht es Ihnen, <strong data-start=\"450\" data-end=\"495\">die urspr\u00fcngliche Leistung und Reichweite<\/strong> Ihres Clearomizers wiederherzustellen. <\/p>\n<p data-start=\"520\" data-end=\"649\">Dieser Tank wird nach den <strong data-start=\"533\" data-end=\"575\">exakten Ma\u00dfen des Originalmodells<\/strong> hergestellt und bietet eine <strong data-start=\"600\" data-end=\"648\">pr\u00e4zise Passform und optimale Abdichtung<\/strong>.<\/p>\n<h3 data-section-id=\"kat380\" data-start=\"651\" data-end=\"684\">\ud83d\udca7 Gro\u00dfz\u00fcgige Kapazit\u00e4t von 5 ml<\/h3>\n<p data-start=\"685\" data-end=\"827\">Mit einem <strong data-start=\"694\" data-end=\"716\">Fassungsverm\u00f6gen von 5 ml<\/strong> bietet Ihnen dieser Pyrex eine <strong data-start=\"757\" data-end=\"782\">komfortable Autonomie<\/strong> und erm\u00f6glicht es Ihnen, die H\u00e4ufigkeit des Nachf\u00fcllens zu begrenzen.<\/p>\n<h3 data-section-id=\"1x8hmis\" data-start=\"829\" data-end=\"855\">\ud83d\udd27 Schneller Ersatz<\/h3>\n<p data-start=\"856\" data-end=\"905\">Der Wechsel des Tanks ist einfach und schnell:<\/p>\n<ol data-start=\"907\" data-end=\"1037\">\n<li data-section-id=\"euv3sq\" data-start=\"907\" data-end=\"936\">\n<p data-start=\"910\" data-end=\"936\">Nehmen Sie den Clearomizer ab<\/p>\n<\/li>\n<li data-section-id=\"1pva04e\" data-start=\"937\" data-end=\"968\">\n<p data-start=\"940\" data-end=\"968\">Entfernen Sie besch\u00e4digtes Pyrex<\/p>\n<\/li>\n<li data-section-id=\"1rrbxwh\" data-start=\"969\" data-end=\"1004\">\n<p data-start=\"972\" data-end=\"1004\">Installieren Sie den neuen Tank<\/p>\n<\/li>\n<li data-section-id=\"s7s03a\" data-start=\"1005\" data-end=\"1037\">\n<p data-start=\"1008\" data-end=\"1037\">Setzen Sie Ihren Clearomizer wieder zusammen<\/p>\n<\/li>\n<\/ol>\n<p data-start=\"1039\" data-end=\"1109\">In wenigen Augenblicken ist Ihr Tank wieder <strong data-start=\"1076\" data-end=\"1108\">wie neu und bereit zum Dampfen<\/strong>.<\/p>\n<h3 data-section-id=\"v3f4af\" data-start=\"1111\" data-end=\"1131\">\u26a0\ufe0f Kompatibilit\u00e4t<\/h3>\n<p data-start=\"1132\" data-end=\"1255\">Dieser Tank ist <strong data-start=\"1149\" data-end=\"1203\">ausschlie\u00dflich mit dem Geekvape Z Nano 3 kompatibel<\/strong> und eignet sich nicht f\u00fcr andere <strong data-start=\"1242\" data-end=\"1254\">Zeus \/ Z-Modelle<\/strong>.<\/p>\n","protected":false},"excerpt":{"rendered":"<p><strong data-start=\"1284\" data-end=\"1330\">Pyrex Ersatz<\/strong> tank <strong data-start=\"1284\" data-end=\"1330\">Geekvape Z Nano 3 &#8211; 5 ml<\/strong>: Ersatztank f\u00fcr <strong data-start=\"1364\" data-end=\"1385\">Geekvape Z Nano 3<\/strong>, Kapazit\u00e4t <strong data-start=\"1396\" data-end=\"1404\">5 ml<\/strong>, einfache Installation, um Ihren Clearomizer wieder in einen perfekten Zustand zu versetzen. \ud83d\udca8<\/p>\n","protected":false},"featured_media":475535,"comment_status":"closed","ping_status":"closed","template":"","meta":{"_acf_changed":false},"product_brand":[],"product_cat":[703,695],"product_tag":[],"class_list":{"0":"post-477573","1":"product","2":"type-product","3":"status-publish","4":"has-post-thumbnail","6":"product_cat-glaser","7":"product_cat-zubehor","9":"first","10":"instock","11":"taxable","12":"shipping-taxable","13":"purchasable","14":"product-type-simple"},"bundled_by":[],"bundle_stock_status":"instock","bundle_stock_quantity":8,"bundle_virtual":false,"bundle_layout":"","bundle_add_to_cart_form_location":"","bundle_editable_in_cart":false,"bundle_sold_individually_context":"","bundle_item_grouping":"","bundle_min_size":"","bundle_max_size":"","bundle_price":[],"bundled_items":[],"bundle_sell_ids":[],"acf":[],"_links":{"self":[{"href":"https:\/\/chezsmoke.ch\/de\/wp-json\/wp\/v2\/product\/477573","targetHints":{"allow":["GET"]}}],"collection":[{"href":"https:\/\/chezsmoke.ch\/de\/wp-json\/wp\/v2\/product"}],"about":[{"href":"https:\/\/chezsmoke.ch\/de\/wp-json\/wp\/v2\/types\/product"}],"replies":[{"embeddable":true,"href":"https:\/\/chezsmoke.ch\/de\/wp-json\/wp\/v2\/comments?post=477573"}],"wp:featuredmedia":[{"embeddable":true,"href":"https:\/\/chezsmoke.ch\/de\/wp-json\/wp\/v2\/media\/475535"}],"wp:attachment":[{"href":"https:\/\/chezsmoke.ch\/de\/wp-json\/wp\/v2\/media?parent=477573"}],"wp:term":[{"taxonomy":"product_brand","embeddable":true,"href":"https:\/\/chezsmoke.ch\/de\/wp-json\/wp\/v2\/product_brand?post=477573"},{"taxonomy":"product_cat","embeddable":true,"href":"https:\/\/chezsmoke.ch\/de\/wp-json\/wp\/v2\/product_cat?post=477573"},{"taxonomy":"product_tag","embeddable":true,"href":"https:\/\/chezsmoke.ch\/de\/wp-json\/wp\/v2\/product_tag?post=477573"}],"curies":[{"name":"wp","href":"https:\/\/api.w.org\/{rel}","templated":true}]}}