{"id":477574,"date":"2026-03-12T17:04:59","date_gmt":"2026-03-12T16:04:59","guid":{"rendered":"https:\/\/chezsmoke.ch\/produit\/geekvape-z-nano-3\/"},"modified":"2026-03-12T17:04:59","modified_gmt":"2026-03-12T16:04:59","slug":"geekvape-z-nano-3","status":"publish","type":"product","link":"https:\/\/chezsmoke.ch\/de\/produit\/geekvape-z-nano-3\/","title":{"rendered":"Geekvape Z Nano 3"},"content":{"rendered":"<h1 data-section-id=\"11ap0i3\" data-start=\"140\" data-end=\"178\">Geekvape Z Nano 3 &#8211; Clearomizer 5ml<\/h1>\n<p data-start=\"180\" data-end=\"244\">\ud83d\udca8 <strong data-start=\"183\" data-end=\"244\">Vielseitigkeit, Einfachheit und Leistung in einem einzigen Tank.<\/strong><\/p>\n<p data-start=\"246\" data-end=\"573\">Der <strong data-start=\"249\" data-end=\"270\">Geekvape Z Nano 3<\/strong> ist ein kompakter und leistungsstarker Clearomizer, der f\u00fcr ein <strong data-start=\"335\" data-end=\"369\">vielseitiges und schmackhaftes Dampfen<\/strong> im Alltag entwickelt wurde. Mit seinem <strong data-start=\"393\" data-end=\"423\">gro\u00dfz\u00fcgigen 5 ml Tank<\/strong>, der <strong data-start=\"429\" data-end=\"473\">&#8222;Push to Refill&#8220;-F\u00fcllung von oben<\/strong> und der <strong data-start=\"481\" data-end=\"516\">einstellbaren, auslaufsicheren Top-Airflow<\/strong> garantiert er einen einfachen, sauberen und effizienten Gebrauch. <\/p>\n<p data-start=\"575\" data-end=\"832\">Dieser robuste Tank aus rostfreiem <strong data-start=\"587\" data-end=\"607\">Stahl<\/strong> hat ein <strong data-start=\"636\" data-end=\"654\">elegantes Design<\/strong> und passt dank seiner <strong data-start=\"716\" data-end=\"725\">22 mm<\/strong> Basis problemlos in die meisten Boxen. Das <strong data-start=\"731\" data-end=\"763\">austauschbare 510er Drip Tip<\/strong> erm\u00f6glicht es Ihnen, Ihr Setup an Ihre Vorlieben anzupassen. <\/p>\n<h3 data-section-id=\"rsdt2n\" data-start=\"834\" data-end=\"871\">\ud83d\udd1d Schnelles und bequemes F\u00fcllen<\/h3>\n<p data-start=\"872\" data-end=\"1105\">Das <strong data-start=\"883\" data-end=\"901\">Push-to-Refill-System<\/strong> erm\u00f6glicht es, die Top-Cap mit einem einfachen Druck zu \u00f6ffnen, um den Tank einfach zu f\u00fcllen. Mit einem Fassungsverm\u00f6gen von <strong data-start=\"1009\" data-end=\"1017\">5 ml<\/strong> haben Sie eine <strong data-start=\"1034\" data-end=\"1062\">lange Rauchdauer<\/strong> und m\u00fcssen weniger oft nachf\u00fcllen. <\/p>\n<h3 data-section-id=\"1yqgtd5\" data-start=\"1107\" data-end=\"1142\">\ud83d\udca8 Auslaufsichere obere Airflow<\/h3>\n<p data-start=\"1143\" data-end=\"1294\">Die <strong data-start=\"1186\" data-end=\"1210\">einstellbare Top-Airflow<\/strong> befindet sich oben auf dem Clearomizer und begrenzt effektiv das Auslaufen. Er erm\u00f6glicht es Ihnen auch, den Zug genau einzustellen: <\/p>\n<ul data-start=\"1295\" data-end=\"1372\">\n<li data-section-id=\"17ufiha\" data-start=\"1295\" data-end=\"1319\">\n<p data-start=\"1297\" data-end=\"1319\">enger Zug <strong data-start=\"1310\" data-end=\"1317\">MTL<\/strong><\/p>\n<\/li>\n<li data-section-id=\"9qzdxi\" data-start=\"1320\" data-end=\"1348\">\n<p data-start=\"1322\" data-end=\"1348\">ausgeglichener Zug <strong data-start=\"1339\" data-end=\"1346\">RDL<\/strong><\/p>\n<\/li>\n<li data-section-id=\"1111vr4\" data-start=\"1349\" data-end=\"1372\">\n<p data-start=\"1351\" data-end=\"1372\"><strong data-start=\"1365\" data-end=\"1372\">DTL<\/strong> Luftzug<\/p>\n<\/li>\n<\/ul>\n<p><img loading=\"lazy\" decoding=\"async\" class=\"\" src=\"https:\/\/www.freevap.ch\/img\/cms\/Z%20Nano%203%20-%20Geekvape\/Z-nano-3-specs.jpg\" alt=\"Z Nano 3 Specs\" width=\"622\" height=\"373\"><\/p>\n<h3 data-section-id=\"1afpwmf\" data-start=\"1374\" data-end=\"1415\">\ud83d\udd27 Kompatibilit\u00e4t Widerst\u00e4nde B Series<\/h3>\n<p data-start=\"1416\" data-end=\"1553\">Der Z Nano 3 arbeitet mit den <strong data-start=\"1448\" data-end=\"1481\">Geekvape B Series Widerst\u00e4nden<\/strong>, die f\u00fcr ihre <strong data-start=\"1503\" data-end=\"1552\">Zuverl\u00e4ssigkeit und hervorragende Geschmackswiedergabe<\/strong> bekannt sind.<\/p>\n<p data-start=\"1555\" data-end=\"1577\">Widerst\u00e4nde enthalten :<\/p>\n<ul data-start=\"1578\" data-end=\"1691\">\n<li data-section-id=\"1qppuww\" data-start=\"1578\" data-end=\"1637\">\n<p data-start=\"1580\" data-end=\"1637\"><strong data-start=\"1580\" data-end=\"1597\">0.2\u03a9 (50-58W)<\/strong>: dichter Dampf und Luftzug (DTL)<\/p>\n<\/li>\n<li data-section-id=\"16ermko\" data-start=\"1638\" data-end=\"1691\">\n<p data-start=\"1640\" data-end=\"1691\"><strong data-start=\"1640\" data-end=\"1657\">0.4\u03a9 (25-35W)<\/strong>: Ausgewogenheit Dampf \/ Geschmack (RDL)<\/p>\n<\/li>\n<\/ul>\n<p data-start=\"1693\" data-end=\"1770\">Andere Werte sind verf\u00fcgbar, um das Dampfen an Ihre Vorlieben anzupassen.<\/p>\n<h3 data-section-id=\"1a8p1aw\" data-start=\"1772\" data-end=\"1808\">\u2b50 Warum sollten Sie sich f\u00fcr den Z Nano 3 entscheiden?<\/h3>\n<ul data-start=\"1809\" data-end=\"2024\">\n<li data-section-id=\"8a8105\" data-start=\"1809\" data-end=\"1848\">\n<p data-start=\"1811\" data-end=\"1848\"><strong data-start=\"1821\" data-end=\"1829\">5 ml<\/strong> Wassertank mit hoher Reichweite<\/p>\n<\/li>\n<li data-section-id=\"1tf3wq5\" data-start=\"1849\" data-end=\"1887\">\n<p data-start=\"1851\" data-end=\"1887\">Schnelle <strong data-start=\"1851\" data-end=\"1878\">Bef\u00fcllung von oben<\/strong> <\/p>\n<\/li>\n<li data-section-id=\"1bwl8it\" data-start=\"1888\" data-end=\"1927\">\n<p data-start=\"1890\" data-end=\"1927\">Einstellbare, <strong data-start=\"1890\" data-end=\"1916\">auslaufsichere Top-Airflow<\/strong> <\/p>\n<\/li>\n<li data-section-id=\"5yfqdn\" data-start=\"1928\" data-end=\"1967\">\n<p data-start=\"1930\" data-end=\"1967\">Kompatibel mit <strong data-start=\"1941\" data-end=\"1965\">Widerst\u00e4nden der B-Serie<\/strong><\/p>\n<\/li>\n<li data-section-id=\"1ff09hr\" data-start=\"1968\" data-end=\"1996\">\n<p data-start=\"1970\" data-end=\"1996\">Vape <strong data-start=\"1975\" data-end=\"1994\">MTL, RDL oder DTL<\/strong><\/p>\n<\/li>\n<li data-section-id=\"18em35f\" data-start=\"1997\" data-end=\"2024\">\n<p data-start=\"1999\" data-end=\"2024\">Robustes und elegantes Design<\/p>\n<\/li>\n<\/ul>\n<p data-start=\"2026\" data-end=\"2162\">Ein <strong data-start=\"2042\" data-end=\"2078\">einfacher, vielseitiger und leistungsstarker<\/strong> Clearomizer, perfekt f\u00fcr Dampfer, die <strong data-start=\"2119\" data-end=\"2161\">einen schmackhaften Dampf ohne Kopfzerbrechen<\/strong> wollen.<\/p>\n<h2 data-section-id=\"mtzyg\" data-start=\"2169\" data-end=\"2194\">\ud83d\udce6 Inhalt der Schachtel<\/h2>\n<ul data-start=\"2195\" data-end=\"2416\">\n<li data-section-id=\"1ajpcs\" data-start=\"2195\" data-end=\"2218\">\n<p data-start=\"2197\" data-end=\"2218\">1 \u00d7 Z Nano 3 (5 ml)<\/p>\n<\/li>\n<li data-section-id=\"1bt5jne\" data-start=\"2219\" data-end=\"2270\">\n<p data-start=\"2221\" data-end=\"2270\">1 \u00d7 Widerstand B Series <strong data-start=\"2245\" data-end=\"2253\">0.2\u03a9<\/strong> (vorinstalliert)<\/p>\n<\/li>\n<li data-section-id=\"1mh9aez\" data-start=\"2271\" data-end=\"2307\">\n<p data-start=\"2273\" data-end=\"2307\">1 \u00d7 Widerstand B Serie <strong data-start=\"2297\" data-end=\"2305\">0.4\u03a9<\/strong><\/p>\n<\/li>\n<li data-section-id=\"twi064\" data-start=\"2308\" data-end=\"2336\">\n<p data-start=\"2310\" data-end=\"2336\">1 \u00d7 Ersatz-Drip Tip<\/p>\n<\/li>\n<li data-section-id=\"zuv1o8\" data-start=\"2337\" data-end=\"2362\">\n<p data-start=\"2339\" data-end=\"2362\">1 \u00d7 Ersatz-Pyrex<\/p>\n<\/li>\n<li data-section-id=\"1rs6u4n\" data-start=\"2363\" data-end=\"2387\">\n<p data-start=\"2365\" data-end=\"2387\">1 \u00d7 Widerstandsschl\u00fcssel<\/p>\n<\/li>\n<li data-section-id=\"1lo49xq\" data-start=\"2388\" data-end=\"2416\">\n<p data-start=\"2390\" data-end=\"2416\">1 \u00d7 Benutzerhandbuch<\/p>\n<\/li>\n<\/ul>\n","protected":false},"excerpt":{"rendered":"<p><strong data-start=\"2445\" data-end=\"2466\">Geekvape Z Nano 3<\/strong>: <strong data-start=\"2482\" data-end=\"2501\">Vielseitiger 5 ml<\/strong> Clearomizer mit <strong data-start=\"2507\" data-end=\"2534\">Top-F\u00fcllung<\/strong>, <strong data-start=\"2536\" data-end=\"2562\">auslaufsicherer Top-Airflow<\/strong> und <strong data-start=\"2580\" data-end=\"2604\">B Series Widerstandskompatibilit\u00e4t<\/strong> f\u00fcr einfaches und schmackhaftes <strong data-start=\"2619\" data-end=\"2638\">MTL, RDL oder DTL D<\/strong> ampfen. \ud83d\udca8<\/p>\n","protected":false},"featured_media":475501,"comment_status":"closed","ping_status":"closed","template":"","meta":{"_acf_changed":false},"product_brand":[],"product_cat":[726,707,687],"product_tag":[],"class_list":{"0":"post-477574","1":"product","2":"type-product","3":"status-publish","4":"has-post-thumbnail","6":"product_cat-geek-dampfen","7":"product_cat-neuheiten","8":"product_cat-tanks-de","9":"pa_couleur-black-de","10":"pa_couleur-blue-de","11":"pa_couleur-rainbow-de","12":"pa_couleur-silver-de","14":"first","15":"instock","16":"taxable","17":"shipping-taxable","18":"purchasable","19":"product-type-variable"},"bundled_by":[],"bundle_stock_status":"instock","bundle_stock_quantity":null,"bundle_virtual":false,"bundle_layout":"","bundle_add_to_cart_form_location":"","bundle_editable_in_cart":false,"bundle_sold_individually_context":"","bundle_item_grouping":"","bundle_min_size":"","bundle_max_size":"","bundle_price":[],"bundled_items":[],"bundle_sell_ids":[],"acf":[],"_links":{"self":[{"href":"https:\/\/chezsmoke.ch\/de\/wp-json\/wp\/v2\/product\/477574","targetHints":{"allow":["GET"]}}],"collection":[{"href":"https:\/\/chezsmoke.ch\/de\/wp-json\/wp\/v2\/product"}],"about":[{"href":"https:\/\/chezsmoke.ch\/de\/wp-json\/wp\/v2\/types\/product"}],"replies":[{"embeddable":true,"href":"https:\/\/chezsmoke.ch\/de\/wp-json\/wp\/v2\/comments?post=477574"}],"wp:featuredmedia":[{"embeddable":true,"href":"https:\/\/chezsmoke.ch\/de\/wp-json\/wp\/v2\/media\/475501"}],"wp:attachment":[{"href":"https:\/\/chezsmoke.ch\/de\/wp-json\/wp\/v2\/media?parent=477574"}],"wp:term":[{"taxonomy":"product_brand","embeddable":true,"href":"https:\/\/chezsmoke.ch\/de\/wp-json\/wp\/v2\/product_brand?post=477574"},{"taxonomy":"product_cat","embeddable":true,"href":"https:\/\/chezsmoke.ch\/de\/wp-json\/wp\/v2\/product_cat?post=477574"},{"taxonomy":"product_tag","embeddable":true,"href":"https:\/\/chezsmoke.ch\/de\/wp-json\/wp\/v2\/product_tag?post=477574"}],"curies":[{"name":"wp","href":"https:\/\/api.w.org\/{rel}","templated":true}]}}